{"id":10271,"date":"2022-05-17T12:04:28","date_gmt":"2022-05-17T16:04:28","guid":{"rendered":"https:\/\/muniteodoro.cl\/portal\/?page_id=10271"},"modified":"2025-07-10T09:41:56","modified_gmt":"2025-07-10T13:41:56","slug":"traslado-o-pago-permiso-de-circulacion-teodoro-schmidt","status":"publish","type":"page","link":"https:\/\/muniteodoro.cl\/portal\/traslado-o-pago-permiso-de-circulacion-teodoro-schmidt\/","title":{"rendered":"TRASLADO  O PAGO PERMISO DE CIRCULACI\u00d3N TEODORO SCHMIDT"},"content":{"rendered":"<h3>PAGO PERMISO DE CIRCULACI\u00d3N \u00abPAGO WEB\u00bb<\/h3>\n<p>Para realizar el pago el permiso de circulaci\u00f3n, haga <a href=\"https:\/\/portalpagos.smc.cl\/TEODORO\/PV\/Login\" target=\"_blank\" rel=\"noopener\"><strong>click<\/strong> <strong>aqu\u00ed<\/strong><\/a>, o en la siguiente imagen.<\/p>\n<h3><a href=\"https:\/\/portalpagos.smc.cl\/TEODORO\/PV\/Login\" target=\"_blank\" rel=\"noopener\"><img fetchpriority=\"high\" decoding=\"async\" class=\"aligncenter wp-image-19400 size-full\" src=\"https:\/\/muniteodoro.cl\/portal\/wp-content\/uploads\/2025\/07\/Captura-de-pantalla-2025-07-10-093736.png\" alt=\"\" width=\"404\" height=\"609\" srcset=\"https:\/\/muniteodoro.cl\/portal\/wp-content\/uploads\/2025\/07\/Captura-de-pantalla-2025-07-10-093736.png 404w, https:\/\/muniteodoro.cl\/portal\/wp-content\/uploads\/2025\/07\/Captura-de-pantalla-2025-07-10-093736-199x300.png 199w\" sizes=\"(max-width: 404px) 100vw, 404px\" \/><\/a><\/h3>\n<p><em>en caso de que patente no registre o sea la primera vez que realiza un pago en Teodoro Schmidt, realizar tramite \u00abTraslado patente vehicular\u00bb<\/em><\/p>\n<hr \/>\n<h3>TRASLADO PATENTE VEHICULAR<\/h3>\n<p>Para realizar el traslado de la inscripci\u00f3n de su veh\u00edculo y cancelar el permiso de circulaci\u00f3n en la Municipalidad de Teodoro Schmidt, por internet, de enviar sus datos y documentaci\u00f3n en el siguiente formulario.<\/p>\n<p><a href=\"https:\/\/docs.google.com\/forms\/d\/e\/1FAIpQLSc-97Yt9tfL8zJU8F3du9dyqEgzn9f3VW9lvpGcGQLqUNZ4zA\/viewform\" target=\"_blank\" rel=\"noopener\"><img decoding=\"async\" class=\"aligncenter size-full wp-image-15828\" src=\"https:\/\/muniteodoro.cl\/portal\/wp-content\/uploads\/2023\/03\/TrasladodePatente.png\" alt=\"\" width=\"583\" height=\"221\" srcset=\"https:\/\/muniteodoro.cl\/portal\/wp-content\/uploads\/2023\/03\/TrasladodePatente.png 583w, https:\/\/muniteodoro.cl\/portal\/wp-content\/uploads\/2023\/03\/TrasladodePatente-300x114.png 300w\" sizes=\"(max-width: 583px) 100vw, 583px\" \/><\/a><\/p>\n<p>\ud83d\udccc Ultimo Permiso de circulaci\u00f3n pagado.<\/p>\n<p>\ud83d\udccc Certificado de Inscripci\u00f3n <em>(Padr\u00f3n)<\/em> o solicitud de Inscripci\u00f3n, ambos del Registro Civil <em>(en caso de Cambio de nombre de propietario).<\/em><\/p>\n<p>\ud83d\udccc Factura de compra, si el veh\u00edculo es de este a\u00f1o o del a\u00f1o anterior.<\/p>\n<p>Una vez verificado los antecedentes se le notificar\u00e1 a su correo para que proceda a efectuar el pago.<\/p>\n","protected":false},"excerpt":{"rendered":"<p>PAGO PERMISO DE CIRCULACI\u00d3N \u00abPAGO WEB\u00bb Para realizar el pago el permiso de circulaci\u00f3n, haga click aqu\u00ed, o en la siguiente imagen. en caso de que patente no registre o sea la primera vez que realiza un pago en Teodoro Schmidt, realizar tramite \u00abTraslado patente vehicular\u00bb TRASLADO PATENTE VEHICULAR Para realizar el traslado de la [&hellip;]<\/p>\n","protected":false},"author":5,"featured_media":10279,"parent":0,"menu_order":0,"comment_status":"closed","ping_status":"closed","template":"","meta":{"xn-wppe-expiration":[],"xn-wppe-expiration-action":[],"xn-wppe-expiration-prefix":[],"footnotes":""},"class_list":["post-10271","page","type-page","status-publish","has-post-thumbnail","hentry"],"publishpress_future_action":{"enabled":false,"date":"2026-04-20 05:58:02","action":"change-status","newStatus":"draft","terms":[],"taxonomy":"","extraData":[]},"publishpress_future_workflow_manual_trigger":{"enabledWorkflows":[]},"_links":{"self":[{"href":"https:\/\/muniteodoro.cl\/portal\/wp-json\/wp\/v2\/pages\/10271","targetHints":{"allow":["GET"]}}],"collection":[{"href":"https:\/\/muniteodoro.cl\/portal\/wp-json\/wp\/v2\/pages"}],"about":[{"href":"https:\/\/muniteodoro.cl\/portal\/wp-json\/wp\/v2\/types\/page"}],"author":[{"embeddable":true,"href":"https:\/\/muniteodoro.cl\/portal\/wp-json\/wp\/v2\/users\/5"}],"replies":[{"embeddable":true,"href":"https:\/\/muniteodoro.cl\/portal\/wp-json\/wp\/v2\/comments?post=10271"}],"version-history":[{"count":18,"href":"https:\/\/muniteodoro.cl\/portal\/wp-json\/wp\/v2\/pages\/10271\/revisions"}],"predecessor-version":[{"id":19404,"href":"https:\/\/muniteodoro.cl\/portal\/wp-json\/wp\/v2\/pages\/10271\/revisions\/19404"}],"wp:featuredmedia":[{"embeddable":true,"href":"https:\/\/muniteodoro.cl\/portal\/wp-json\/wp\/v2\/media\/10279"}],"wp:attachment":[{"href":"https:\/\/muniteodoro.cl\/portal\/wp-json\/wp\/v2\/media?parent=10271"}],"curies":[{"name":"wp","href":"https:\/\/api.w.org\/{rel}","templated":true}]}}