{"id":1229,"date":"2017-08-22T12:59:30","date_gmt":"2017-08-22T16:59:30","guid":{"rendered":"http:\/\/muniteodoro.cl\/portal\/?page_id=1229"},"modified":"2025-02-07T11:08:15","modified_gmt":"2025-02-07T14:08:15","slug":"direccion-de-medio-ambiente-aseo-y-ornato","status":"publish","type":"page","link":"https:\/\/muniteodoro.cl\/portal\/direccion-de-medio-ambiente-aseo-y-ornato\/","title":{"rendered":"DIRECCI\u00d3N DE MEDIO AMBIENTE, ASEO Y ORNATO"},"content":{"rendered":"<h4><img fetchpriority=\"high\" decoding=\"async\" class=\"aligncenter size-large wp-image-10919\" src=\"https:\/\/muniteodoro.cl\/portal\/wp-content\/uploads\/2022\/07\/FOTOS-DIRECTORES-WEB-10-1024x576.png\" alt=\"\" width=\"1024\" height=\"576\" srcset=\"https:\/\/muniteodoro.cl\/portal\/wp-content\/uploads\/2022\/07\/FOTOS-DIRECTORES-WEB-10-1024x576.png 1024w, https:\/\/muniteodoro.cl\/portal\/wp-content\/uploads\/2022\/07\/FOTOS-DIRECTORES-WEB-10-300x169.png 300w, https:\/\/muniteodoro.cl\/portal\/wp-content\/uploads\/2022\/07\/FOTOS-DIRECTORES-WEB-10-768x432.png 768w, https:\/\/muniteodoro.cl\/portal\/wp-content\/uploads\/2022\/07\/FOTOS-DIRECTORES-WEB-10-1536x864.png 1536w, https:\/\/muniteodoro.cl\/portal\/wp-content\/uploads\/2022\/07\/FOTOS-DIRECTORES-WEB-10-2048x1152.png 2048w, https:\/\/muniteodoro.cl\/portal\/wp-content\/uploads\/2022\/07\/FOTOS-DIRECTORES-WEB-10-660x371.png 660w\" sizes=\"(max-width: 1024px) 100vw, 1024px\" \/><\/h4>\n<h4>Evelyn V\u00e1squez Estrada<br \/>\n<em><span lang=\"es-ES\">Directora Medio Ambiente, Aseo y Ornato<\/span><\/em><\/h4>\n<h4>\ud83d\udcde +452922716<br \/>\n<span lang=\"es-ES\">\ud83d\udce7 direccionmao@muniteodoro.cl<\/span><\/h4>\n<hr \/>\n<p style=\"text-align: left;\"><span style=\"color: #000000;\">La <strong>Direcci\u00f3n de Medio Ambiente, Aseo y Ornato<\/strong> tendr\u00e1 como objetivo procurar la limpieza de los espacios p\u00fablicos, la adecuada recolecci\u00f3n y disposici\u00f3n de las basuras, la creaci\u00f3n y mantenci\u00f3n de \u00e1reas verdes, y la contribuci\u00f3n al mejoramiento del medio ambiente de la comuna.<\/span><br \/>\n<span style=\"color: #000000;\"> Para dar cumplimiento a los dispuesto en el Articulo anterior, a la Direcci\u00f3n de Medio Ambiente, Aseo y Ornato le corresponder\u00e1 velar por:<\/span><\/p>\n<p style=\"text-align: left;\"><span style=\"color: #000000;\">\u2022 El aseo de las v\u00edas p\u00fablicas, parques, plazas, jardines, y en general, de los bienes municipales y nacionales de uso p\u00fablico existentes en la comuna.<\/span><\/p>\n<p><span style=\"color: #000000;\">\u2022 El servicio de extracci\u00f3n y disposici\u00f3n final de la basura p\u00fablica y domiciliaria.<\/span><\/p>\n<p><span style=\"color: #000000;\">\u2022 La construcci\u00f3n, conservaci\u00f3n y administraci\u00f3n de las \u00e1reas verdes de la comuna.<\/span><\/p>\n<p><span style=\"color: #000000;\">\u2022 Proponer y ejecutar medidas tendientes a sus materializar acciones y programas relacionados con el medio ambiente.<\/span><\/p>\n<p><span style=\"color: #000000;\">\u2022 Crear y aplicar normas ambientales.<\/span><\/p>\n<p><span style=\"color: #000000;\">\u2022 Limpieza de sumideros de agua lluvias, acequias y canales existentes en las v\u00edas p\u00fablicas.<\/span><\/p>\n<p><span style=\"color: #000000;\">\u2022 Realizar labores inspectivas en lo que dice relaci\u00f3n con escombros en la v\u00eda p\u00fablica, por ejecuci\u00f3n de obras y microbasurales.<\/span><\/p>\n<p><span style=\"color: #000000;\">\u2022 Estudiar y proponer proyectos de forestaci\u00f3n de \u00e1reas verdes de la comuna en conjunto con otras unidades municipales.<\/span><\/p>\n<p><span style=\"color: #000000;\">\u2022 Crear y aplicar la normativa municipal de aseo y ornato comunal.<\/span><\/p>\n<p><span style=\"color: #000000;\">\u2022 Generar iniciativas que conserven la conservaci\u00f3n del medio ambiente.<\/span><\/p>\n","protected":false},"excerpt":{"rendered":"<p>Evelyn V\u00e1squez Estrada Directora Medio Ambiente, Aseo y Ornato \ud83d\udcde +452922716 \ud83d\udce7 direccionmao@muniteodoro.cl La Direcci\u00f3n de Medio Ambiente, Aseo y Ornato tendr\u00e1 como objetivo procurar la limpieza de los espacios p\u00fablicos, la adecuada recolecci\u00f3n y disposici\u00f3n de las basuras, la creaci\u00f3n y mantenci\u00f3n de \u00e1reas verdes, y la contribuci\u00f3n al mejoramiento del medio ambiente de [&hellip;]<\/p>\n","protected":false},"author":1,"featured_media":18831,"parent":0,"menu_order":0,"comment_status":"closed","ping_status":"closed","template":"","meta":{"xn-wppe-expiration":[],"xn-wppe-expiration-action":[],"xn-wppe-expiration-prefix":[],"footnotes":""},"class_list":["post-1229","page","type-page","status-publish","has-post-thumbnail","hentry"],"publishpress_future_action":{"enabled":false,"date":"2026-04-25 03:53:37","action":"change-status","newStatus":"draft","terms":[],"taxonomy":"","extraData":[]},"publishpress_future_workflow_manual_trigger":{"enabledWorkflows":[]},"_links":{"self":[{"href":"https:\/\/muniteodoro.cl\/portal\/wp-json\/wp\/v2\/pages\/1229","targetHints":{"allow":["GET"]}}],"collection":[{"href":"https:\/\/muniteodoro.cl\/portal\/wp-json\/wp\/v2\/pages"}],"about":[{"href":"https:\/\/muniteodoro.cl\/portal\/wp-json\/wp\/v2\/types\/page"}],"author":[{"embeddable":true,"href":"https:\/\/muniteodoro.cl\/portal\/wp-json\/wp\/v2\/users\/1"}],"replies":[{"embeddable":true,"href":"https:\/\/muniteodoro.cl\/portal\/wp-json\/wp\/v2\/comments?post=1229"}],"version-history":[{"count":11,"href":"https:\/\/muniteodoro.cl\/portal\/wp-json\/wp\/v2\/pages\/1229\/revisions"}],"predecessor-version":[{"id":17607,"href":"https:\/\/muniteodoro.cl\/portal\/wp-json\/wp\/v2\/pages\/1229\/revisions\/17607"}],"wp:featuredmedia":[{"embeddable":true,"href":"https:\/\/muniteodoro.cl\/portal\/wp-json\/wp\/v2\/media\/18831"}],"wp:attachment":[{"href":"https:\/\/muniteodoro.cl\/portal\/wp-json\/wp\/v2\/media?parent=1229"}],"curies":[{"name":"wp","href":"https:\/\/api.w.org\/{rel}","templated":true}]}}