{"id":16244,"date":"2023-05-12T12:28:26","date_gmt":"2023-05-12T16:28:26","guid":{"rendered":"https:\/\/muniteodoro.cl\/portal\/?page_id=16244"},"modified":"2024-11-18T15:30:22","modified_gmt":"2024-11-18T18:30:22","slug":"seguridad-publica","status":"publish","type":"page","link":"https:\/\/muniteodoro.cl\/portal\/seguridad-publica\/","title":{"rendered":"SEGURIDAD P\u00daBLICA     &nbsp; &nbsp; &nbsp;"},"content":{"rendered":"<p><a href=\"https:\/\/docs.google.com\/forms\/d\/e\/1FAIpQLSdS5VszQlJuJoLImQllSLRPDFxCcOSQR-ksC0QV2iLycnd_OA\/viewform\"><img fetchpriority=\"high\" decoding=\"async\" class=\"aligncenter wp-image-16753 size-full\" src=\"https:\/\/muniteodoro.cl\/portal\/wp-content\/uploads\/2023\/08\/BANNER-WEB-DENUNCIA-SEGURO-MUNICIPAL-01.png\" alt=\"\" width=\"660\" height=\"218\" srcset=\"https:\/\/muniteodoro.cl\/portal\/wp-content\/uploads\/2023\/08\/BANNER-WEB-DENUNCIA-SEGURO-MUNICIPAL-01.png 660w, https:\/\/muniteodoro.cl\/portal\/wp-content\/uploads\/2023\/08\/BANNER-WEB-DENUNCIA-SEGURO-MUNICIPAL-01-300x99.png 300w\" sizes=\"(max-width: 660px) 100vw, 660px\" \/><\/a><\/p>\n<h4>Permite realizar una\u00a0<strong>denuncia an\u00f3nima y gratuita <\/strong>para entregar informaci\u00f3n relevante sobre lugares y personas involucradas en hechos delictivos, la que ser\u00e1 evaluada por un equipo especializado y posteriormente, derivada al Ministerio P\u00fablico para que inicie o complemente una investigaci\u00f3n.<\/h4>\n<p>Puede entregar <strong>antecedentes relacionados con<\/strong>:<\/p>\n<p><strong>\u2022 Tr\u00e1fico y micro tr\u00e1fico de drogas.<br \/>\n<\/strong><strong>\u2022 Maltrato animal.<br \/>\n<\/strong><strong>\u2022 Robo y receptaci\u00f3n de especies.<br \/>\n<\/strong>\u2022 Trata de personas y tr\u00e1fico de inmigrantes.<br \/>\n\u2022 Delitos sexuales contra menores.<br \/>\n\u2022 Pr\u00f3fugos de la justicia.<br \/>\n\u2022 Tr\u00e1fico o tenencia de armas.<br \/>\n\u2022 Falsificaci\u00f3n o adulteraci\u00f3n de placa patente vehicular (solo denuncia web).<br \/>\n\u2022 Infracci\u00f3n a la Ley de Propiedad Intelectual, Otros delitos<\/p>\n<hr \/>\n<p><strong><br \/>\nMATERIA PARA DESCARGAR <span class=\"x1xsqp64 xiy17q3 x1o6pynw x19co3pv xdj266r xcwd3tp xat24cr x39eecv x2b8uid\" data-testid=\"emoji\"><span class=\"xexx8yu xn5pp95 x18d9i69 x2fxd7x x1yqt14a x1bhl96m\">\ud83d\udd87<\/span><\/span><br \/>\n<\/strong>\u2022 Plan comunal de Seguridad P\u00fablica 2022 &#8211; 2025 <b>\u00a1Desc\u00e1rgalo\u00a0<\/b><a style=\"font-weight: bold;\" href=\"https:\/\/muniteodoro.cl\/portal\/wp-content\/uploads\/2023\/05\/PLAN-COMUNAL-SEGURIDAD-PUBLICA-2022-2025-1.pdf\">aqu\u00ed!<\/a><br \/>\n\u2022 Plan Comunal 2018 &#8211; 2021 Actualizado <b>\u00a1Desc\u00e1rgalo\u00a0<\/b><a style=\"font-weight: bold;\" href=\"https:\/\/muniteodoro.cl\/portal\/wp-content\/uploads\/2023\/05\/PLAN-COMUNAL-2018-2021-ACTUALIZADO-2021-OK.pdf\">aqu\u00ed<\/a><b>!<br \/>\n<\/b>\u2022 Plan Comunal de Seguridad 2018 &#8211; 2021 <strong>\u00a1Desc\u00e1rgalo <a href=\"https:\/\/muniteodoro.cl\/portal\/wp-content\/uploads\/2023\/05\/PLAN-COMUNAL-DE-SEGURIDAD-2018-2021-T_SCHMIDT.pdf\">aqu\u00ed<\/a>!<\/strong><\/p>\n<p>\u2022 Evaluaci\u00f3n actividades Plan seguridad a Diciembre 2023 <strong>\u00a1Desc\u00e1rgalo <a href=\"https:\/\/muniteodoro.cl\/portal\/wp-content\/uploads\/2024\/11\/evaluacion-actividades-Plan-seguridad-a-Diciembre-2023.pdf\">aqu\u00ed<\/a>!<br \/>\n<\/strong>\u2022 Evaluaci\u00f3n actividades Plan seguridad &#8211; Datos anual 2022 <strong>\u00a1Desc\u00e1rgalo <a href=\"https:\/\/muniteodoro.cl\/portal\/wp-content\/uploads\/2024\/11\/evaluacion-actividades-Plan-seguridad-DATOS-anual-2022.pdf\">aqu\u00ed<\/a>!<\/strong><\/p>\n<p>\u2022 Informe 2023 Gesti\u00f3n &#8211; Plan Comunal Seguridad Publica <strong>\u00a1Desc\u00e1rgalo <a href=\"https:\/\/muniteodoro.cl\/portal\/wp-content\/uploads\/2024\/11\/informe-2023-Gestion-Plan-Comunal-Seguridad-Publica.pdf\">aqu\u00ed<\/a>!<br \/>\n<\/strong>\u2022 Informe 2022 Gesti\u00f3n &#8211;\u00a0 Plan Comunal Seguridad Publica\u00a0 <strong>\u00a1Desc\u00e1rgalo <a href=\"https:\/\/muniteodoro.cl\/portal\/wp-content\/uploads\/2024\/11\/informe-Plan-Comunal-Seguridad-Publica_Gestion-2022.pdf\">aqu\u00ed<\/a>!<br \/>\n<\/strong>\u2022 Informe 2021 Gesti\u00f3n &#8211;\u00a0 Plan Comunal Seguridad Publica <b>\u00a1Desc\u00e1rgalo\u00a0<\/b><a style=\"font-weight: bold;\" href=\"https:\/\/muniteodoro.cl\/portal\/wp-content\/uploads\/2023\/06\/INFORME-SEGURIDAD-PUBLICA-diciembre-2021-1.pdf\">aqu\u00ed!<\/a><\/p>\n","protected":false},"excerpt":{"rendered":"<p>Permite realizar una\u00a0denuncia an\u00f3nima y gratuita para entregar informaci\u00f3n relevante sobre lugares y personas involucradas en hechos delictivos, la que ser\u00e1 evaluada por un equipo especializado y posteriormente, derivada al Ministerio P\u00fablico para que inicie o complemente una investigaci\u00f3n. Puede entregar antecedentes relacionados con: \u2022 Tr\u00e1fico y micro tr\u00e1fico de drogas. \u2022 Maltrato animal. \u2022 [&hellip;]<\/p>\n","protected":false},"author":5,"featured_media":16245,"parent":0,"menu_order":0,"comment_status":"closed","ping_status":"closed","template":"","meta":{"xn-wppe-expiration":[],"xn-wppe-expiration-action":[],"xn-wppe-expiration-prefix":[],"footnotes":""},"class_list":["post-16244","page","type-page","status-publish","has-post-thumbnail","hentry"],"publishpress_future_action":{"enabled":false,"date":"2026-04-11 03:43:05","action":"change-status","newStatus":"draft","terms":[],"taxonomy":"","extraData":[]},"publishpress_future_workflow_manual_trigger":{"enabledWorkflows":[]},"_links":{"self":[{"href":"https:\/\/muniteodoro.cl\/portal\/wp-json\/wp\/v2\/pages\/16244","targetHints":{"allow":["GET"]}}],"collection":[{"href":"https:\/\/muniteodoro.cl\/portal\/wp-json\/wp\/v2\/pages"}],"about":[{"href":"https:\/\/muniteodoro.cl\/portal\/wp-json\/wp\/v2\/types\/page"}],"author":[{"embeddable":true,"href":"https:\/\/muniteodoro.cl\/portal\/wp-json\/wp\/v2\/users\/5"}],"replies":[{"embeddable":true,"href":"https:\/\/muniteodoro.cl\/portal\/wp-json\/wp\/v2\/comments?post=16244"}],"version-history":[{"count":22,"href":"https:\/\/muniteodoro.cl\/portal\/wp-json\/wp\/v2\/pages\/16244\/revisions"}],"predecessor-version":[{"id":18496,"href":"https:\/\/muniteodoro.cl\/portal\/wp-json\/wp\/v2\/pages\/16244\/revisions\/18496"}],"wp:featuredmedia":[{"embeddable":true,"href":"https:\/\/muniteodoro.cl\/portal\/wp-json\/wp\/v2\/media\/16245"}],"wp:attachment":[{"href":"https:\/\/muniteodoro.cl\/portal\/wp-json\/wp\/v2\/media?parent=16244"}],"curies":[{"name":"wp","href":"https:\/\/api.w.org\/{rel}","templated":true}]}}