{"id":16452,"date":"2023-06-05T17:03:43","date_gmt":"2023-06-05T21:03:43","guid":{"rendered":"https:\/\/muniteodoro.cl\/portal\/?page_id=16452"},"modified":"2025-04-23T16:01:57","modified_gmt":"2025-04-23T20:01:57","slug":"cuentas-publicas-municipalidad-de-teodoro-schmidt","status":"publish","type":"page","link":"https:\/\/muniteodoro.cl\/portal\/cuentas-publicas-municipalidad-de-teodoro-schmidt\/","title":{"rendered":"CUENTAS PUBLICAS &#8211; MUNICIPALIDAD DE TEODORO SCHMIDT     &nbsp; &nbsp; &nbsp;"},"content":{"rendered":"<p>La <strong>Cuenta P\u00fablica<\/strong> es un instrumento mediante el cual la primera autoridad comunal da cuenta a los vecinos, los Concejales y a los miembros del Consejo Comunal, sobre la labor realizada por la Municipalidad durante el \u00faltimo a\u00f1o y la marcha general del municipio.<\/p>\n<p>Enmarcada en el art\u00edculo 67 de la Ley 18.695 Org\u00e1nica Constitucional de Municipalidades, la Cuenta P\u00fablica se debe realizar a m\u00e1s tardar en el mes de abril de cada a\u00f1o.<\/p>\n<h4><a href=\"https:\/\/muniteodoro.cl\/portal\/wp-content\/uploads\/2025\/04\/CUENTA-PUBLICA-2024.pdf\"><strong>Resumen Cuenta P\u00fablica &#8211; a\u00f1o 2024<\/strong><\/a><\/h4>\n<p><a href=\"https:\/\/muniteodoro.cl\/portal\/wp-content\/uploads\/2024\/05\/CUENTA-PUBLICA-2023-PDF.pdf\"><strong>Resumen Cuenta P\u00fablica &#8211; a\u00f1o 2023<\/strong><\/a><\/p>\n<p><a href=\"https:\/\/muniteodoro.cl\/portal\/wp-content\/uploads\/2023\/06\/Cuenta-Publica-2022.pdf\"><strong>Resumen Cuenta P\u00fablica &#8211; a\u00f1o 2022<\/strong><\/a><\/p>\n<p><a href=\"https:\/\/muniteodoro.cl\/portal\/wp-content\/uploads\/2023\/06\/Cuenta-Publica-2021.pdf\"><strong>Resumen Cuenta P\u00fablica &#8211; a\u00f1o 2021<\/strong><\/a><\/p>\n<p><a href=\"https:\/\/muniteodoro.cl\/portal\/wp-content\/uploads\/2023\/06\/Cuenta-Publica-2020.pdf\"><strong>Resumen Cuenta P\u00fablica &#8211; a\u00f1o 2020<\/strong><\/a><\/p>\n<p><a href=\"https:\/\/muniteodoro.cl\/portal\/wp-content\/uploads\/2023\/06\/Cuenta-Publica-2019.pdf\"><strong>Resumen Cuenta P\u00fablica &#8211; a\u00f1o 2019<\/strong><\/a><\/p>\n<p><a href=\"https:\/\/muniteodoro.cl\/portal\/wp-content\/uploads\/2023\/06\/Cuenta-Publica-2018.pdf\"><strong>Resumen Cuenta P\u00fablica &#8211; a\u00f1o 2018<\/strong><\/a><\/p>\n<p><a href=\"https:\/\/muniteodoro.cl\/portal\/wp-content\/uploads\/2023\/06\/Cuenta-Publica-2017.pdf\"><strong>Resumen Cuenta P\u00fablica &#8211; a\u00f1o 2017<\/strong><\/a><\/p>\n<p><a href=\"https:\/\/muniteodoro.cl\/portal\/wp-content\/uploads\/2023\/06\/Cuenta-Publica-2016.pdf\"><strong>Resumen Cuenta P\u00fablica &#8211; a\u00f1o 2016<\/strong><\/a><\/p>\n","protected":false},"excerpt":{"rendered":"<p>La Cuenta P\u00fablica es un instrumento mediante el cual la primera autoridad comunal da cuenta a los vecinos, los Concejales y a los miembros del Consejo Comunal, sobre la labor realizada por la Municipalidad durante el \u00faltimo a\u00f1o y la marcha general del municipio. Enmarcada en el art\u00edculo 67 de la Ley 18.695 Org\u00e1nica Constitucional [&hellip;]<\/p>\n","protected":false},"author":5,"featured_media":16450,"parent":0,"menu_order":0,"comment_status":"closed","ping_status":"closed","template":"","meta":{"xn-wppe-expiration":[],"xn-wppe-expiration-action":[],"xn-wppe-expiration-prefix":[],"footnotes":""},"class_list":["post-16452","page","type-page","status-publish","has-post-thumbnail","hentry"],"publishpress_future_action":{"enabled":false,"date":"2026-04-19 06:48:47","action":"change-status","newStatus":"draft","terms":[],"taxonomy":"","extraData":[]},"publishpress_future_workflow_manual_trigger":{"enabledWorkflows":[]},"_links":{"self":[{"href":"https:\/\/muniteodoro.cl\/portal\/wp-json\/wp\/v2\/pages\/16452","targetHints":{"allow":["GET"]}}],"collection":[{"href":"https:\/\/muniteodoro.cl\/portal\/wp-json\/wp\/v2\/pages"}],"about":[{"href":"https:\/\/muniteodoro.cl\/portal\/wp-json\/wp\/v2\/types\/page"}],"author":[{"embeddable":true,"href":"https:\/\/muniteodoro.cl\/portal\/wp-json\/wp\/v2\/users\/5"}],"replies":[{"embeddable":true,"href":"https:\/\/muniteodoro.cl\/portal\/wp-json\/wp\/v2\/comments?post=16452"}],"version-history":[{"count":8,"href":"https:\/\/muniteodoro.cl\/portal\/wp-json\/wp\/v2\/pages\/16452\/revisions"}],"predecessor-version":[{"id":19124,"href":"https:\/\/muniteodoro.cl\/portal\/wp-json\/wp\/v2\/pages\/16452\/revisions\/19124"}],"wp:featuredmedia":[{"embeddable":true,"href":"https:\/\/muniteodoro.cl\/portal\/wp-json\/wp\/v2\/media\/16450"}],"wp:attachment":[{"href":"https:\/\/muniteodoro.cl\/portal\/wp-json\/wp\/v2\/media?parent=16452"}],"curies":[{"name":"wp","href":"https:\/\/api.w.org\/{rel}","templated":true}]}}