{"id":16583,"date":"2023-07-03T16:18:35","date_gmt":"2023-07-03T20:18:35","guid":{"rendered":"https:\/\/muniteodoro.cl\/portal\/?page_id=16583"},"modified":"2025-11-10T15:40:04","modified_gmt":"2025-11-10T18:40:04","slug":"direccion-de-gstion-de-riesgos-de-desastres","status":"publish","type":"page","link":"https:\/\/muniteodoro.cl\/portal\/direccion-de-gstion-de-riesgos-de-desastres\/","title":{"rendered":"DIRECCION DE GESTION DE RIESGOS DE DESASTRES"},"content":{"rendered":"<h4><img fetchpriority=\"high\" decoding=\"async\" class=\"aligncenter size-large wp-image-16615\" src=\"https:\/\/muniteodoro.cl\/portal\/wp-content\/uploads\/2023\/07\/FOTO-DIRECTO-RIESGO-Y-DESASTRES-01-1024x576.png\" alt=\"\" width=\"1024\" height=\"576\" srcset=\"https:\/\/muniteodoro.cl\/portal\/wp-content\/uploads\/2023\/07\/FOTO-DIRECTO-RIESGO-Y-DESASTRES-01-1024x576.png 1024w, https:\/\/muniteodoro.cl\/portal\/wp-content\/uploads\/2023\/07\/FOTO-DIRECTO-RIESGO-Y-DESASTRES-01-300x169.png 300w, https:\/\/muniteodoro.cl\/portal\/wp-content\/uploads\/2023\/07\/FOTO-DIRECTO-RIESGO-Y-DESASTRES-01-768x432.png 768w, https:\/\/muniteodoro.cl\/portal\/wp-content\/uploads\/2023\/07\/FOTO-DIRECTO-RIESGO-Y-DESASTRES-01-660x371.png 660w, https:\/\/muniteodoro.cl\/portal\/wp-content\/uploads\/2023\/07\/FOTO-DIRECTO-RIESGO-Y-DESASTRES-01.png 1068w\" sizes=\"(max-width: 1024px) 100vw, 1024px\" \/><\/h4>\n<h4><strong>Katterine Leal Soto<br \/>\n<\/strong><em><span lang=\"es-ES\">Director de Gesti\u00f3n de Riesgos de Desastres<\/span><\/em><\/h4>\n<h4>\ud83d\udcf1+56452378353<br \/>\n\ud83d\udcde +569 9501 2584<br \/>\n<span lang=\"es-ES\">\ud83d\udce7 <strong>grd@muniteodoro.cl<\/strong><\/span><strong><span lang=\"es-ES\"><br \/>\n<\/span><\/strong><\/h4>\n<hr \/>\n<p>La Direcci\u00f3n de Gesti\u00f3n de Riesgos de Desastres, quien ser\u00e1 la encargada de planificar, organizar y coordinar los recursos municipales en materias de prevenci\u00f3n, mitigaci\u00f3n, preparaci\u00f3n respuesta y rehabilitaci\u00f3n referidas a emergencias, desastres y cat\u00e1strofes en conformidad con los lineamientos estrat\u00e9gicos establecidos para tal efecto. As\u00ed mismo, deber\u00e1 mantener operativo el Sistema de Telecomunicaciones de la Municipalidad y colaborar en todas aquellas tareas que la ley encarga a las Municipalidades, tales como los censos, elecciones y dem\u00e1s actos c\u00edvicos, nacionales y comunales.<\/p>\n<p>La Direcci\u00f3n de Gesti\u00f3n de Riesgos de Desastres, contar\u00e1 con:<\/p>\n<h4><strong>OFICINA DE OPERACIONES DE EMERGENCIAS<\/strong><\/h4>\n<p>A la oficina de Operaciones de Emergencias le corresponder\u00e1 mantener preparada la respuesta y coordinar el accionar municipal ante la ocurrencia de emergencias y\/o cat\u00e1strofes de la comuna de manera eficiente y eficaz.<\/p>\n<p>La oficina de Operaciones de Emergencias tendr\u00e1 las siguientes funciones:<\/p>\n<p style=\"padding-left: 40px;\"><strong>1.<\/strong> Mantener actualizadas las directivas y procedimientos de administraci\u00f3n de situaciones de emergencia a nivel comunal<\/p>\n<p style=\"padding-left: 40px;\"><strong>2.<\/strong> Mantener actualizados los mapas de riegos de la comuna para los diferentes eventos destructivos<\/p>\n<p style=\"padding-left: 40px;\"><strong>3.<\/strong> Coordinar el funcionamiento o accionar municipal ante la ocurrencia de emergencias y\/o desastres naturales o provocados por el hombre<\/p>\n<p style=\"padding-left: 40px;\"><strong>4.<\/strong> Prevenir y mitigar los afectos adversos o destructivos, ante emergencias y desastres<\/p>\n<p style=\"padding-left: 40px;\"><strong>5.<\/strong> Coordinar y dirigir las acciones preventivas y correctivas, anticipando aquellas situaciones de emergencias previsibles<\/p>\n<p style=\"padding-left: 40px;\"><strong>6.<\/strong> Dar respuesta \u00e1gil y expedita a situaciones de urgencia y auxilio provocadas por fen\u00f3menos clim\u00e1ticos, sismos y\/o conmociones terrestres que puedan afectar a la comuna en general o a grupos poblacionales de la misma<\/p>\n<p style=\"padding-left: 40px;\"><strong>7.<\/strong> Investigar en cada uno de los desastres o eventos adversos, las causas que provocaron su ocurrencia y la gravedad de su impacto, para corregir o mitigar las acciones o condiciones inseguras detectadas<\/p>\n<p style=\"padding-left: 40px;\"><strong>8.<\/strong> Mantener actualizados los registros de elementos que conforman el acopio de emergencia<\/p>\n<p style=\"padding-left: 40px;\"><strong>9.<\/strong> Mantener actualizado el registro de contactos de las instancias que componen el Sistema de Protecci\u00f3n Civil y Emergencias<\/p>\n<p style=\"padding-left: 40px;\"><strong>10.<\/strong> Mantener actualizado el Plan de Albergues y acondicionar los locales para albergue de damnificados, proveyendo alimentaci\u00f3n y calefacci\u00f3n, cautelando los aspectos relativos a la sanidad y salud de ellos<\/p>\n<p style=\"padding-left: 40px;\"><strong>11.<\/strong> Establecer protocolos para controlar las entradas y salidas de materiales y activos de las instalaciones dispuestas para tal efecto<\/p>\n<p style=\"padding-left: 40px;\"><strong>12.<\/strong> Mantener en funcionamiento un sistema de comunicaciones de emergencia para la transmisi\u00f3n de informaci\u00f3n de instancias que componen el Sistema de Protecci\u00f3n Civil<\/p>\n<p style=\"padding-left: 40px;\"><strong>13.<\/strong>\u00a0Colaborar en la actualizaci\u00f3n y\/o desarrollo de los Planes comunales de Emergencia para eventos espec\u00edficos<\/p>\n<p style=\"padding-left: 40px;\"><strong>14.<\/strong> Recopilar, mantener e informar sobre estad\u00edsticas de los diferentes eventos destructivos a nivel comunal<\/p>\n<p style=\"padding-left: 40px;\"><strong>15.<\/strong> Coordinarse durante las emergencias con los organismos de respuesta<\/p>\n<p style=\"padding-left: 40px;\"><strong>16.<\/strong> Ejecutar otras funciones que le encomiende el Alcalde o la jefatura de la Direcci\u00f3n<\/p>\n<p>&nbsp;<\/p>\n<h4><strong>OFICINA DE GESTI\u00d3N DE RIESGOS<\/strong><\/h4>\n<p>A la Oficina de Gesti\u00f3n de Riesgos le corresponder\u00e1 desarrollar programas y estrategias de concientizaci\u00f3n y formaci\u00f3n de la comunidad, incentivando el autocuidado y disminuci\u00f3n de focos de riesgo, prepar\u00e1ndola para afrontar de mejor manera la ocurrencia de emergencias y desastres La oficina de Gesti\u00f3n de Riesgos tendr\u00e1 las siguientes funciones:<\/p>\n<p style=\"padding-left: 40px;\"><strong>1.<\/strong> Planificar y ejecutar el Programa de Microzonificaci\u00f3n de Riesgos y Recursos en las distintas instancias de organizaci\u00f3n ciudadana<\/p>\n<p style=\"padding-left: 40px;\"><strong>2.<\/strong> Determinar los riegos presentes en la comuna, categorizando su ocurrencia y definiendo planes y\/o acciones para mitigarlos o reducirlos<\/p>\n<p style=\"padding-left: 40px;\"><strong>3.<\/strong> Mantener registros estad\u00edsticos sobre focos de emergencia en la comuna y analizar soluciones al respecto<\/p>\n<p style=\"padding-left: 40px;\"><strong>4.<\/strong> Promover y organizar permanentemente actividades de capacitaci\u00f3n orientas a la reducci\u00f3n de focos de riegos, concientizaci\u00f3n, prevenci\u00f3n de emergencia, desastres y cat\u00e1strofes<\/p>\n<p style=\"padding-left: 40px;\"><strong>5.<\/strong> Organizar y ejecutar programas de capacitaci\u00f3n en materias de Protecci\u00f3n Civil y Emergencias en Establecimientos Educacionales y Organizaciones Comunitarias<\/p>\n<p style=\"padding-left: 40px;\"><strong>6.<\/strong> Organizar y ejecutar programas de capacitaci\u00f3n relativos a la preparaci\u00f3n ante la ocurrencia de emergencias y cat\u00e1strofes en Establecimientos Educacionales y Organizaciones Comunitarias<\/p>\n<p style=\"padding-left: 40px;\"><strong>7.<\/strong> Establecer un sistema de alerta temprana para riesgos a nivel comunal<\/p>\n<p style=\"padding-left: 40px;\"><strong>8.<\/strong> Coordinar con las distintas instituciones que conforman el sistema, acciones de prevenci\u00f3n y mitigaci\u00f3n de riegos<\/p>\n<p style=\"padding-left: 40px;\"><strong>9.<\/strong> Promover y Organizar campa\u00f1as de difusi\u00f3n en materias de prevenci\u00f3n<\/p>\n<p style=\"padding-left: 40px;\"><strong>10.<\/strong> Establecer anualmente un programa de capacitaci\u00f3n en atenci\u00f3n de riesgos para los integrantes de Comit\u00e9 Operativo de Emergencia Municipal<\/p>\n<p style=\"padding-left: 40px;\"><strong>11.<\/strong> Proponer o sugerir planes, acciones o proyectos de inversi\u00f3n para la prevenci\u00f3n o mitigaci\u00f3n de los efectos ante la ocurrencia de eventos adversos<\/p>\n<p style=\"padding-left: 40px;\"><strong>12.<\/strong> Coordinar procesos de recuperaci\u00f3n y\/o reforestaci\u00f3n a trav\u00e9s de las unidades municipales respectivas, las zonas de riesgos o zonas que han sido afectadas por derrumbes en propiedades municipales o bienes nacionales de uso p\u00fablico<\/p>\n<p style=\"padding-left: 40px;\"><strong>13.<\/strong> Ejecutar otras funciones que le encomiende el Alcalde o el Jefe de la Direcci\u00f3n<\/p>\n<p><a href=\"https:\/\/muniteodoro.cl\/portal\/wp-content\/uploads\/2024\/01\/DAE_1929_APRUEBA_PLAN_COMUNAL_PARA_LA_REDUCCION_DEL_RIESGO_DE_DESASTRES_DE_LA_MUNICIPALIDAD_DE_T_SCHMIDT.pdf\">Descarga el Decreto Alcaldicio que aprueba el Plan Comunal para la Reducci\u00f3n del Riesgo de Desastres<\/a><\/p>\n<p><a href=\"https:\/\/muniteodoro.cl\/portal\/wp-content\/uploads\/2024\/01\/PLAN_COMUNAL_PARA_LA_RRD_APROBADO_SEGUN_DAE_1929.pdf\">Descarga el Plan Comunal para la Reducci\u00f3n del Riesgo y Desastre\u00a0<\/a><\/p>\n<p><a href=\"https:\/\/muniteodoro.cl\/portal\/wp-content\/uploads\/2024\/11\/Dae_0991_17_06_2022.pdf\">Descarga el Plan Comunal y Plan Especifico de Emergencia por Variable de Riesgo<\/a><\/p>\n","protected":false},"excerpt":{"rendered":"<p>Katterine Leal Soto Director de Gesti\u00f3n de Riesgos de Desastres \ud83d\udcf1+56452378353 \ud83d\udcde +569 9501 2584 \ud83d\udce7 grd@muniteodoro.cl La Direcci\u00f3n de Gesti\u00f3n de Riesgos de Desastres, quien ser\u00e1 la encargada de planificar, organizar y coordinar los recursos municipales en materias de prevenci\u00f3n, mitigaci\u00f3n, preparaci\u00f3n respuesta y rehabilitaci\u00f3n referidas a emergencias, desastres y cat\u00e1strofes en conformidad con [&hellip;]<\/p>\n","protected":false},"author":5,"featured_media":18839,"parent":0,"menu_order":0,"comment_status":"closed","ping_status":"closed","template":"","meta":{"xn-wppe-expiration":[],"xn-wppe-expiration-action":[],"xn-wppe-expiration-prefix":[],"footnotes":""},"class_list":["post-16583","page","type-page","status-publish","has-post-thumbnail","hentry"],"publishpress_future_action":{"enabled":false,"date":"2026-04-28 02:57:21","action":"change-status","newStatus":"draft","terms":[],"taxonomy":"","extraData":[]},"publishpress_future_workflow_manual_trigger":{"enabledWorkflows":[]},"_links":{"self":[{"href":"https:\/\/muniteodoro.cl\/portal\/wp-json\/wp\/v2\/pages\/16583","targetHints":{"allow":["GET"]}}],"collection":[{"href":"https:\/\/muniteodoro.cl\/portal\/wp-json\/wp\/v2\/pages"}],"about":[{"href":"https:\/\/muniteodoro.cl\/portal\/wp-json\/wp\/v2\/types\/page"}],"author":[{"embeddable":true,"href":"https:\/\/muniteodoro.cl\/portal\/wp-json\/wp\/v2\/users\/5"}],"replies":[{"embeddable":true,"href":"https:\/\/muniteodoro.cl\/portal\/wp-json\/wp\/v2\/comments?post=16583"}],"version-history":[{"count":19,"href":"https:\/\/muniteodoro.cl\/portal\/wp-json\/wp\/v2\/pages\/16583\/revisions"}],"predecessor-version":[{"id":19786,"href":"https:\/\/muniteodoro.cl\/portal\/wp-json\/wp\/v2\/pages\/16583\/revisions\/19786"}],"wp:featuredmedia":[{"embeddable":true,"href":"https:\/\/muniteodoro.cl\/portal\/wp-json\/wp\/v2\/media\/18839"}],"wp:attachment":[{"href":"https:\/\/muniteodoro.cl\/portal\/wp-json\/wp\/v2\/media?parent=16583"}],"curies":[{"name":"wp","href":"https:\/\/api.w.org\/{rel}","templated":true}]}}