{"id":18406,"date":"2024-09-03T10:47:32","date_gmt":"2024-09-03T14:47:32","guid":{"rendered":"https:\/\/muniteodoro.cl\/portal\/?page_id=18406"},"modified":"2025-06-06T10:15:35","modified_gmt":"2025-06-06T14:15:35","slug":"plan-municipal-de-cultura","status":"publish","type":"page","link":"https:\/\/muniteodoro.cl\/portal\/plan-municipal-de-cultura\/","title":{"rendered":"Plan Municipal de Cultura"},"content":{"rendered":"<h4>Programa Un Espacio Para Las Culturas Y Las Artes<\/h4>\n<p>&nbsp;<\/p>\n<p>El Coordinador del \u00c1rea de Cultura Comunal tiene la responsabilidad de planificar y gestionar proyectos y actividades culturales, adem\u00e1s de colaborar con los distintos programas de la municipalidad.<br \/>\nDentro de sus iniciativas, se contempla la contrataci\u00f3n de un monitor para el Ballet Folcl\u00f3rico Municipal, el cual est\u00e1 dividido en dos categor\u00edas: juvenil-adulto y semillero-infantil.<\/p>\n<p data-immersive-translate-walked=\"94045be2-b1d3-4f60-afe4-e77c54518c9d\"><strong data-immersive-translate-walked=\"94045be2-b1d3-4f60-afe4-e77c54518c9d\">Objetivo:<\/strong> Fortalecer y ampliar los programas culturales y sociales dirigidos a los diversos grupos etarios de la comuna de Teodoro Schmidt.<\/p>\n<hr \/>\n<div dir=\"auto\"><\/div>\n<div dir=\"auto\">\n<p data-start=\"142\" data-end=\"239\"><strong data-start=\"142\" data-end=\"239\">Ciudadanas y ciudadanos vinculados a la cultura, las artes y el patrimonio de Teodoro Schmidt<\/strong><\/p>\n<p data-start=\"241\" data-end=\"490\">Te invitamos a conocer y visibilizar a quienes forman parte del quehacer cultural de nuestra comuna. A trav\u00e9s de esta playlist podr\u00e1s encontrar entrevistas, presentaciones y contenidos relacionados con el arte, la historia y las tradiciones locales.<\/p>\n<p data-start=\"492\" data-end=\"698\">\ud83c\udfa5 Ver la playlist en YouTube: <a href=\"https:\/\/youtube.com\/playlist?list=PLAtBjdKXU2k30fpFGjk61ijKsn9_-m3pI&amp;si=PruAJj7A1EL5GzAc\">Aqu\u00ed<\/a><\/p>\n<\/div>\n<div dir=\"auto\"><\/div>\n<div dir=\"auto\"><\/div>\n<div dir=\"auto\"><\/div>\n<div dir=\"auto\"><a href=\"https:\/\/youtube.com\/playlist?list=PLAtBjdKXU2k30fpFGjk61ijKsn9_-m3pI&amp;si=PruAJj7A1EL5GzAc\"><img fetchpriority=\"high\" decoding=\"async\" class=\"aligncenter size-full wp-image-19318\" src=\"https:\/\/muniteodoro.cl\/portal\/wp-content\/uploads\/2025\/06\/Screenshot_37.png\" alt=\"\" width=\"457\" height=\"789\" srcset=\"https:\/\/muniteodoro.cl\/portal\/wp-content\/uploads\/2025\/06\/Screenshot_37.png 457w, https:\/\/muniteodoro.cl\/portal\/wp-content\/uploads\/2025\/06\/Screenshot_37-174x300.png 174w\" sizes=\"(max-width: 457px) 100vw, 457px\" \/><\/a><\/div>\n","protected":false},"excerpt":{"rendered":"<p>Programa Un Espacio Para Las Culturas Y Las Artes &nbsp; El Coordinador del \u00c1rea de Cultura Comunal tiene la responsabilidad de planificar y gestionar proyectos y actividades culturales, adem\u00e1s de colaborar con los distintos programas de la municipalidad. Dentro de sus iniciativas, se contempla la contrataci\u00f3n de un monitor para el Ballet Folcl\u00f3rico Municipal, el [&hellip;]<\/p>\n","protected":false},"author":5,"featured_media":19058,"parent":0,"menu_order":0,"comment_status":"closed","ping_status":"closed","template":"","meta":{"xn-wppe-expiration":[],"xn-wppe-expiration-action":[],"xn-wppe-expiration-prefix":[],"footnotes":""},"class_list":["post-18406","page","type-page","status-publish","has-post-thumbnail","hentry"],"publishpress_future_action":{"enabled":false,"date":"2026-04-18 17:20:57","action":"change-status","newStatus":"draft","terms":[],"taxonomy":"","extraData":[]},"publishpress_future_workflow_manual_trigger":{"enabledWorkflows":[]},"_links":{"self":[{"href":"https:\/\/muniteodoro.cl\/portal\/wp-json\/wp\/v2\/pages\/18406","targetHints":{"allow":["GET"]}}],"collection":[{"href":"https:\/\/muniteodoro.cl\/portal\/wp-json\/wp\/v2\/pages"}],"about":[{"href":"https:\/\/muniteodoro.cl\/portal\/wp-json\/wp\/v2\/types\/page"}],"author":[{"embeddable":true,"href":"https:\/\/muniteodoro.cl\/portal\/wp-json\/wp\/v2\/users\/5"}],"replies":[{"embeddable":true,"href":"https:\/\/muniteodoro.cl\/portal\/wp-json\/wp\/v2\/comments?post=18406"}],"version-history":[{"count":25,"href":"https:\/\/muniteodoro.cl\/portal\/wp-json\/wp\/v2\/pages\/18406\/revisions"}],"predecessor-version":[{"id":19319,"href":"https:\/\/muniteodoro.cl\/portal\/wp-json\/wp\/v2\/pages\/18406\/revisions\/19319"}],"wp:featuredmedia":[{"embeddable":true,"href":"https:\/\/muniteodoro.cl\/portal\/wp-json\/wp\/v2\/media\/19058"}],"wp:attachment":[{"href":"https:\/\/muniteodoro.cl\/portal\/wp-json\/wp\/v2\/media?parent=18406"}],"curies":[{"name":"wp","href":"https:\/\/api.w.org\/{rel}","templated":true}]}}