{"id":2,"date":"2017-02-08T16:41:42","date_gmt":"2017-02-08T16:41:42","guid":{"rendered":"http:\/\/muniteodoro.cl\/portal\/?page_id=2"},"modified":"2019-03-04T00:33:58","modified_gmt":"2019-03-04T03:33:58","slug":"comuna","status":"publish","type":"page","link":"https:\/\/muniteodoro.cl\/portal\/comuna\/","title":{"rendered":"COMUNA"},"content":{"rendered":"<div class=\"page-header\"><\/div>\n<div class=\"content-links\">\u00a0<a href=\"http:\/\/muniteodoro.cl\/portal\/como-llegar-a-teodoro-schmidt\/\"><img decoding=\"async\" class=\"size-medium wp-image-191 alignnone\" src=\"http:\/\/muniteodoro.cl\/portal\/wp-content\/uploads\/2017\/02\/LLEGAR-A-TEODORO-BANNER-300x94.png\" alt=\"\" width=\"300\" height=\"94\" srcset=\"https:\/\/muniteodoro.cl\/portal\/wp-content\/uploads\/2017\/02\/LLEGAR-A-TEODORO-BANNER-300x94.png 300w, https:\/\/muniteodoro.cl\/portal\/wp-content\/uploads\/2017\/02\/LLEGAR-A-TEODORO-BANNER.png 320w\" sizes=\"(max-width: 300px) 100vw, 300px\" \/><\/a>\u00a0<a href=\"http:\/\/muniteodoro.cl\/portal\/alcaldes-de-la-comuna\/\"><img decoding=\"async\" class=\"size-medium wp-image-103 alignnone\" src=\"http:\/\/muniteodoro.cl\/portal\/wp-content\/uploads\/2017\/02\/ALCALDES-DE-LA-COMUNA-300x94.png\" alt=\"\" width=\"300\" height=\"94\" srcset=\"https:\/\/muniteodoro.cl\/portal\/wp-content\/uploads\/2017\/02\/ALCALDES-DE-LA-COMUNA-300x94.png 300w, https:\/\/muniteodoro.cl\/portal\/wp-content\/uploads\/2017\/02\/ALCALDES-DE-LA-COMUNA.png 320w\" sizes=\"(max-width: 300px) 100vw, 300px\" \/><\/a><\/div>\n<h2 class=\"content-links\"><\/h2>\n<h2 class=\"content-links\">\u00a0Teodoro Schmidt<\/h2>\n<div class=\"content-links\">La Comuna de <strong>Teodoro Schmidt<\/strong>, antiguamente llamada Huilio (Lugar de Toros en Mapudungun), naci\u00f3 producto del trazado f\u00e9rreo que en 1936 hizo el ingeniero de ascendencia Alemana Don Teodoro Schmidt Quezada, quien inicio el trazado del trayecto de la l\u00ednea de ferrocarriles en una extensi\u00f3n de 72 km de longitud del ramal Freire-Punta Riel, marcando puntos que fueron las estaciones ferroviarias, con una distancia de 16 o 17 km, entre cada una. As\u00ed se formaron las estaciones de aquel entonces <strong>Mart\u00ednez de Rozas<\/strong>,<strong> Barros Arana<\/strong>, <strong>Teodoro Schmidt<\/strong>, <strong>Hualpin<\/strong> y <strong>Punta de Riel<\/strong>.<\/div>\n<p>La construcci\u00f3n de la obra se aplaz\u00f3 en casi 10 a\u00f1os a causa de la Segunda Guerra Mundial, que hac\u00eda muy dif\u00edcil traer los materiales necesarios, en su mayor\u00eda importados, siendo terminada en el a\u00f1o 1952.<\/p>\n<p>La Comuna de Teodoro Schmidt, fue creada mediante Decreto Ley N\u00b0 2868 de 1979, del Ministerio del Interior, publicado en el Diario Oficial el 26-10-1979, dejando su nombre de origen Huilio.<\/p>\n<p>Mediante Decreto Fuerza Ley N\u00b0 1-2868 de 1980, publicado en el Diario Oficial el 15-10-1980 se crea la Municipalidad que administra la Comuna de Teodoro Schmidt.<\/p>\n<p>Por Resoluci\u00f3n N\u00b0 5 de fecha 12-01-1981, de Gobernaci\u00f3n Provincial Caut\u00edn, se instala oficialmente la Municipalidad de Teodoro Schmidt y su primer Alcalde, el Sr. Jaime Guajardo Olavarr\u00eda.<\/p>\n<p style=\"text-align: left;\">Al ser creada, la comuna trajo consigo muchas alternativas de progreso, que impulsaron la construcci\u00f3n de obras p\u00fablicas, el mejoramiento de caminos, el tendido de alumbrado p\u00fablico; agua potable, tel\u00e9fonos, postas y consultorios.<\/p>\n<p>Actualmente la Comuna est\u00e1 conformada por \u00e1reas urbanas, Barros Arana, Hualp\u00edn y Teodoro Schmidt, siendo esta la cabecera comunal, Con una poblaci\u00f3n total aproximada de 15.045 habitantes, con 9.644 ubicados en sectores rurales, y 5.401 habitantes del sector urbano.<\/p>\n<p>Teodoro Schmidt tiene una ubicaci\u00f3n geogr\u00e1fica que el otorga muchas potencialidades de desarrollo, su posici\u00f3n costera de extensas playas, amplias zonas agr\u00edcolas y ganaderas, tres centros urbanos le otorgan grandes alternativas productivas y tur\u00edsticas.<\/p>\n<p><strong>Econom\u00eda<\/strong><br \/>\nLa comuna de Teodoro Schmidt vive principalmente de la agricultura: la producci\u00f3n de papas es la principal fuente de trabajo, seguida de la de trigo y avena; otras fuentes de ingreso son la ganader\u00eda en menor escala (ovino, bovino, porcinos).<\/p>\n<p><strong>Transporte y comunicaciones\u00a0<\/strong><\/p>\n<ul>\n<li>La comuna de Teodoro Schmidt se encuentra a 72 km de Temuco.<\/li>\n<li>Desde Temuco se puede llegar por la carretera 5 Sur, hacia el sur pasando por la comuna de Freire llegando a la ruta S-60 (carretera asfaltada).<\/li>\n<li>Por la costa se puede llegar por la comuna de Saavedra pasando por Puerto Dom\u00ednguez, Carretera de la Costa (camino ripiado).<\/li>\n<li>Por la zona sur se puede acceder desde la comuna de Tolten distante a 27 km, por la ruta S-60.<\/li>\n<li>Desde el este se debe atravesar el r\u00edo Tolten en balsa.<\/li>\n<\/ul>\n<p><strong>Turismo<\/strong><br \/>\nEl turismo esta comenzando a conocer las maravillas de esta comuna. En Teodoro Schmidt se pueden visitar las Lagunas Peule y Puyehue; el rio Tolten; las playas de Porma, Rucacura, Yenehue y Puaucho; rucas mapuches y etnoturismo. Se tiene acceso al lago Budi, el \u00fanico salado en Sudam\u00e9rica.<br \/>\nOtro atractivo tur\u00edstico podr\u00eda ser su Iglesia Cat\u00f3lica con sus grandes campanas (\u00fanicas en La Araucan\u00eda) tra\u00eddas a Chile por el padre German Winkel desde Alemania.<\/p>\n<p><strong>Superficie Total<\/strong>: 650 km2.<br \/>\n<strong>Fundaci\u00f3n<\/strong>: 12 de enero de 1981<br \/>\n<strong>Poblaci\u00f3n<\/strong>: 15.045 habitantes (censo 2017)<br \/>\n<strong>Gentilicio<\/strong>: Teodorino(a)<br \/>\n<strong>Distrito<\/strong>: 51<br \/>\n<strong>Circunscripci\u00f3n<\/strong>: Araucan\u00eda Sur<\/p>\n<h2><\/h2>\n<h2>Te invitamos a conocer nuestra comuna&#8230;<\/h2>\n","protected":false},"excerpt":{"rendered":"<p>\u00a0\u00a0 \u00a0Teodoro Schmidt La Comuna de Teodoro Schmidt, antiguamente llamada Huilio (Lugar de Toros en Mapudungun), naci\u00f3 producto del trazado f\u00e9rreo que en 1936 hizo el ingeniero de ascendencia Alemana Don Teodoro Schmidt Quezada, quien inicio el trazado del trayecto de la l\u00ednea de ferrocarriles en una extensi\u00f3n de 72 km de longitud del ramal [&hellip;]<\/p>\n","protected":false},"author":1,"featured_media":309,"parent":0,"menu_order":0,"comment_status":"closed","ping_status":"closed","template":"","meta":{"xn-wppe-expiration":[],"xn-wppe-expiration-action":[],"xn-wppe-expiration-prefix":[],"footnotes":""},"class_list":["post-2","page","type-page","status-publish","has-post-thumbnail","hentry"],"publishpress_future_action":{"enabled":false,"date":"2026-04-26 03:16:14","action":"change-status","newStatus":"draft","terms":[],"taxonomy":"","extraData":[]},"publishpress_future_workflow_manual_trigger":{"enabledWorkflows":[]},"_links":{"self":[{"href":"https:\/\/muniteodoro.cl\/portal\/wp-json\/wp\/v2\/pages\/2","targetHints":{"allow":["GET"]}}],"collection":[{"href":"https:\/\/muniteodoro.cl\/portal\/wp-json\/wp\/v2\/pages"}],"about":[{"href":"https:\/\/muniteodoro.cl\/portal\/wp-json\/wp\/v2\/types\/page"}],"author":[{"embeddable":true,"href":"https:\/\/muniteodoro.cl\/portal\/wp-json\/wp\/v2\/users\/1"}],"replies":[{"embeddable":true,"href":"https:\/\/muniteodoro.cl\/portal\/wp-json\/wp\/v2\/comments?post=2"}],"version-history":[{"count":21,"href":"https:\/\/muniteodoro.cl\/portal\/wp-json\/wp\/v2\/pages\/2\/revisions"}],"predecessor-version":[{"id":2823,"href":"https:\/\/muniteodoro.cl\/portal\/wp-json\/wp\/v2\/pages\/2\/revisions\/2823"}],"wp:featuredmedia":[{"embeddable":true,"href":"https:\/\/muniteodoro.cl\/portal\/wp-json\/wp\/v2\/media\/309"}],"wp:attachment":[{"href":"https:\/\/muniteodoro.cl\/portal\/wp-json\/wp\/v2\/media?parent=2"}],"curies":[{"name":"wp","href":"https:\/\/api.w.org\/{rel}","templated":true}]}}