{"id":219,"date":"2017-02-09T12:55:44","date_gmt":"2017-02-09T12:55:44","guid":{"rendered":"http:\/\/muniteodoro.cl\/portal\/?page_id=219"},"modified":"2024-12-20T16:35:50","modified_gmt":"2024-12-20T19:35:50","slug":"alcalde","status":"publish","type":"page","link":"https:\/\/muniteodoro.cl\/portal\/alcalde\/","title":{"rendered":"&nbsp; &nbsp; &nbsp; ALCALDE &nbsp; &nbsp; &nbsp;"},"content":{"rendered":"<div class=\"page-header\">\n<p style=\"text-align: justify;\"><strong><span style=\"font-size: 16px;\">Vecinas y vecinos de Teodoro Schmidt reciban un cordial saludo.<\/span><\/strong><\/p>\n<\/div>\n<p style=\"text-align: justify;\">\n    Al asumir como alcalde de nuestra querida comuna, quiero en primer lugar agradecer el respaldo de las ciudadanos y ciudadanas que confiaron en nuestras propuestas.<br \/>\n    Sabemos que como Administraci\u00f3n tenemos enormes desaf\u00edos, pues nuestra comuna es una de las quince m\u00e1s pobres de nuestro pa\u00eds, no obstante, prevalece nuestra firme convicci\u00f3n y voluntad como equipo de gesti\u00f3n de trabajar seria, responsable y entusiastamente por el bienestar de nuestra comuna, de sus localidades, sectores rurales y por sobre todo de nuestras familias.\n<\/p>\n<p style=\"text-align: justify;\">\n    Esta gesti\u00f3n debe caracterizarse por tener como principios rectores la educaci\u00f3n, inclusi\u00f3n y participaci\u00f3n ciudadana, as\u00ed como tambi\u00e9n el fortalecimiento de las organizaciones sociales y la transparencia y eficiencia en el uso de los recursos financieros y humanos.\n<\/p>\n<p><img decoding=\"async\" class=\"aligncenter wp-image-18627\" src=\"https:\/\/muniteodoro.cl\/portal\/wp-content\/uploads\/2024\/12\/FIRMA-ALCALDE-azul-e1734723048458-300x111.png\" alt=\"\" width=\"234\" height=\"71\" \/><\/p>\n<p style=\"text-align: center;\"><strong>Baldomero Santos Vidal<\/strong><br \/>\nAlcalde Teodoro Schmidt<br \/>\nEmail: <a href=\"mailto:alcaldebaldomerosantos@gmail.com\">alcaldebaldomerosantos@gmail.com<\/a><\/p>\n","protected":false},"excerpt":{"rendered":"<p>Vecinas y vecinos de Teodoro Schmidt reciban un cordial saludo. Al asumir como alcalde de nuestra querida comuna, quiero en primer lugar agradecer el respaldo de las ciudadanos y ciudadanas que confiaron en nuestras propuestas. Sabemos que como Administraci\u00f3n tenemos enormes desaf\u00edos, pues nuestra comuna es una de las quince m\u00e1s pobres de nuestro pa\u00eds, [&hellip;]<\/p>\n","protected":false},"author":1,"featured_media":18626,"parent":0,"menu_order":1,"comment_status":"closed","ping_status":"closed","template":"","meta":{"xn-wppe-expiration":[],"xn-wppe-expiration-action":[],"xn-wppe-expiration-prefix":[],"footnotes":""},"class_list":["post-219","page","type-page","status-publish","has-post-thumbnail","hentry"],"publishpress_future_action":{"enabled":false,"date":"2026-04-15 21:29:02","action":"change-status","newStatus":"draft","terms":[],"taxonomy":"","extraData":[]},"publishpress_future_workflow_manual_trigger":{"enabledWorkflows":[]},"_links":{"self":[{"href":"https:\/\/muniteodoro.cl\/portal\/wp-json\/wp\/v2\/pages\/219","targetHints":{"allow":["GET"]}}],"collection":[{"href":"https:\/\/muniteodoro.cl\/portal\/wp-json\/wp\/v2\/pages"}],"about":[{"href":"https:\/\/muniteodoro.cl\/portal\/wp-json\/wp\/v2\/types\/page"}],"author":[{"embeddable":true,"href":"https:\/\/muniteodoro.cl\/portal\/wp-json\/wp\/v2\/users\/1"}],"replies":[{"embeddable":true,"href":"https:\/\/muniteodoro.cl\/portal\/wp-json\/wp\/v2\/comments?post=219"}],"version-history":[{"count":28,"href":"https:\/\/muniteodoro.cl\/portal\/wp-json\/wp\/v2\/pages\/219\/revisions"}],"predecessor-version":[{"id":18628,"href":"https:\/\/muniteodoro.cl\/portal\/wp-json\/wp\/v2\/pages\/219\/revisions\/18628"}],"wp:featuredmedia":[{"embeddable":true,"href":"https:\/\/muniteodoro.cl\/portal\/wp-json\/wp\/v2\/media\/18626"}],"wp:attachment":[{"href":"https:\/\/muniteodoro.cl\/portal\/wp-json\/wp\/v2\/media?parent=219"}],"curies":[{"name":"wp","href":"https:\/\/api.w.org\/{rel}","templated":true}]}}