{"id":221,"date":"2017-02-09T12:57:43","date_gmt":"2017-02-09T12:57:43","guid":{"rendered":"http:\/\/muniteodoro.cl\/portal\/?page_id=221"},"modified":"2025-01-02T18:30:52","modified_gmt":"2025-01-02T21:30:52","slug":"concejo","status":"publish","type":"page","link":"https:\/\/muniteodoro.cl\/portal\/concejo\/","title":{"rendered":"CONCEJO MUNICIPAL"},"content":{"rendered":"\t\t<div data-elementor-type=\"wp-page\" data-elementor-id=\"221\" class=\"elementor elementor-221\">\n\t\t\t\t\t\t<section class=\"elementor-section elementor-top-section elementor-element elementor-element-041a63d elementor-section-boxed elementor-section-height-default elementor-section-height-default\" data-id=\"041a63d\" data-element_type=\"section\" data-e-type=\"section\">\n\t\t\t\t\t\t<div class=\"elementor-container elementor-column-gap-default\">\n\t\t\t\t\t<div class=\"elementor-column elementor-col-50 elementor-top-column elementor-element elementor-element-f3cad72\" data-id=\"f3cad72\" data-element_type=\"column\" data-e-type=\"column\">\n\t\t\t<div class=\"elementor-widget-wrap elementor-element-populated\">\n\t\t\t\t\t\t<div class=\"elementor-element elementor-element-729d5f0 elementor-widget elementor-widget-image\" data-id=\"729d5f0\" data-element_type=\"widget\" data-e-type=\"widget\" data-widget_type=\"image.default\">\n\t\t\t\t<div class=\"elementor-widget-container\">\n\t\t\t\t\t\t\t\t\t\t\t\t\t\t\t<img decoding=\"async\" src=\"https:\/\/muniteodoro.cl\/portal\/wp-content\/uploads\/elementor\/thumbs\/Patricio-Bustos-scaled-qygcrnb45jg45gf16y0gatztc2ej2834tc3178zz80.jpg\" title=\"Patricio Bustos\" alt=\"Patricio Bustos\" loading=\"lazy\" \/>\t\t\t\t\t\t\t\t\t\t\t\t\t\t\t<\/div>\n\t\t\t\t<\/div>\n\t\t\t\t\t<\/div>\n\t\t<\/div>\n\t\t\t\t<div class=\"elementor-column elementor-col-50 elementor-top-column elementor-element elementor-element-3d8b157\" data-id=\"3d8b157\" data-element_type=\"column\" data-e-type=\"column\">\n\t\t\t<div class=\"elementor-widget-wrap elementor-element-populated\">\n\t\t\t\t\t\t<div class=\"elementor-element elementor-element-ec7a7f4 elementor-widget elementor-widget-image\" data-id=\"ec7a7f4\" data-element_type=\"widget\" data-e-type=\"widget\" data-widget_type=\"image.default\">\n\t\t\t\t<div class=\"elementor-widget-container\">\n\t\t\t\t\t\t\t\t\t\t\t\t\t\t\t<img decoding=\"async\" src=\"https:\/\/muniteodoro.cl\/portal\/wp-content\/uploads\/elementor\/thumbs\/Sergio-Morales-scaled-qygcsbqx38dkjbfj88kr3ntss322mcs5kp1nofzqq8.jpg\" title=\"Sergio Morales\" alt=\"Sergio Morales\" loading=\"lazy\" \/>\t\t\t\t\t\t\t\t\t\t\t\t\t\t\t<\/div>\n\t\t\t\t<\/div>\n\t\t\t\t\t<\/div>\n\t\t<\/div>\n\t\t\t\t\t<\/div>\n\t\t<\/section>\n\t\t\t\t<section class=\"elementor-section elementor-top-section elementor-element elementor-element-ead9b77 elementor-section-boxed elementor-section-height-default elementor-section-height-default\" data-id=\"ead9b77\" data-element_type=\"section\" data-e-type=\"section\">\n\t\t\t\t\t\t<div class=\"elementor-container elementor-column-gap-default\">\n\t\t\t\t\t<div class=\"elementor-column elementor-col-50 elementor-top-column elementor-element elementor-element-f34f68f\" data-id=\"f34f68f\" data-element_type=\"column\" data-e-type=\"column\">\n\t\t\t<div class=\"elementor-widget-wrap elementor-element-populated\">\n\t\t\t\t\t\t<div class=\"elementor-element elementor-element-b4ad9d5 elementor-widget elementor-widget-heading\" data-id=\"b4ad9d5\" data-element_type=\"widget\" data-e-type=\"widget\" data-widget_type=\"heading.default\">\n\t\t\t\t<div class=\"elementor-widget-container\">\n\t\t\t\t\t<h2 class=\"elementor-heading-title elementor-size-small\">EDISON PATRICIO BUSTOS QUILAQUEO<\/h2>\t\t\t\t<\/div>\n\t\t\t\t<\/div>\n\t\t\t\t\t<\/div>\n\t\t<\/div>\n\t\t\t\t<div class=\"elementor-column elementor-col-50 elementor-top-column elementor-element elementor-element-cd944d1\" data-id=\"cd944d1\" data-element_type=\"column\" data-e-type=\"column\">\n\t\t\t<div class=\"elementor-widget-wrap elementor-element-populated\">\n\t\t\t\t\t\t<div class=\"elementor-element elementor-element-58ef884 elementor-widget elementor-widget-heading\" data-id=\"58ef884\" data-element_type=\"widget\" data-e-type=\"widget\" data-widget_type=\"heading.default\">\n\t\t\t\t<div class=\"elementor-widget-container\">\n\t\t\t\t\t<h2 class=\"elementor-heading-title elementor-size-small\">SERGIO ORLANDO MORALES TAPIA<\/h2>\t\t\t\t<\/div>\n\t\t\t\t<\/div>\n\t\t\t\t\t<\/div>\n\t\t<\/div>\n\t\t\t\t\t<\/div>\n\t\t<\/section>\n\t\t\t\t<section class=\"elementor-section elementor-top-section elementor-element elementor-element-0ab16b4 elementor-section-boxed elementor-section-height-default elementor-section-height-default\" data-id=\"0ab16b4\" data-element_type=\"section\" data-e-type=\"section\">\n\t\t\t\t\t\t<div class=\"elementor-container elementor-column-gap-default\">\n\t\t\t\t\t<div class=\"elementor-column elementor-col-50 elementor-top-column elementor-element elementor-element-f112131\" data-id=\"f112131\" data-element_type=\"column\" data-e-type=\"column\">\n\t\t\t<div class=\"elementor-widget-wrap elementor-element-populated\">\n\t\t\t\t\t\t<div class=\"elementor-element elementor-element-26d40f3 elementor-widget elementor-widget-text-editor\" data-id=\"26d40f3\" data-element_type=\"widget\" data-e-type=\"widget\" data-widget_type=\"text-editor.default\">\n\t\t\t\t<div class=\"elementor-widget-container\">\n\t\t\t\t\t\t\t\t\t<p><strong>Contacto: <\/strong>+56 9 9540 89 10<br \/><strong>Email: <\/strong>patriciobustos.concejal@muniteodoro.cl<br \/><strong>Profesi\u00f3n u Oficio: <\/strong>Ingeniero Agr\u00f3nomo<strong><br \/>Partido Pol\u00edtico: <\/strong>Renovaci\u00f3n Nacional | RN<\/p>\t\t\t\t\t\t\t\t<\/div>\n\t\t\t\t<\/div>\n\t\t\t\t\t<\/div>\n\t\t<\/div>\n\t\t\t\t<div class=\"elementor-column elementor-col-50 elementor-top-column elementor-element elementor-element-131c0bd\" data-id=\"131c0bd\" data-element_type=\"column\" data-e-type=\"column\">\n\t\t\t<div class=\"elementor-widget-wrap elementor-element-populated\">\n\t\t\t\t\t\t<div class=\"elementor-element elementor-element-4dc6285 elementor-widget elementor-widget-text-editor\" data-id=\"4dc6285\" data-element_type=\"widget\" data-e-type=\"widget\" data-widget_type=\"text-editor.default\">\n\t\t\t\t<div class=\"elementor-widget-container\">\n\t\t\t\t\t\t\t\t\t<p><strong>Contacto:\u00a0<\/strong>+56 9 8703 71 39<br \/><strong>Email: <\/strong>sergiomorales.concejal@muniteodoro.cl<br \/><strong>Profesi\u00f3n u Oficio:\u00a0<\/strong>Ingeniero Agr\u00f3nomo<strong><br \/>Partido Pol\u00edtico:\u00a0<\/strong>Unidad Democrata Independiente | UDI | IND<\/p>\t\t\t\t\t\t\t\t<\/div>\n\t\t\t\t<\/div>\n\t\t\t\t\t<\/div>\n\t\t<\/div>\n\t\t\t\t\t<\/div>\n\t\t<\/section>\n\t\t\t\t<section class=\"elementor-section elementor-top-section elementor-element elementor-element-7f518f7 elementor-section-boxed elementor-section-height-default elementor-section-height-default\" data-id=\"7f518f7\" data-element_type=\"section\" data-e-type=\"section\">\n\t\t\t\t\t\t<div class=\"elementor-container elementor-column-gap-default\">\n\t\t\t\t\t<div class=\"elementor-column elementor-col-50 elementor-top-column elementor-element elementor-element-121fdab\" data-id=\"121fdab\" data-element_type=\"column\" data-e-type=\"column\">\n\t\t\t<div class=\"elementor-widget-wrap elementor-element-populated\">\n\t\t\t\t\t\t<div class=\"elementor-element elementor-element-cb2d514 elementor-widget elementor-widget-image\" data-id=\"cb2d514\" data-element_type=\"widget\" data-e-type=\"widget\" data-widget_type=\"image.default\">\n\t\t\t\t<div class=\"elementor-widget-container\">\n\t\t\t\t\t\t\t\t\t\t\t\t\t\t\t<img decoding=\"async\" src=\"https:\/\/muniteodoro.cl\/portal\/wp-content\/uploads\/elementor\/thumbs\/Ana-Vinez-scaled-qygcsz8vu39qlkhef0qfbzwbmpu8ysdfzxcsod0weo.jpg\" title=\"Ana Vinez\" alt=\"Ana Vinez\" loading=\"lazy\" \/>\t\t\t\t\t\t\t\t\t\t\t\t\t\t\t<\/div>\n\t\t\t\t<\/div>\n\t\t\t\t\t<\/div>\n\t\t<\/div>\n\t\t\t\t<div class=\"elementor-column elementor-col-50 elementor-top-column elementor-element elementor-element-0f0407a\" data-id=\"0f0407a\" data-element_type=\"column\" data-e-type=\"column\">\n\t\t\t<div class=\"elementor-widget-wrap elementor-element-populated\">\n\t\t\t\t\t\t<div class=\"elementor-element elementor-element-507a1b2 elementor-widget elementor-widget-image\" data-id=\"507a1b2\" data-element_type=\"widget\" data-e-type=\"widget\" data-widget_type=\"image.default\">\n\t\t\t\t<div class=\"elementor-widget-container\">\n\t\t\t\t\t\t\t\t\t\t\t\t\t\t\t<img decoding=\"async\" src=\"https:\/\/muniteodoro.cl\/portal\/wp-content\/uploads\/elementor\/thumbs\/Yasmir-Vidal-scaled-qygctsdvpydmlhb2ovbuzajm1numlel4fxkujxtp1s.jpg\" title=\"Yasmir Vidal\" alt=\"Yasmir Vidal\" loading=\"lazy\" \/>\t\t\t\t\t\t\t\t\t\t\t\t\t\t\t<\/div>\n\t\t\t\t<\/div>\n\t\t\t\t\t<\/div>\n\t\t<\/div>\n\t\t\t\t\t<\/div>\n\t\t<\/section>\n\t\t\t\t<section class=\"elementor-section elementor-top-section elementor-element elementor-element-94da1b0 elementor-section-boxed elementor-section-height-default elementor-section-height-default\" data-id=\"94da1b0\" data-element_type=\"section\" data-e-type=\"section\">\n\t\t\t\t\t\t<div class=\"elementor-container elementor-column-gap-default\">\n\t\t\t\t\t<div class=\"elementor-column elementor-col-50 elementor-top-column elementor-element elementor-element-ca4428e\" data-id=\"ca4428e\" data-element_type=\"column\" data-e-type=\"column\">\n\t\t\t<div class=\"elementor-widget-wrap elementor-element-populated\">\n\t\t\t\t\t\t<div class=\"elementor-element elementor-element-e442ad7 elementor-widget elementor-widget-heading\" data-id=\"e442ad7\" data-element_type=\"widget\" data-e-type=\"widget\" data-widget_type=\"heading.default\">\n\t\t\t\t<div class=\"elementor-widget-container\">\n\t\t\t\t\t<h2 class=\"elementor-heading-title elementor-size-small\">ANA MARIA VINEZ JARA<\/h2>\t\t\t\t<\/div>\n\t\t\t\t<\/div>\n\t\t\t\t\t<\/div>\n\t\t<\/div>\n\t\t\t\t<div class=\"elementor-column elementor-col-50 elementor-top-column elementor-element elementor-element-47217cd\" data-id=\"47217cd\" data-element_type=\"column\" data-e-type=\"column\">\n\t\t\t<div class=\"elementor-widget-wrap elementor-element-populated\">\n\t\t\t\t\t\t<div class=\"elementor-element elementor-element-5e5271f elementor-widget elementor-widget-heading\" data-id=\"5e5271f\" data-element_type=\"widget\" data-e-type=\"widget\" data-widget_type=\"heading.default\">\n\t\t\t\t<div class=\"elementor-widget-container\">\n\t\t\t\t\t<h2 class=\"elementor-heading-title elementor-size-small\">YASMIR ENERILDA VIDAL SANTOS<\/h2>\t\t\t\t<\/div>\n\t\t\t\t<\/div>\n\t\t\t\t\t<\/div>\n\t\t<\/div>\n\t\t\t\t\t<\/div>\n\t\t<\/section>\n\t\t\t\t<section class=\"elementor-section elementor-top-section elementor-element elementor-element-8b1d7f9 elementor-section-boxed elementor-section-height-default elementor-section-height-default\" data-id=\"8b1d7f9\" data-element_type=\"section\" data-e-type=\"section\">\n\t\t\t\t\t\t<div class=\"elementor-container elementor-column-gap-default\">\n\t\t\t\t\t<div class=\"elementor-column elementor-col-50 elementor-top-column elementor-element elementor-element-f2eb2a6\" data-id=\"f2eb2a6\" data-element_type=\"column\" data-e-type=\"column\">\n\t\t\t<div class=\"elementor-widget-wrap elementor-element-populated\">\n\t\t\t\t\t\t<div class=\"elementor-element elementor-element-44d126e elementor-widget elementor-widget-text-editor\" data-id=\"44d126e\" data-element_type=\"widget\" data-e-type=\"widget\" data-widget_type=\"text-editor.default\">\n\t\t\t\t<div class=\"elementor-widget-container\">\n\t\t\t\t\t\t\t\t\t<p><strong>Contacto: <\/strong>+56 9 5322 59 04<br \/><strong>Email: <\/strong>anavinez.concejala@muniteodoro.cl<br \/><strong>Profesi\u00f3n u Oficio: <\/strong>Comerciante<strong><br \/>Partido Pol\u00edtico: <\/strong>Renovaci\u00f3n Nacional | RN<\/p>\t\t\t\t\t\t\t\t<\/div>\n\t\t\t\t<\/div>\n\t\t\t\t\t<\/div>\n\t\t<\/div>\n\t\t\t\t<div class=\"elementor-column elementor-col-50 elementor-top-column elementor-element elementor-element-f461051\" data-id=\"f461051\" data-element_type=\"column\" data-e-type=\"column\">\n\t\t\t<div class=\"elementor-widget-wrap elementor-element-populated\">\n\t\t\t\t\t\t<div class=\"elementor-element elementor-element-095eb62 elementor-widget elementor-widget-text-editor\" data-id=\"095eb62\" data-element_type=\"widget\" data-e-type=\"widget\" data-widget_type=\"text-editor.default\">\n\t\t\t\t<div class=\"elementor-widget-container\">\n\t\t\t\t\t\t\t\t\t<p><strong>Contacto: <\/strong>+56 9 9900 66 89<br \/><strong>Email: <\/strong>yasmirvidal.concejala@muniteodoro.cl<br \/><strong>Profesi\u00f3n u Oficio: <\/strong>Concejal<strong><br \/>Partido Pol\u00edtico: <\/strong>Partido Por la Democracia | PPD<\/p>\t\t\t\t\t\t\t\t<\/div>\n\t\t\t\t<\/div>\n\t\t\t\t\t<\/div>\n\t\t<\/div>\n\t\t\t\t\t<\/div>\n\t\t<\/section>\n\t\t\t\t<section class=\"elementor-section elementor-top-section elementor-element elementor-element-a4e2c44 elementor-section-boxed elementor-section-height-default elementor-section-height-default\" data-id=\"a4e2c44\" data-element_type=\"section\" data-e-type=\"section\">\n\t\t\t\t\t\t<div class=\"elementor-container elementor-column-gap-default\">\n\t\t\t\t\t<div class=\"elementor-column elementor-col-50 elementor-top-column elementor-element elementor-element-de02eb8\" data-id=\"de02eb8\" data-element_type=\"column\" data-e-type=\"column\">\n\t\t\t<div class=\"elementor-widget-wrap elementor-element-populated\">\n\t\t\t\t\t\t<div class=\"elementor-element elementor-element-e6d1973 elementor-widget elementor-widget-image\" data-id=\"e6d1973\" data-element_type=\"widget\" data-e-type=\"widget\" data-widget_type=\"image.default\">\n\t\t\t\t<div class=\"elementor-widget-container\">\n\t\t\t\t\t\t\t\t\t\t\t\t\t\t\t<img decoding=\"async\" src=\"https:\/\/muniteodoro.cl\/portal\/wp-content\/uploads\/elementor\/thumbs\/Willy-Vidal-scaled-qygcud2bwb5xowh1c49ni5br450paqv7urxj40z18w.jpg\" title=\"Willy Vidal\" alt=\"Willy Vidal\" loading=\"lazy\" \/>\t\t\t\t\t\t\t\t\t\t\t\t\t\t\t<\/div>\n\t\t\t\t<\/div>\n\t\t\t\t\t<\/div>\n\t\t<\/div>\n\t\t\t\t<div class=\"elementor-column elementor-col-50 elementor-top-column elementor-element elementor-element-5c2a6cc\" data-id=\"5c2a6cc\" data-element_type=\"column\" data-e-type=\"column\">\n\t\t\t<div class=\"elementor-widget-wrap elementor-element-populated\">\n\t\t\t\t\t\t<div class=\"elementor-element elementor-element-9c7d844 elementor-widget elementor-widget-image\" data-id=\"9c7d844\" data-element_type=\"widget\" data-e-type=\"widget\" data-widget_type=\"image.default\">\n\t\t\t\t<div class=\"elementor-widget-container\">\n\t\t\t\t\t\t\t\t\t\t\t\t\t\t\t<img decoding=\"async\" src=\"https:\/\/muniteodoro.cl\/portal\/wp-content\/uploads\/elementor\/thumbs\/Juan-Castro-scaled-qygcvkawmot4iyq8bmyhoueyfv3l4tmvcpxv6r6xao.jpg\" title=\"Juan Castro\" alt=\"Juan Castro\" loading=\"lazy\" \/>\t\t\t\t\t\t\t\t\t\t\t\t\t\t\t<\/div>\n\t\t\t\t<\/div>\n\t\t\t\t\t<\/div>\n\t\t<\/div>\n\t\t\t\t\t<\/div>\n\t\t<\/section>\n\t\t\t\t<section class=\"elementor-section elementor-top-section elementor-element elementor-element-68f96cc elementor-section-boxed elementor-section-height-default elementor-section-height-default\" data-id=\"68f96cc\" data-element_type=\"section\" data-e-type=\"section\">\n\t\t\t\t\t\t<div class=\"elementor-container elementor-column-gap-default\">\n\t\t\t\t\t<div class=\"elementor-column elementor-col-50 elementor-top-column elementor-element elementor-element-85a1a26\" data-id=\"85a1a26\" data-element_type=\"column\" data-e-type=\"column\">\n\t\t\t<div class=\"elementor-widget-wrap elementor-element-populated\">\n\t\t\t\t\t\t<div class=\"elementor-element elementor-element-5a49cd6 elementor-widget elementor-widget-heading\" data-id=\"5a49cd6\" data-element_type=\"widget\" data-e-type=\"widget\" data-widget_type=\"heading.default\">\n\t\t\t\t<div class=\"elementor-widget-container\">\n\t\t\t\t\t<h2 class=\"elementor-heading-title elementor-size-small\">WILLY ROBERTH VIDAL BENEVENTI<\/h2>\t\t\t\t<\/div>\n\t\t\t\t<\/div>\n\t\t\t\t\t<\/div>\n\t\t<\/div>\n\t\t\t\t<div class=\"elementor-column elementor-col-50 elementor-top-column elementor-element elementor-element-6a03e96\" data-id=\"6a03e96\" data-element_type=\"column\" data-e-type=\"column\">\n\t\t\t<div class=\"elementor-widget-wrap elementor-element-populated\">\n\t\t\t\t\t\t<div class=\"elementor-element elementor-element-9774d34 elementor-widget elementor-widget-heading\" data-id=\"9774d34\" data-element_type=\"widget\" data-e-type=\"widget\" data-widget_type=\"heading.default\">\n\t\t\t\t<div class=\"elementor-widget-container\">\n\t\t\t\t\t<h2 class=\"elementor-heading-title elementor-size-small\">JUAN FERNANDO CASTRO TRECANAO<\/h2>\t\t\t\t<\/div>\n\t\t\t\t<\/div>\n\t\t\t\t\t<\/div>\n\t\t<\/div>\n\t\t\t\t\t<\/div>\n\t\t<\/section>\n\t\t\t\t<section class=\"elementor-section elementor-top-section elementor-element elementor-element-276c204 elementor-section-boxed elementor-section-height-default elementor-section-height-default\" data-id=\"276c204\" data-element_type=\"section\" data-e-type=\"section\">\n\t\t\t\t\t\t<div class=\"elementor-container elementor-column-gap-default\">\n\t\t\t\t\t<div class=\"elementor-column elementor-col-50 elementor-top-column elementor-element elementor-element-17503e7\" data-id=\"17503e7\" data-element_type=\"column\" data-e-type=\"column\">\n\t\t\t<div class=\"elementor-widget-wrap elementor-element-populated\">\n\t\t\t\t\t\t<div class=\"elementor-element elementor-element-2a3c9ab elementor-widget elementor-widget-text-editor\" data-id=\"2a3c9ab\" data-element_type=\"widget\" data-e-type=\"widget\" data-widget_type=\"text-editor.default\">\n\t\t\t\t<div class=\"elementor-widget-container\">\n\t\t\t\t\t\t\t\t\t<p><strong>Contacto: <\/strong>+56 9 9372 89 35<br \/><strong>Email:<\/strong> willyvidal.concejal@muniteodoro.cl<br \/><strong>Profesi\u00f3n u Oficio: <\/strong>T\u00e9cnico en Administraci\u00f3n<strong><br \/>Partido Pol\u00edtico: <\/strong>Republicanos<\/p>\t\t\t\t\t\t\t\t<\/div>\n\t\t\t\t<\/div>\n\t\t\t\t\t<\/div>\n\t\t<\/div>\n\t\t\t\t<div class=\"elementor-column elementor-col-50 elementor-top-column elementor-element elementor-element-d77f31c\" data-id=\"d77f31c\" data-element_type=\"column\" data-e-type=\"column\">\n\t\t\t<div class=\"elementor-widget-wrap elementor-element-populated\">\n\t\t\t\t\t\t<div class=\"elementor-element elementor-element-8767e3e elementor-widget elementor-widget-text-editor\" data-id=\"8767e3e\" data-element_type=\"widget\" data-e-type=\"widget\" data-widget_type=\"text-editor.default\">\n\t\t\t\t<div class=\"elementor-widget-container\">\n\t\t\t\t\t\t\t\t\t<p><strong>Contacto: <\/strong>+56 9 5472 80 27<br \/><strong>Email: <\/strong>juancastro.concejal@muniteodoro.cl<br \/><strong>Profesi\u00f3n u Oficio: <\/strong>Productor de Eventos<strong><br \/>Partido Pol\u00edtico: <\/strong>Dem\u00f3crata | IND<\/p>\t\t\t\t\t\t\t\t<\/div>\n\t\t\t\t<\/div>\n\t\t\t\t\t<\/div>\n\t\t<\/div>\n\t\t\t\t\t<\/div>\n\t\t<\/section>\n\t\t\t\t<\/div>\n\t\t","protected":false},"excerpt":{"rendered":"<p>EDISON PATRICIO BUSTOS QUILAQUEO SERGIO ORLANDO MORALES TAPIA Contacto: +56 9 9540 89 10Email: patriciobustos.concejal@muniteodoro.clProfesi\u00f3n u Oficio: Ingeniero Agr\u00f3nomoPartido Pol\u00edtico: Renovaci\u00f3n Nacional | RN Contacto:\u00a0+56 9 8703 71 39Email: sergiomorales.concejal@muniteodoro.clProfesi\u00f3n u Oficio:\u00a0Ingeniero Agr\u00f3nomoPartido Pol\u00edtico:\u00a0Unidad Democrata Independiente | UDI | IND ANA MARIA VINEZ JARA YASMIR ENERILDA VIDAL SANTOS Contacto: +56 9 5322 59 04Email: anavinez.concejala@muniteodoro.clProfesi\u00f3n [&hellip;]<\/p>\n","protected":false},"author":1,"featured_media":18558,"parent":0,"menu_order":2,"comment_status":"closed","ping_status":"closed","template":"","meta":{"xn-wppe-expiration":[],"xn-wppe-expiration-action":[],"xn-wppe-expiration-prefix":[],"footnotes":""},"class_list":["post-221","page","type-page","status-publish","has-post-thumbnail","hentry"],"publishpress_future_action":{"enabled":false,"date":"2026-04-24 11:03:26","action":"change-status","newStatus":"draft","terms":[],"taxonomy":"","extraData":[]},"publishpress_future_workflow_manual_trigger":{"enabledWorkflows":[]},"_links":{"self":[{"href":"https:\/\/muniteodoro.cl\/portal\/wp-json\/wp\/v2\/pages\/221","targetHints":{"allow":["GET"]}}],"collection":[{"href":"https:\/\/muniteodoro.cl\/portal\/wp-json\/wp\/v2\/pages"}],"about":[{"href":"https:\/\/muniteodoro.cl\/portal\/wp-json\/wp\/v2\/types\/page"}],"author":[{"embeddable":true,"href":"https:\/\/muniteodoro.cl\/portal\/wp-json\/wp\/v2\/users\/1"}],"replies":[{"embeddable":true,"href":"https:\/\/muniteodoro.cl\/portal\/wp-json\/wp\/v2\/comments?post=221"}],"version-history":[{"count":84,"href":"https:\/\/muniteodoro.cl\/portal\/wp-json\/wp\/v2\/pages\/221\/revisions"}],"predecessor-version":[{"id":18647,"href":"https:\/\/muniteodoro.cl\/portal\/wp-json\/wp\/v2\/pages\/221\/revisions\/18647"}],"wp:featuredmedia":[{"embeddable":true,"href":"https:\/\/muniteodoro.cl\/portal\/wp-json\/wp\/v2\/media\/18558"}],"wp:attachment":[{"href":"https:\/\/muniteodoro.cl\/portal\/wp-json\/wp\/v2\/media?parent=221"}],"curies":[{"name":"wp","href":"https:\/\/api.w.org\/{rel}","templated":true}]}}