{"id":226,"date":"2017-02-09T13:15:04","date_gmt":"2017-02-09T13:15:04","guid":{"rendered":"http:\/\/muniteodoro.cl\/portal\/?page_id=226"},"modified":"2022-02-10T15:40:18","modified_gmt":"2022-02-10T18:40:18","slug":"municipalidad","status":"publish","type":"page","link":"https:\/\/muniteodoro.cl\/portal\/municipalidad\/","title":{"rendered":"&nbsp; &nbsp; &nbsp; MUNICIPALIDAD &nbsp; &nbsp; &nbsp;"},"content":{"rendered":"<style>\n.fade{opacity:5;}.fade:hover {opacity:0.5;}<\/style>\n<p><strong>Misi\u00f3n:<\/strong><\/p>\n<p>Entregar servicios de excelencia, con transparencia y equidad, tendiente a satisfacer las necesidades de la comunidad, considerando la realidad social, econ\u00f3mica y territorial a trav\u00e9s de personal calificado, con capacidad de gesti\u00f3n, respetando la diversidad cultural y el entorno.<\/p>\n<p>&nbsp;<\/p>\n<p><strong>Visi\u00f3n:<\/strong><\/p>\n<p>Ser un municipio que busca satisfacer las necesidades de la comunidad, promoviendo la participaci\u00f3n ciudadana, un estilo de vida saludable, con desarrollo comunal arm\u00f3nico con el medio ambiente, contando con una infraestructura moderna, adecuada y tecnol\u00f3gica, con equipos de trabajo capacitados, eficientes cre\u00edbles.<\/p>\n<p>&nbsp;<\/p>\n<p><a href=\"http:\/\/muniteodoro.cl\/portal\/administracion-municipal\/\"><img decoding=\"async\" class=\"fade aligncenter wp-image-603\" src=\"http:\/\/muniteodoro.cl\/portal\/wp-content\/uploads\/2017\/02\/ADMINISTRACION-MUNICIPAL-300x114.png\" width=\"353\" height=\"134\" srcset=\"https:\/\/muniteodoro.cl\/portal\/wp-content\/uploads\/2017\/02\/ADMINISTRACION-MUNICIPAL-300x114.png 300w, https:\/\/muniteodoro.cl\/portal\/wp-content\/uploads\/2017\/02\/ADMINISTRACION-MUNICIPAL.png 660w\" sizes=\"(max-width: 353px) 100vw, 353px\" \/><\/a>\u00a0<a href=\"http:\/\/muniteodoro.cl\/portal\/secretaria-municipal\/\"><img decoding=\"async\" class=\"fade aligncenter wp-image-576\" src=\"http:\/\/muniteodoro.cl\/portal\/wp-content\/uploads\/2017\/02\/SECRETARI\u0301A-MUNICIPAL-1-300x114.png\" width=\"353\" height=\"134\" srcset=\"https:\/\/muniteodoro.cl\/portal\/wp-content\/uploads\/2017\/02\/SECRETARI\u0301A-MUNICIPAL-1-300x114.png 300w, https:\/\/muniteodoro.cl\/portal\/wp-content\/uploads\/2017\/02\/SECRETARI\u0301A-MUNICIPAL-1.png 660w\" sizes=\"(max-width: 353px) 100vw, 353px\" \/><\/a><\/p>\n<p><a href=\"http:\/\/muniteodoro.cl\/portal\/control-municipal\/\"><img decoding=\"async\" class=\"fade aligncenter wp-image-592\" src=\"http:\/\/muniteodoro.cl\/portal\/wp-content\/uploads\/2017\/02\/CONTROL-MUNICIPAL-1-300x114.png\" width=\"353\" height=\"134\" srcset=\"https:\/\/muniteodoro.cl\/portal\/wp-content\/uploads\/2017\/02\/CONTROL-MUNICIPAL-1-300x114.png 300w, https:\/\/muniteodoro.cl\/portal\/wp-content\/uploads\/2017\/02\/CONTROL-MUNICIPAL-1.png 660w\" sizes=\"(max-width: 353px) 100vw, 353px\" \/><\/a><\/p>\n<p><a href=\"http:\/\/muniteodoro.cl\/portal\/administracion-y-finanzas\/\"><img loading=\"lazy\" decoding=\"async\" class=\"fade aligncenter wp-image-623\" src=\"http:\/\/muniteodoro.cl\/portal\/wp-content\/uploads\/2017\/02\/ADMINISTRACION-300x114.png\" width=\"353\" height=\"134\" srcset=\"https:\/\/muniteodoro.cl\/portal\/wp-content\/uploads\/2017\/02\/ADMINISTRACION-300x114.png 300w, https:\/\/muniteodoro.cl\/portal\/wp-content\/uploads\/2017\/02\/ADMINISTRACION.png 660w\" sizes=\"(max-width: 353px) 100vw, 353px\" \/><\/a><\/p>\n<p><a href=\"http:\/\/muniteodoro.cl\/portal\/direccion-de-transito\/\"><img loading=\"lazy\" decoding=\"async\" class=\"fade aligncenter wp-image-574\" src=\"http:\/\/muniteodoro.cl\/portal\/wp-content\/uploads\/2017\/02\/DIRECCIO\u0301N-DE-TRA\u0301NSITO-4-300x114.png\" width=\"353\" height=\"134\" srcset=\"https:\/\/muniteodoro.cl\/portal\/wp-content\/uploads\/2017\/02\/DIRECCIO\u0301N-DE-TRA\u0301NSITO-4-300x114.png 300w, https:\/\/muniteodoro.cl\/portal\/wp-content\/uploads\/2017\/02\/DIRECCIO\u0301N-DE-TRA\u0301NSITO-4.png 660w\" sizes=\"(max-width: 353px) 100vw, 353px\" \/><\/a><\/p>\n<p><a href=\"http:\/\/muniteodoro.cl\/portal\/direccion-de-desarrollo-comunitario\/\"><img loading=\"lazy\" decoding=\"async\" class=\"fade aligncenter wp-image-597\" src=\"http:\/\/muniteodoro.cl\/portal\/wp-content\/uploads\/2017\/02\/DIDECO-300x114.png\" width=\"353\" height=\"134\" srcset=\"https:\/\/muniteodoro.cl\/portal\/wp-content\/uploads\/2017\/02\/DIDECO-300x114.png 300w, https:\/\/muniteodoro.cl\/portal\/wp-content\/uploads\/2017\/02\/DIDECO.png 660w\" sizes=\"(max-width: 353px) 100vw, 353px\" \/><\/a><\/p>\n<p><a href=\"http:\/\/muniteodoro.cl\/portal\/direccion-de-seguridad-publica\/\"><img loading=\"lazy\" decoding=\"async\" class=\"fade aligncenter wp-image-656\" src=\"http:\/\/muniteodoro.cl\/portal\/wp-content\/uploads\/2017\/02\/seguridad-1-300x114.png\" width=\"353\" height=\"134\" srcset=\"https:\/\/muniteodoro.cl\/portal\/wp-content\/uploads\/2017\/02\/seguridad-1-300x114.png 300w, https:\/\/muniteodoro.cl\/portal\/wp-content\/uploads\/2017\/02\/seguridad-1.png 660w\" sizes=\"(max-width: 353px) 100vw, 353px\" \/><\/a><\/p>\n<p><a href=\"http:\/\/muniteodoro.cl\/portal\/direccion-de-obras\/\"><img loading=\"lazy\" decoding=\"async\" class=\"fade aligncenter wp-image-636\" src=\"http:\/\/muniteodoro.cl\/portal\/wp-content\/uploads\/2017\/02\/OBRAS-300x114.png\" width=\"353\" height=\"134\" srcset=\"https:\/\/muniteodoro.cl\/portal\/wp-content\/uploads\/2017\/02\/OBRAS-300x114.png 300w, https:\/\/muniteodoro.cl\/portal\/wp-content\/uploads\/2017\/02\/OBRAS.png 660w\" sizes=\"(max-width: 353px) 100vw, 353px\" \/><\/a><\/p>\n<p><a href=\"http:\/\/muniteodoro.cl\/portal\/departamento-de-salud-municipal\/\"><img loading=\"lazy\" decoding=\"async\" class=\"fade aligncenter wp-image-624\" src=\"http:\/\/muniteodoro.cl\/portal\/wp-content\/uploads\/2017\/02\/SALUD-300x114.png\" width=\"353\" height=\"134\" srcset=\"https:\/\/muniteodoro.cl\/portal\/wp-content\/uploads\/2017\/02\/SALUD-300x114.png 300w, https:\/\/muniteodoro.cl\/portal\/wp-content\/uploads\/2017\/02\/SALUD.png 660w\" sizes=\"(max-width: 353px) 100vw, 353px\" \/><\/a><\/p>\n<p>&nbsp;<\/p>\n<p><a href=\"http:\/\/muniteodoro.cl\/portal\/juzgado-de-policia-local\/\"><img loading=\"lazy\" decoding=\"async\" class=\"fade aligncenter wp-image-642\" src=\"http:\/\/muniteodoro.cl\/portal\/wp-content\/uploads\/2017\/02\/JUZGADO-300x114.png\" width=\"353\" height=\"134\" srcset=\"https:\/\/muniteodoro.cl\/portal\/wp-content\/uploads\/2017\/02\/JUZGADO-300x114.png 300w, https:\/\/muniteodoro.cl\/portal\/wp-content\/uploads\/2017\/02\/JUZGADO.png 660w\" sizes=\"(max-width: 353px) 100vw, 353px\" \/><\/a><\/p>\n<p><a href=\"http:\/\/muniteodoro.cl\/portal\/asesor-juridico\/\"><img loading=\"lazy\" decoding=\"async\" class=\"fade aligncenter wp-image-658\" src=\"http:\/\/muniteodoro.cl\/portal\/wp-content\/uploads\/2017\/02\/seguridad-1-1-300x114.png\" width=\"353\" height=\"134\" srcset=\"https:\/\/muniteodoro.cl\/portal\/wp-content\/uploads\/2017\/02\/seguridad-1-1-300x114.png 300w, https:\/\/muniteodoro.cl\/portal\/wp-content\/uploads\/2017\/02\/seguridad-1-1.png 660w\" sizes=\"(max-width: 353px) 100vw, 353px\" \/><\/a><br \/>\n<a href=\"http:\/\/muniteodoro.cl\/portal\/sectretaria-de-planificacion-comunal\/\"><img loading=\"lazy\" decoding=\"async\" class=\"fade aligncenter wp-image-660\" src=\"http:\/\/muniteodoro.cl\/portal\/wp-content\/uploads\/2017\/02\/seguridad-2-300x114.png\" alt=\"\" width=\"353\" height=\"134\" srcset=\"https:\/\/muniteodoro.cl\/portal\/wp-content\/uploads\/2017\/02\/seguridad-2-300x114.png 300w, https:\/\/muniteodoro.cl\/portal\/wp-content\/uploads\/2017\/02\/seguridad-2.png 660w\" sizes=\"(max-width: 353px) 100vw, 353px\" \/><\/a><\/p>\n<p><a href=\" http:\/\/muniteodoro.cl\/portal\/direccion-de-medio-ambiente-aseo-y-ornato\/\"><img loading=\"lazy\" decoding=\"async\" class=\"fade aligncenter wp-image-603\" src=\"http:\/\/muniteodoro.cl\/portal\/wp-content\/uploads\/2017\/02\/DIRECCIO\u0301N-DE-MEDIO-AMBIENTE-ASEO-Y-ORNATO-1.png\" width=\"353\" height=\"134\" \/><\/a><\/p>\n","protected":false},"excerpt":{"rendered":"<p>Misi\u00f3n: Entregar servicios de excelencia, con transparencia y equidad, tendiente a satisfacer las necesidades de la comunidad, considerando la realidad social, econ\u00f3mica y territorial a trav\u00e9s de personal calificado, con capacidad de gesti\u00f3n, respetando la diversidad cultural y el entorno. &nbsp; Visi\u00f3n: Ser un municipio que busca satisfacer las necesidades de la comunidad, promoviendo la [&hellip;]<\/p>\n","protected":false},"author":1,"featured_media":530,"parent":0,"menu_order":3,"comment_status":"closed","ping_status":"closed","template":"","meta":{"xn-wppe-expiration":[],"xn-wppe-expiration-action":[],"xn-wppe-expiration-prefix":[],"footnotes":""},"class_list":["post-226","page","type-page","status-publish","has-post-thumbnail","hentry"],"publishpress_future_action":{"enabled":false,"date":"2026-04-18 17:28:33","action":"change-status","newStatus":"draft","terms":[],"taxonomy":"","extraData":[]},"publishpress_future_workflow_manual_trigger":{"enabledWorkflows":[]},"_links":{"self":[{"href":"https:\/\/muniteodoro.cl\/portal\/wp-json\/wp\/v2\/pages\/226","targetHints":{"allow":["GET"]}}],"collection":[{"href":"https:\/\/muniteodoro.cl\/portal\/wp-json\/wp\/v2\/pages"}],"about":[{"href":"https:\/\/muniteodoro.cl\/portal\/wp-json\/wp\/v2\/types\/page"}],"author":[{"embeddable":true,"href":"https:\/\/muniteodoro.cl\/portal\/wp-json\/wp\/v2\/users\/1"}],"replies":[{"embeddable":true,"href":"https:\/\/muniteodoro.cl\/portal\/wp-json\/wp\/v2\/comments?post=226"}],"version-history":[{"count":82,"href":"https:\/\/muniteodoro.cl\/portal\/wp-json\/wp\/v2\/pages\/226\/revisions"}],"predecessor-version":[{"id":8210,"href":"https:\/\/muniteodoro.cl\/portal\/wp-json\/wp\/v2\/pages\/226\/revisions\/8210"}],"wp:featuredmedia":[{"embeddable":true,"href":"https:\/\/muniteodoro.cl\/portal\/wp-json\/wp\/v2\/media\/530"}],"wp:attachment":[{"href":"https:\/\/muniteodoro.cl\/portal\/wp-json\/wp\/v2\/media?parent=226"}],"curies":[{"name":"wp","href":"https:\/\/api.w.org\/{rel}","templated":true}]}}