{"id":228,"date":"2017-02-09T13:15:57","date_gmt":"2017-02-09T13:15:57","guid":{"rendered":"http:\/\/muniteodoro.cl\/portal\/?page_id=228"},"modified":"2025-11-28T17:17:34","modified_gmt":"2025-11-28T20:17:34","slug":"transparencia","status":"publish","type":"page","link":"https:\/\/muniteodoro.cl\/portal\/transparencia\/","title":{"rendered":"&nbsp; &nbsp; &nbsp; LEY TRANSPARENCIA &nbsp; &nbsp; &nbsp;"},"content":{"rendered":"<h3 class=\"font-bold font-30 font-white\">\u00bfQu\u00e9 es la Ley de Transparencia?<\/h3>\n<p>Es la ley que reconoce a todas las personas su Derecho de Acceso a la Informaci\u00f3n P\u00fablica.<\/p>\n<p>Este derecho funciona como una llave que permite a cualquier persona acceder a la informaci\u00f3n p\u00fablica, es decir, aquella que se encuentra en poder de cualquier Instituci\u00f3n P\u00fablica.<\/p>\n<p>Entr\u00f3 en vigencia en abril del 2009 con el nombre de <strong>Ley de Transparencia<\/strong> de la Funci\u00f3n P\u00fablica y de Acceso a la Informaci\u00f3n de la Administraci\u00f3n del Estado (Ley 20.285), m\u00e1s conocida como Ley de Transparencia.<\/p>\n<p>&nbsp;<\/p>\n<h3 class=\"widget-title\">Ley de Transparencia se desarrolla en dos dimensiones<\/h3>\n<h4>Transparencia Activa<\/h4>\n<ul>\n<li>El acceso permanente a informaci\u00f3n a trav\u00e9s de los sitios web de los organismos p\u00fablicos.<\/li>\n<\/ul>\n<p>&nbsp;<\/p>\n<h4>Derecho de acceso a la informaci\u00f3n<\/h4>\n<ul>\n<li>El deber que tienen los organismos p\u00fablicos de recibir solicitudes de informaci\u00f3n y entregar \u00e9sta, salvo que exista un motivo de secreto o reserva.<\/li>\n<\/ul>\n<p>&nbsp;<\/p>\n<p><a href=\"https:\/\/www.portaltransparencia.cl\/PortalPdT\/pdtta?codOrganismo=MU317\"><img decoding=\"async\" class=\"aligncenter wp-image-8131\" src=\"https:\/\/muniteodoro.cl\/portal\/wp-content\/uploads\/2022\/02\/DESTACADOS-WEB-06.png\" alt=\"\" width=\"350\" height=\"126\" srcset=\"https:\/\/muniteodoro.cl\/portal\/wp-content\/uploads\/2022\/02\/DESTACADOS-WEB-06.png 420w, https:\/\/muniteodoro.cl\/portal\/wp-content\/uploads\/2022\/02\/DESTACADOS-WEB-06-300x108.png 300w\" sizes=\"(max-width: 350px) 100vw, 350px\" \/><\/a><\/p>\n<p><a href=\"https:\/\/muniteodoro.cl\/app\/sai\/\"><img decoding=\"async\" class=\"aligncenter wp-image-8132\" src=\"https:\/\/muniteodoro.cl\/portal\/wp-content\/uploads\/2022\/02\/DESTACADOS-WEB-07.png\" alt=\"\" width=\"350\" height=\"126\" srcset=\"https:\/\/muniteodoro.cl\/portal\/wp-content\/uploads\/2022\/02\/DESTACADOS-WEB-07.png 420w, https:\/\/muniteodoro.cl\/portal\/wp-content\/uploads\/2022\/02\/DESTACADOS-WEB-07-300x108.png 300w\" sizes=\"(max-width: 350px) 100vw, 350px\" \/><\/a><\/p>\n<p><a href=\"https:\/\/www.leylobby.gob.cl\/instituciones\/MU317\"><img decoding=\"async\" class=\"aligncenter wp-image-8133\" src=\"https:\/\/muniteodoro.cl\/portal\/wp-content\/uploads\/2022\/02\/DESTACADOS-WEB-08.png\" alt=\"\" width=\"350\" height=\"126\" srcset=\"https:\/\/muniteodoro.cl\/portal\/wp-content\/uploads\/2022\/02\/DESTACADOS-WEB-08.png 420w, https:\/\/muniteodoro.cl\/portal\/wp-content\/uploads\/2022\/02\/DESTACADOS-WEB-08-300x108.png 300w\" sizes=\"(max-width: 350px) 100vw, 350px\" \/><\/a><\/p>\n","protected":false},"excerpt":{"rendered":"<p>\u00bfQu\u00e9 es la Ley de Transparencia? Es la ley que reconoce a todas las personas su Derecho de Acceso a la Informaci\u00f3n P\u00fablica. Este derecho funciona como una llave que permite a cualquier persona acceder a la informaci\u00f3n p\u00fablica, es decir, aquella que se encuentra en poder de cualquier Instituci\u00f3n P\u00fablica. Entr\u00f3 en vigencia en [&hellip;]<\/p>\n","protected":false},"author":1,"featured_media":8127,"parent":0,"menu_order":4,"comment_status":"closed","ping_status":"closed","template":"","meta":{"xn-wppe-expiration":[],"xn-wppe-expiration-action":[],"xn-wppe-expiration-prefix":[],"footnotes":""},"class_list":["post-228","page","type-page","status-publish","has-post-thumbnail","hentry"],"publishpress_future_action":{"enabled":false,"date":"2026-04-15 06:09:43","action":"change-status","newStatus":"draft","terms":[],"taxonomy":"","extraData":[]},"publishpress_future_workflow_manual_trigger":{"enabledWorkflows":[]},"_links":{"self":[{"href":"https:\/\/muniteodoro.cl\/portal\/wp-json\/wp\/v2\/pages\/228","targetHints":{"allow":["GET"]}}],"collection":[{"href":"https:\/\/muniteodoro.cl\/portal\/wp-json\/wp\/v2\/pages"}],"about":[{"href":"https:\/\/muniteodoro.cl\/portal\/wp-json\/wp\/v2\/types\/page"}],"author":[{"embeddable":true,"href":"https:\/\/muniteodoro.cl\/portal\/wp-json\/wp\/v2\/users\/1"}],"replies":[{"embeddable":true,"href":"https:\/\/muniteodoro.cl\/portal\/wp-json\/wp\/v2\/comments?post=228"}],"version-history":[{"count":13,"href":"https:\/\/muniteodoro.cl\/portal\/wp-json\/wp\/v2\/pages\/228\/revisions"}],"predecessor-version":[{"id":19807,"href":"https:\/\/muniteodoro.cl\/portal\/wp-json\/wp\/v2\/pages\/228\/revisions\/19807"}],"wp:featuredmedia":[{"embeddable":true,"href":"https:\/\/muniteodoro.cl\/portal\/wp-json\/wp\/v2\/media\/8127"}],"wp:attachment":[{"href":"https:\/\/muniteodoro.cl\/portal\/wp-json\/wp\/v2\/media?parent=228"}],"curies":[{"name":"wp","href":"https:\/\/api.w.org\/{rel}","templated":true}]}}