{"id":232,"date":"2017-02-09T13:20:20","date_gmt":"2017-02-09T13:20:20","guid":{"rendered":"http:\/\/muniteodoro.cl\/portal\/?page_id=232"},"modified":"2025-03-05T13:49:05","modified_gmt":"2025-03-05T16:49:05","slug":"telefonos-municipales","status":"publish","type":"page","link":"https:\/\/muniteodoro.cl\/portal\/telefonos-municipales\/","title":{"rendered":"TEL\u00c9FONOS MUNICIPALES"},"content":{"rendered":"\r\n<p class=\"has-text-align-center\"><strong>TEL\u00c9FONOS MUNICIPALES <br \/><\/strong><\/p>\r\n<p><span class=\"d2edcug0 hpfvmrgz qv66sw1b c1et5uql lr9zc1uh a8c37x1j keod5gw0 nxhoafnm aigsh9s9 d3f4x2em fe6kdd0r mau55g9w c8b282yb iv3no6db jq4qci2q a3bd9o3v b1v8xokw oo9gr5id\" dir=\"auto\">A fin que usted pueda tomar contacto con nosotros publicamos el presente \u00edndice telef\u00f3nico <span class=\"pq6dq46d tbxw36s4 knj5qynh kvgmc6g5 ditlmg2l oygrvhab nvdbi5me sf5mxxl7 gl3lb2sf hhz5lgdu\"><img decoding=\"async\" src=\"https:\/\/static.xx.fbcdn.net\/images\/emoji.php\/v9\/t4d\/1\/16\/1f4de.png\" alt=\"\ud83d\udcde\" width=\"16\" height=\"16\" \/><\/span>.<\/span><\/p>\r\n\n<table id=\"tablepress-5\" class=\"tablepress tablepress-id-5\">\n<thead>\n<tr class=\"row-1\">\n\t<th class=\"column-1\">TEL\u00c9FONO<\/th><th class=\"column-2\">UNIDAD<\/th><th class=\"column-3\">FUNCIONARIO<\/th><th class=\"column-4\">ANEXO<\/th>\n<\/tr>\n<\/thead>\n<tbody class=\"row-striping row-hover\">\n<tr class=\"row-2\">\n\t<td class=\"column-1\">452922712<\/td><td class=\"column-2\">Administrador Municipal<\/td><td class=\"column-3\">Patricio Aguilera V.<\/td><td class=\"column-4\">712<\/td>\n<\/tr>\n<tr class=\"row-3\">\n\t<td class=\"column-1\">452922714<\/td><td class=\"column-2\">Administrativa Administraci\u00f3n<\/td><td class=\"column-3\">Liliana Guti\u00e9rrez C.<\/td><td class=\"column-4\">714<\/td>\n<\/tr>\n<tr class=\"row-4\">\n\t<td class=\"column-1\">452922731<\/td><td class=\"column-2\">Administrativa Alcalde<\/td><td class=\"column-3\">M\u00f3nica Rodas M.<\/td><td class=\"column-4\">731<\/td>\n<\/tr>\n<tr class=\"row-5\">\n\t<td class=\"column-1\">452378335<\/td><td class=\"column-2\">Apoyo Profesional Administraci\u00f3n<\/td><td class=\"column-3\">M\u00f3nica Manr\u00edquez R.<\/td><td class=\"column-4\">335<\/td>\n<\/tr>\n<tr class=\"row-6\">\n\t<td class=\"column-1\">452922731<\/td><td class=\"column-2\">Comunicaciones<\/td><td class=\"column-3\">Daniel Cifuentes<\/td><td class=\"column-4\">731<\/td>\n<\/tr>\n<tr class=\"row-7\">\n\t<td class=\"column-1\">452922740<\/td><td class=\"column-2\">Apoyo Profesional Control<\/td><td class=\"column-3\">Gabriel Sep\u00falveda<\/td><td class=\"column-4\">740<\/td>\n<\/tr>\n<tr class=\"row-8\">\n\t<td class=\"column-1\">452922715<\/td><td class=\"column-2\">Control Directora<\/td><td class=\"column-3\">Maritza Fonseca A.<\/td><td class=\"column-4\">715<\/td>\n<\/tr>\n<tr class=\"row-9\">\n\t<td class=\"column-1\">452922784<\/td><td class=\"column-2\">DIDECO Administrativa<\/td><td class=\"column-3\">Yanett Soto V.<\/td><td class=\"column-4\">784<\/td>\n<\/tr>\n<tr class=\"row-10\">\n\t<td class=\"column-1\">452922748<\/td><td class=\"column-2\">DIDECO Adulto Mayor<\/td><td class=\"column-3\">Daniela Gallardo G.<\/td><td class=\"column-4\">748<\/td>\n<\/tr>\n<tr class=\"row-11\">\n\t<td class=\"column-1\">452922750<\/td><td class=\"column-2\">DIDECO CONADI<\/td><td class=\"column-3\">Ra\u00fal Anc\u00e1n A.<\/td><td class=\"column-4\">750<\/td>\n<\/tr>\n<tr class=\"row-12\">\n\t<td class=\"column-1\">452378312<\/td><td class=\"column-2\">DIDECO Cultura<\/td><td class=\"column-3\">DIDECO Cultura<\/td><td class=\"column-4\">312<\/td>\n<\/tr>\n<tr class=\"row-13\">\n\t<td class=\"column-1\">452378313<\/td><td class=\"column-2\">DIDECO Deportes<\/td><td class=\"column-3\">DIDECO Deportes<\/td><td class=\"column-4\">313<\/td>\n<\/tr>\n<tr class=\"row-14\">\n\t<td class=\"column-1\">452922720<\/td><td class=\"column-2\">DIDECO Director<\/td><td class=\"column-3\">Luis Sep\u00falveda L.<\/td><td class=\"column-4\">720<\/td>\n<\/tr>\n<tr class=\"row-15\">\n\t<td class=\"column-1\">452922786<\/td><td class=\"column-2\">DIDECO Organizaciones Comunitarias<\/td><td class=\"column-3\">Andrea Gonz\u00e1lez C.<\/td><td class=\"column-4\">786<\/td>\n<\/tr>\n<tr class=\"row-16\">\n\t<td class=\"column-1\">452378327<\/td><td class=\"column-2\">DIDECO Programa Discapacidad<\/td><td class=\"column-3\">Andrea Sierra C.<\/td><td class=\"column-4\">327<\/td>\n<\/tr>\n<tr class=\"row-17\">\n\t<td class=\"column-1\">452922780<\/td><td class=\"column-2\">DIDECO Programa Extrapresupuestario<\/td><td class=\"column-3\">Paula Leal R.<\/td><td class=\"column-4\">780<\/td>\n<\/tr>\n<tr class=\"row-18\">\n\t<td class=\"column-1\">452922743<\/td><td class=\"column-2\">DIDECO Programa Familias SYO<\/td><td class=\"column-3\">Ang\u00e9lica Salazar P.<\/td><td class=\"column-4\">743<\/td>\n<\/tr>\n<tr class=\"row-19\">\n\t<td class=\"column-1\">452922744<\/td><td class=\"column-2\">DIDECO Programa Familias SYO<\/td><td class=\"column-3\">Jael Araneda Ll.<\/td><td class=\"column-4\">744<\/td>\n<\/tr>\n<tr class=\"row-20\">\n\t<td class=\"column-1\">452922736<\/td><td class=\"column-2\">DIDECO Programa Jefas de Hogar<\/td><td class=\"column-3\">Yohana Quintriqueo M.<\/td><td class=\"column-4\">736<\/td>\n<\/tr>\n<tr class=\"row-21\">\n\t<td class=\"column-1\">452922741<\/td><td class=\"column-2\">DIDECO Programa Jefas de Hogar<\/td><td class=\"column-3\">Natalie Barriga A.<\/td><td class=\"column-4\">741<\/td>\n<\/tr>\n<tr class=\"row-22\">\n\t<td class=\"column-1\">452378318<\/td><td class=\"column-2\">DIDECO Programa V\u00ednculos<\/td><td class=\"column-3\">Sara Monte H.<\/td><td class=\"column-4\">318<\/td>\n<\/tr>\n<tr class=\"row-23\">\n\t<td class=\"column-1\">452922745<\/td><td class=\"column-2\">DIDECO Registro Social de Hogares<\/td><td class=\"column-3\">Egly Sandoval A.<\/td><td class=\"column-4\">745<\/td>\n<\/tr>\n<tr class=\"row-24\">\n\t<td class=\"column-1\">452922746<\/td><td class=\"column-2\">DIDECO Registro Social de Hogares<\/td><td class=\"column-3\">Sandra Blanco A.<\/td><td class=\"column-4\">746<\/td>\n<\/tr>\n<tr class=\"row-25\">\n\t<td class=\"column-1\">452922702<\/td><td class=\"column-2\">DIDECO Ruka On Line<\/td><td class=\"column-3\">Vilma Raiman P.<\/td><td class=\"column-4\">702<\/td>\n<\/tr>\n<tr class=\"row-26\">\n\t<td class=\"column-1\">452922789<\/td><td class=\"column-2\">DIDECO Social Ayudas<\/td><td class=\"column-3\">Iveth Llanos L.<\/td><td class=\"column-4\">789<\/td>\n<\/tr>\n<tr class=\"row-27\">\n\t<td class=\"column-1\">452922787<\/td><td class=\"column-2\">DIDECO Social Subsidios<\/td><td class=\"column-3\">Abigail Vel\u00e1squez C.<\/td><td class=\"column-4\">787<\/td>\n<\/tr>\n<tr class=\"row-28\">\n\t<td class=\"column-1\">452378338<\/td><td class=\"column-2\">DIDECO Unidad Proyectos<\/td><td class=\"column-3\">Katherine Iturra N.<\/td><td class=\"column-4\">338<\/td>\n<\/tr>\n<tr class=\"row-29\">\n\t<td class=\"column-1\">452922788<\/td><td class=\"column-2\">DIDECO V\u00ednculos - Habitabilidad<\/td><td class=\"column-3\">Karin Mu\u00f1oz H.<\/td><td class=\"column-4\">788<\/td>\n<\/tr>\n<tr class=\"row-30\">\n\t<td class=\"column-1\">452922747<\/td><td class=\"column-2\">DIDECO Vivienda - Becas<\/td><td class=\"column-3\">Janet Quezada B.<\/td><td class=\"column-4\">747<\/td>\n<\/tr>\n<tr class=\"row-31\">\n\t<td class=\"column-1\">452922783<\/td><td class=\"column-2\">DIDECO Vivienda - Becas<\/td><td class=\"column-3\">\u00c1lvaro Pichun<\/td><td class=\"column-4\">783<\/td>\n<\/tr>\n<tr class=\"row-32\">\n\t<td class=\"column-1\">452922730<\/td><td class=\"column-2\">Finanzas Adquisiciones Municipal<\/td><td class=\"column-3\">Ivonne Ruiz H.<\/td><td class=\"column-4\">730<\/td>\n<\/tr>\n<tr class=\"row-33\">\n\t<td class=\"column-1\">452378324<\/td><td class=\"column-2\">Finanzas Bodega Municipal<\/td><td class=\"column-3\">Modesto Quezada B.<\/td><td class=\"column-4\">324<\/td>\n<\/tr>\n<tr class=\"row-34\">\n\t<td class=\"column-1\">452922763<\/td><td class=\"column-2\">Finanzas Contabilidad<\/td><td class=\"column-3\">Cinthia Mella S.<\/td><td class=\"column-4\">763<\/td>\n<\/tr>\n<tr class=\"row-35\">\n\t<td class=\"column-1\">452922717<\/td><td class=\"column-2\">Finanzas Director<\/td><td class=\"column-3\">Cristian Atala D.<\/td><td class=\"column-4\">717<\/td>\n<\/tr>\n<tr class=\"row-36\">\n\t<td class=\"column-1\">452378354<\/td><td class=\"column-2\">Finanzas Encargada Activo Fijo<\/td><td class=\"column-3\">Valesca Constanzo P.<\/td><td class=\"column-4\">354<\/td>\n<\/tr>\n<tr class=\"row-37\">\n\t<td class=\"column-1\">452378339<\/td><td class=\"column-2\">Finanzas Encargada Remuneraciones<\/td><td class=\"column-3\">Claudia Valenzuela E.<\/td><td class=\"column-4\">339<\/td>\n<\/tr>\n<tr class=\"row-38\">\n\t<td class=\"column-1\">452378315<\/td><td class=\"column-2\">Finanzas Encargada Rendiciones<\/td><td class=\"column-3\">Liliana Curin<\/td><td class=\"column-4\">315<\/td>\n<\/tr>\n<tr class=\"row-39\">\n\t<td class=\"column-1\">452922732<\/td><td class=\"column-2\">Finanzas Encargada Rentas y Patentes<\/td><td class=\"column-3\">Jessica Soto J.<\/td><td class=\"column-4\">732<\/td>\n<\/tr>\n<tr class=\"row-40\">\n\t<td class=\"column-1\">452922762<\/td><td class=\"column-2\">Finanzas Personal<\/td><td class=\"column-3\">Carolina Soto F.<\/td><td class=\"column-4\">762<\/td>\n<\/tr>\n<tr class=\"row-41\">\n\t<td class=\"column-1\">452922778<\/td><td class=\"column-2\">Finanzas Tesorer\u00eda<\/td><td class=\"column-3\">Evelin Lefimil L.<\/td><td class=\"column-4\">778<\/td>\n<\/tr>\n<tr class=\"row-42\">\n\t<td class=\"column-1\">452378353<\/td><td class=\"column-2\">Gesti\u00f3n de Riesgos de Desastre - Directora<\/td><td class=\"column-3\">Katterine Leal S.<\/td><td class=\"column-4\">353<\/td>\n<\/tr>\n<tr class=\"row-43\">\n\t<td class=\"column-1\">452378357<\/td><td class=\"column-2\">Gesti\u00f3n de Riesgos de Desastre - Prevencionista de Riesgos<\/td><td class=\"column-3\">Luis Cid V.<\/td><td class=\"column-4\">357<\/td>\n<\/tr>\n<tr class=\"row-44\">\n\t<td class=\"column-1\">452378356<\/td><td class=\"column-2\">Gesti\u00f3n de Riesgos de Desastre - Profesional<\/td><td class=\"column-3\">Irenio Montecinos<\/td><td class=\"column-4\">356<\/td>\n<\/tr>\n<tr class=\"row-45\">\n\t<td class=\"column-1\">452378355<\/td><td class=\"column-2\">Gesti\u00f3n de Riesgos de Desastre - Encargada Operaciones de Emergencia<\/td><td class=\"column-3\">Carola Riffo F.<\/td><td class=\"column-4\">355<\/td>\n<\/tr>\n<tr class=\"row-46\">\n\t<td class=\"column-1\">452922752<\/td><td class=\"column-2\">GRD Caminos<\/td><td class=\"column-3\">Katherinne Bulnes N.<\/td><td class=\"column-4\">752<\/td>\n<\/tr>\n<tr class=\"row-47\">\n\t<td class=\"column-1\">452922764<\/td><td class=\"column-2\">Gimnasio Municipal<\/td><td class=\"column-3\">Gimnasio Municipal<\/td><td class=\"column-4\">764<\/td>\n<\/tr>\n<tr class=\"row-48\">\n\t<td class=\"column-1\">452378333<\/td><td class=\"column-2\">Hall Acceso<\/td><td class=\"column-3\">Mar\u00eda Burgos L.<\/td><td class=\"column-4\">333<\/td>\n<\/tr>\n<tr class=\"row-49\">\n\t<td class=\"column-1\">452922777<\/td><td class=\"column-2\">Inform\u00e1tica<\/td><td class=\"column-3\">Marcos Mu\u00f1oz L.<\/td><td class=\"column-4\">777<\/td>\n<\/tr>\n<tr class=\"row-50\">\n\t<td class=\"column-1\">452378328<\/td><td class=\"column-2\">Jur\u00eddico Director<\/td><td class=\"column-3\">Felipe Gallardo G.<\/td><td class=\"column-4\">328<\/td>\n<\/tr>\n<tr class=\"row-51\">\n\t<td class=\"column-1\">452922734<\/td><td class=\"column-2\">Secretario Abogado Juzgado<\/td><td class=\"column-3\">Daniela Burgos R.<\/td><td class=\"column-4\">734<\/td>\n<\/tr>\n<tr class=\"row-52\">\n\t<td class=\"column-1\">452922766<\/td><td class=\"column-2\">Juzgado Administrativa<\/td><td class=\"column-3\">\u2014<\/td><td class=\"column-4\">766<\/td>\n<\/tr>\n<tr class=\"row-53\">\n\t<td class=\"column-1\">452922727<\/td><td class=\"column-2\">Juzgado Juez<\/td><td class=\"column-3\">Nelson Castro E.<\/td><td class=\"column-4\">727<\/td>\n<\/tr>\n<tr class=\"row-54\">\n\t<td class=\"column-1\">452922716<\/td><td class=\"column-2\">Medioambiente, Aseo y Ornato - Directora<\/td><td class=\"column-3\">Evelyn V\u00e1squez E.<\/td><td class=\"column-4\">716<\/td>\n<\/tr>\n<tr class=\"row-55\">\n\t<td class=\"column-1\">452378329<\/td><td class=\"column-2\">Medioambiente Tenencia Responsable<\/td><td class=\"column-3\">Julio Molina R.<\/td><td class=\"column-4\">329<\/td>\n<\/tr>\n<tr class=\"row-56\">\n\t<td class=\"column-1\">452922769<\/td><td class=\"column-2\">Obras Administrativa<\/td><td class=\"column-3\">Mar\u00eda In\u00e9s Contreras J.<\/td><td class=\"column-4\">769<\/td>\n<\/tr>\n<tr class=\"row-57\">\n\t<td class=\"column-1\">452922718<\/td><td class=\"column-2\">Obras Director<\/td><td class=\"column-3\">John S\u00e1nchez A.<\/td><td class=\"column-4\">718<\/td>\n<\/tr>\n<tr class=\"row-58\">\n\t<td class=\"column-1\">452922749<\/td><td class=\"column-2\">Obras I.T.O.<\/td><td class=\"column-3\">Jan Soto G.<\/td><td class=\"column-4\">749<\/td>\n<\/tr>\n<tr class=\"row-59\">\n\t<td class=\"column-1\">452922719<\/td><td class=\"column-2\">Oficina de Partes<\/td><td class=\"column-3\">Liliana Almarza A.<\/td><td class=\"column-4\">719<\/td>\n<\/tr>\n<tr class=\"row-60\">\n\t<td class=\"column-1\">452923369<\/td><td class=\"column-2\">Oficina Local de la Ni\u00f1ez<\/td><td class=\"column-3\">Lorena Castro P.<\/td><td class=\"column-4\">369<\/td>\n<\/tr>\n<tr class=\"row-61\">\n\t<td class=\"column-1\">452922735<\/td><td class=\"column-2\">Coordinadora Oficina Local de la Ni\u00f1ez<\/td><td class=\"column-3\">Marcela Ruiz V.<\/td><td class=\"column-4\">735<\/td>\n<\/tr>\n<tr class=\"row-62\">\n\t<td class=\"column-1\">452378322<\/td><td class=\"column-2\">OMIL<\/td><td class=\"column-3\">Bel\u00e9n Gallardo G.<\/td><td class=\"column-4\">322<\/td>\n<\/tr>\n<tr class=\"row-63\">\n\t<td class=\"column-1\">452922779<\/td><td class=\"column-2\">OMIL<\/td><td class=\"column-3\">Daniela Santos E.<\/td><td class=\"column-4\">779<\/td>\n<\/tr>\n<tr class=\"row-64\">\n\t<td class=\"column-1\">452378319<\/td><td class=\"column-2\">PDEL<\/td><td class=\"column-3\">Guillermo Blanco A.<\/td><td class=\"column-4\">319<\/td>\n<\/tr>\n<tr class=\"row-65\">\n\t<td class=\"column-1\">452922771<\/td><td class=\"column-2\">PDEL - Encargado UDEL<\/td><td class=\"column-3\">C\u00e9sar Bravo M.<\/td><td class=\"column-4\">771<\/td>\n<\/tr>\n<tr class=\"row-66\">\n\t<td class=\"column-1\">452922772<\/td><td class=\"column-2\">PDEL - PDTI<\/td><td class=\"column-3\">Soledad Leal R.<\/td><td class=\"column-4\">772<\/td>\n<\/tr>\n<tr class=\"row-67\">\n\t<td class=\"column-1\">452922774<\/td><td class=\"column-2\">PDEL - PDTI<\/td><td class=\"column-3\">Ver\u00f3nica Caifal T.<\/td><td class=\"column-4\">774<\/td>\n<\/tr>\n<tr class=\"row-68\">\n\t<td class=\"column-1\">452922773<\/td><td class=\"column-2\">PDEL - PDTI Administrativa<\/td><td class=\"column-3\">Gloria Torres P.<\/td><td class=\"column-4\">773<\/td>\n<\/tr>\n<tr class=\"row-69\">\n\t<td class=\"column-1\">452922753<\/td><td class=\"column-2\">SECPLAC Administrativa<\/td><td class=\"column-3\">Katherine S\u00e1nchez<\/td><td class=\"column-4\">753<\/td>\n<\/tr>\n<tr class=\"row-70\">\n\t<td class=\"column-1\">452922751<\/td><td class=\"column-2\">SECPLAC Agua Potable<\/td><td class=\"column-3\">Mar\u00eda Pe\u00f1a Ll.<\/td><td class=\"column-4\">751<\/td>\n<\/tr>\n<tr class=\"row-71\">\n\t<td class=\"column-1\">452922782<\/td><td class=\"column-2\">SECPLAC Asistencia T\u00e9cnica<\/td><td class=\"column-3\">Esmeralda Lillo<\/td><td class=\"column-4\">782<\/td>\n<\/tr>\n<tr class=\"row-72\">\n\t<td class=\"column-1\">452922729<\/td><td class=\"column-2\">SECPLAC Director<\/td><td class=\"column-3\">Mario Gallegos I.<\/td><td class=\"column-4\">729<\/td>\n<\/tr>\n<tr class=\"row-73\">\n\t<td class=\"column-1\">452922790<\/td><td class=\"column-2\">Secretar\u00eda Municipal Administrativa<\/td><td class=\"column-3\">Mar\u00eda Lillo A.<\/td><td class=\"column-4\">790<\/td>\n<\/tr>\n<tr class=\"row-74\">\n\t<td class=\"column-1\">452922791<\/td><td class=\"column-2\">Secretar\u00eda Municipal Directora<\/td><td class=\"column-3\">Ernestina Alvarado M.<\/td><td class=\"column-4\">791<\/td>\n<\/tr>\n<tr class=\"row-75\">\n\t<td class=\"column-1\">452922785<\/td><td class=\"column-2\">Secretar\u00eda Municipal Personalidad Jur\u00eddica<\/td><td class=\"column-3\">Nancy Opazo<\/td><td class=\"column-4\">785<\/td>\n<\/tr>\n<tr class=\"row-76\">\n\t<td class=\"column-1\">452378331<\/td><td class=\"column-2\">Seguridad P\u00fablica - Apoyo<\/td><td class=\"column-3\">Rodrigo Manosalva S.<\/td><td class=\"column-4\">331<\/td>\n<\/tr>\n<tr class=\"row-77\">\n\t<td class=\"column-1\">452922721<\/td><td class=\"column-2\">Seguridad P\u00fablica - Director<\/td><td class=\"column-3\">Jaime Garc\u00eda S.<\/td><td class=\"column-4\">721<\/td>\n<\/tr>\n<tr class=\"row-78\">\n\t<td class=\"column-1\">452922722<\/td><td class=\"column-2\">Tr\u00e1nsito Director<\/td><td class=\"column-3\">Luis Henr\u00edquez H.<\/td><td class=\"column-4\">722<\/td>\n<\/tr>\n<tr class=\"row-79\">\n\t<td class=\"column-1\">452378337<\/td><td class=\"column-2\">Tr\u00e1nsito Licencia Conducir<\/td><td class=\"column-3\">Ester Mu\u00f1oz H.<\/td><td class=\"column-4\">337<\/td>\n<\/tr>\n<tr class=\"row-80\">\n\t<td class=\"column-1\">452378351<\/td><td class=\"column-2\">Tr\u00e1nsito Licencia Conducir<\/td><td class=\"column-3\">Oscar Balboa<\/td><td class=\"column-4\">351<\/td>\n<\/tr>\n<tr class=\"row-81\">\n\t<td class=\"column-1\">452378334<\/td><td class=\"column-2\">Tr\u00e1nsito Secretaria<\/td><td class=\"column-3\">Blanca Curin L.<\/td><td class=\"column-4\">334<\/td>\n<\/tr>\n<\/tbody>\n<\/table>\n<!-- #tablepress-5 from cache -->\r\n<p>Descarga el Directorio Telef\u00f3nico Actualizado a Marzo de 2025 <a href=\"https:\/\/muniteodoro.cl\/portal\/wp-content\/uploads\/2025\/03\/Telefonos-03-2025.pdf\" target=\"_blank\" rel=\"noopener\">AQUI<\/a><\/p>\r\n<p>&nbsp;<\/p>\r\n<p><strong>TEL\u00c9FONOS M\u00d3VILES MUNICIPALES <\/strong><\/p>\r\n\r\n\r\n\r\n\r\n\r\n<div class=\"wp-block-group\">\r\n<div class=\"wp-block-group__inner-container is-layout-flow wp-block-group-is-layout-flow\">\n<table id=\"tablepress-2\" class=\"tablepress tablepress-id-2\">\n<thead>\n<tr class=\"row-1\">\n\t<th class=\"column-1\">CARGO<\/th><th class=\"column-2\">NOMBRE<\/th><th class=\"column-3\">TELEFONO<\/th>\n<\/tr>\n<\/thead>\n<tbody class=\"row-striping row-hover\">\n<tr class=\"row-2\">\n\t<td class=\"column-1\">Jefa de Gabinete<\/td><td class=\"column-2\"><\/td><td class=\"column-3\">56997440318<\/td>\n<\/tr>\n<tr class=\"row-3\">\n\t<td class=\"column-1\">Secretaria del Alcalde<\/td><td class=\"column-2\">M\u00f3nica Rodas Soto<\/td><td class=\"column-3\">56958194939<\/td>\n<\/tr>\n<tr class=\"row-4\">\n\t<td class=\"column-1\">Director de Seguridad P\u00fablica<\/td><td class=\"column-2\">Jaime Garc\u00eda S\u00e1nchez<\/td><td class=\"column-3\">56958195191<\/td>\n<\/tr>\n<tr class=\"row-5\">\n\t<td class=\"column-1\">Director SECPLAC<\/td><td class=\"column-2\">Mario Gallegos Iba\u00f1ez<\/td><td class=\"column-3\">56953785410<\/td>\n<\/tr>\n<tr class=\"row-6\">\n\t<td class=\"column-1\">Director de DIDECO<\/td><td class=\"column-2\">Luis Rodrigo Sepulveda Leal<\/td><td class=\"column-3\">56992434068<\/td>\n<\/tr>\n<tr class=\"row-7\">\n\t<td class=\"column-1\">Asesor Jur\u00eddico<\/td><td class=\"column-2\">Felipe Gallardo Guevara<\/td><td class=\"column-3\">56920933833<\/td>\n<\/tr>\n<tr class=\"row-8\">\n\t<td class=\"column-1\">Directora Medioambiente<\/td><td class=\"column-2\">Evelyn V\u00e1squez Estrada<\/td><td class=\"column-3\">56959087688<\/td>\n<\/tr>\n<tr class=\"row-9\">\n\t<td class=\"column-1\">Director de Finanzas<\/td><td class=\"column-2\">Cristian Atala D\u00edaz<\/td><td class=\"column-3\">56958194918<\/td>\n<\/tr>\n<tr class=\"row-10\">\n\t<td class=\"column-1\">Director de Salud<\/td><td class=\"column-2\">Hern\u00e1n Torres Fuentealba<\/td><td class=\"column-3\">56958194930<\/td>\n<\/tr>\n<tr class=\"row-11\">\n\t<td class=\"column-1\">Director de Obras Municipales<\/td><td class=\"column-2\">John S\u00e1nchez Arroyo<\/td><td class=\"column-3\">56993366953<\/td>\n<\/tr>\n<tr class=\"row-12\">\n\t<td class=\"column-1\">Secretar\u00eda Municipal<\/td><td class=\"column-2\">Ernestina Alvarado Mella<\/td><td class=\"column-3\">56996492057<\/td>\n<\/tr>\n<tr class=\"row-13\">\n\t<td class=\"column-1\">Director de Tr\u00e1nsito<\/td><td class=\"column-2\">Luis Henr\u00edquez Henr\u00edquez<\/td><td class=\"column-3\">56958194917<\/td>\n<\/tr>\n<tr class=\"row-14\">\n\t<td class=\"column-1\">Encargado de Caminos<\/td><td class=\"column-2\">Amado Painen Carrera<\/td><td class=\"column-3\">56959087612<\/td>\n<\/tr>\n<tr class=\"row-15\">\n\t<td class=\"column-1\">Encargada Programa Adulto Mayor<\/td><td class=\"column-2\">Andrea Sierra<\/td><td class=\"column-3\">56959087631<\/td>\n<\/tr>\n<tr class=\"row-16\">\n\t<td class=\"column-1\">Coordinadora O.L.N.<\/td><td class=\"column-2\">Marcela Ruiz  V.<\/td><td class=\"column-3\">56958098298<\/td>\n<\/tr>\n<tr class=\"row-17\">\n\t<td class=\"column-1\">Encargada de Rentas y Patentes<\/td><td class=\"column-2\">Jessica Soto<\/td><td class=\"column-3\">56958194937<\/td>\n<\/tr>\n<tr class=\"row-18\">\n\t<td class=\"column-1\">Jefa de Adquisiciones<\/td><td class=\"column-2\">Ivonne Ruiz Huenulao<\/td><td class=\"column-3\">56996459342<\/td>\n<\/tr>\n<tr class=\"row-19\">\n\t<td class=\"column-1\">Encargada Asistencia Social<\/td><td class=\"column-2\">Daniela Guevara<\/td><td class=\"column-3\">56958195213<\/td>\n<\/tr>\n<tr class=\"row-20\">\n\t<td class=\"column-1\">Juzgado de Polic\u00eda Local<\/td><td class=\"column-2\">Daniela Burgos<\/td><td class=\"column-3\">56958194916<\/td>\n<\/tr>\n<\/tbody>\n<\/table>\n<!-- #tablepress-2 from cache -->\n\r\n\r\n\r\n<p>&nbsp;<\/p>\r\n<\/div>\r\n<\/div>\r\n\r\n\r\n\r\n<div class=\"wp-block-group\">\r\n<div class=\"wp-block-group__inner-container is-layout-flow wp-block-group-is-layout-flow\">\r\n<div class=\"wp-block-group\">\r\n<div class=\"wp-block-group__inner-container is-layout-flow wp-block-group-is-layout-flow\">\r\n<div class=\"wp-block-spacer\" style=\"height: 100px;\" aria-hidden=\"true\">\u00a0<\/div>\r\n\r\n\r\n\r\n<div class=\"wp-block-group is-layout-flow wp-block-group-is-layout-flow\">\r\n<div class=\"wp-block-group__inner-container\">\u00a0<\/div>\r\n<\/div>\r\n<\/div>\r\n<\/div>\r\n<\/div>\r\n<\/div>\r\n","protected":false},"excerpt":{"rendered":"<p>TEL\u00c9FONOS MUNICIPALES A fin que usted pueda tomar contacto con nosotros publicamos el presente \u00edndice telef\u00f3nico . Descarga el Directorio Telef\u00f3nico Actualizado a Marzo de 2025 AQUI &nbsp; TEL\u00c9FONOS M\u00d3VILES MUNICIPALES &nbsp; \u00a0<\/p>\n","protected":false},"author":1,"featured_media":363,"parent":0,"menu_order":6,"comment_status":"closed","ping_status":"closed","template":"","meta":{"xn-wppe-expiration":[],"xn-wppe-expiration-action":[],"xn-wppe-expiration-prefix":[],"footnotes":""},"class_list":["post-232","page","type-page","status-publish","has-post-thumbnail","hentry"],"publishpress_future_action":{"enabled":false,"date":"2026-04-20 05:57:23","action":"change-status","newStatus":"draft","terms":[],"taxonomy":"","extraData":[]},"publishpress_future_workflow_manual_trigger":{"enabledWorkflows":[]},"_links":{"self":[{"href":"https:\/\/muniteodoro.cl\/portal\/wp-json\/wp\/v2\/pages\/232","targetHints":{"allow":["GET"]}}],"collection":[{"href":"https:\/\/muniteodoro.cl\/portal\/wp-json\/wp\/v2\/pages"}],"about":[{"href":"https:\/\/muniteodoro.cl\/portal\/wp-json\/wp\/v2\/types\/page"}],"author":[{"embeddable":true,"href":"https:\/\/muniteodoro.cl\/portal\/wp-json\/wp\/v2\/users\/1"}],"replies":[{"embeddable":true,"href":"https:\/\/muniteodoro.cl\/portal\/wp-json\/wp\/v2\/comments?post=232"}],"version-history":[{"count":101,"href":"https:\/\/muniteodoro.cl\/portal\/wp-json\/wp\/v2\/pages\/232\/revisions"}],"predecessor-version":[{"id":18873,"href":"https:\/\/muniteodoro.cl\/portal\/wp-json\/wp\/v2\/pages\/232\/revisions\/18873"}],"wp:featuredmedia":[{"embeddable":true,"href":"https:\/\/muniteodoro.cl\/portal\/wp-json\/wp\/v2\/media\/363"}],"wp:attachment":[{"href":"https:\/\/muniteodoro.cl\/portal\/wp-json\/wp\/v2\/media?parent=232"}],"curies":[{"name":"wp","href":"https:\/\/api.w.org\/{rel}","templated":true}]}}