{"id":296,"date":"2017-02-09T23:32:16","date_gmt":"2017-02-09T23:32:16","guid":{"rendered":"http:\/\/muniteodoro.cl\/portal\/?page_id=296"},"modified":"2021-07-02T13:31:25","modified_gmt":"2021-07-02T17:31:25","slug":"funciones-del-alcalde-2","status":"publish","type":"page","link":"https:\/\/muniteodoro.cl\/portal\/funciones-del-alcalde-2\/","title":{"rendered":"&nbsp;&nbsp;&nbsp; FUNCIONES DEL ALCALDE &nbsp; &nbsp; &nbsp;"},"content":{"rendered":"<div class=\"page-header\">\n<h2>Funciones<\/h2>\n<\/div>\n<p>El Alcalde es la m\u00e1xima autoridad de la Municipalidad y en tal calidad le corresponder\u00e1 su direcci\u00f3n y administraci\u00f3n superior y la supervigilancia de su funcionamiento.<\/p>\n<p><strong>OBJETIVO<\/strong><\/p>\n<p>Es administrar la Comuna, para satisfacer las necesidades locales y promover el desarrollo y progreso econ\u00f3mico, social y cultural de la Comuna.<\/p>\n<p><strong>ATRIBUCIONES<\/strong><\/p>\n<p>&#8211; Representar judicial y extrajudicialmente a la municipalidad.<\/p>\n<p>&#8211; Proponer al Concejo la organizaci\u00f3n interna de la municipalidad.<\/p>\n<p>&#8211; Nombrar y remover a los funcionarios de su dependencia de acuerdo con las normas estatutarias que los rijan.<\/p>\n<p>&#8211; Aplicar medidas disciplinarias al personal de su dependencia, en conformidad con las normas estatutarias que los rijan.<\/p>\n<p>&#8211; Administrar los recursos financieros de la municipalidad, de acuerdo con las normas sobre administraci\u00f3n financiera del Estado.<\/p>\n<p>&#8211; Administrar los bienes municipales nacionales de uso publico de la comuna que corresponda en conformidad a esta Ley.<\/p>\n<p>&#8211; Otorgar, renovar y poner termino a permisos municipales.<\/p>\n<p>&#8211; Adquirir y enajenar bienes muebles.<\/p>\n<p>&#8211; Dictar resoluciones obligatorias de caracter general a particular.<\/p>\n<p>&#8211; Delegar la facultad para firmar, bajo la formula \u201cPor orden del Alcalde\u201d, sobre materias especificas.<\/p>\n<p>&#8211; Coordinar el funcionamiento de la municipalidad con los \u00f3rganos de la Administraci\u00f3n del Estado que corresponda.<\/p>\n<p>&#8211; Coordinar con los servicios p\u00fablicos la acci\u00f3n de estos en el territorio de la comuna.<\/p>\n<p>&#8211; Ejecutar los actos y celebrar los contratos necesarios para el adecuado cumplimiento de las funciones de la municipalidad y de lo dispuesto en el articulo 34 de la Ley N\u00ba 18.575.<\/p>\n<p>&#8211; Convocar y Presidir el Concejo, as\u00ed como el Consejo Econ\u00f3mico y Social comunal.<\/p>\n<p>&#8211; Someter a plebiscito las materias de administraci\u00f3n local de acuerdo a lo establecido en los art\u00edculos 99 y siguientes de la Ley 18.695.<\/p>\n<p>&#8211; Autorizar la circulaci\u00f3n de los veh\u00edculos municipales fuera de los d\u00edas y horas de trabajo, para el cumplimiento de las funciones inherentes a la municipalidad.<\/p>\n","protected":false},"excerpt":{"rendered":"<p>Funciones El Alcalde es la m\u00e1xima autoridad de la Municipalidad y en tal calidad le corresponder\u00e1 su direcci\u00f3n y administraci\u00f3n superior y la supervigilancia de su funcionamiento. OBJETIVO Es administrar la Comuna, para satisfacer las necesidades locales y promover el desarrollo y progreso econ\u00f3mico, social y cultural de la Comuna. ATRIBUCIONES &#8211; Representar judicial y [&hellip;]<\/p>\n","protected":false},"author":1,"featured_media":5476,"parent":0,"menu_order":0,"comment_status":"closed","ping_status":"closed","template":"","meta":{"xn-wppe-expiration":[],"xn-wppe-expiration-action":[],"xn-wppe-expiration-prefix":[],"footnotes":""},"class_list":["post-296","page","type-page","status-publish","has-post-thumbnail","hentry"],"publishpress_future_action":{"enabled":false,"date":"2026-05-08 11:35:35","action":"change-status","newStatus":"draft","terms":[],"taxonomy":"","extraData":[]},"publishpress_future_workflow_manual_trigger":{"enabledWorkflows":[]},"_links":{"self":[{"href":"https:\/\/muniteodoro.cl\/portal\/wp-json\/wp\/v2\/pages\/296","targetHints":{"allow":["GET"]}}],"collection":[{"href":"https:\/\/muniteodoro.cl\/portal\/wp-json\/wp\/v2\/pages"}],"about":[{"href":"https:\/\/muniteodoro.cl\/portal\/wp-json\/wp\/v2\/types\/page"}],"author":[{"embeddable":true,"href":"https:\/\/muniteodoro.cl\/portal\/wp-json\/wp\/v2\/users\/1"}],"replies":[{"embeddable":true,"href":"https:\/\/muniteodoro.cl\/portal\/wp-json\/wp\/v2\/comments?post=296"}],"version-history":[{"count":10,"href":"https:\/\/muniteodoro.cl\/portal\/wp-json\/wp\/v2\/pages\/296\/revisions"}],"predecessor-version":[{"id":5447,"href":"https:\/\/muniteodoro.cl\/portal\/wp-json\/wp\/v2\/pages\/296\/revisions\/5447"}],"wp:featuredmedia":[{"embeddable":true,"href":"https:\/\/muniteodoro.cl\/portal\/wp-json\/wp\/v2\/media\/5476"}],"wp:attachment":[{"href":"https:\/\/muniteodoro.cl\/portal\/wp-json\/wp\/v2\/media?parent=296"}],"curies":[{"name":"wp","href":"https:\/\/api.w.org\/{rel}","templated":true}]}}