{"id":3076,"date":"2019-05-06T09:21:30","date_gmt":"2019-05-06T13:21:30","guid":{"rendered":"http:\/\/muniteodoro.cl\/portal\/?page_id=3076"},"modified":"2019-07-03T13:32:03","modified_gmt":"2019-07-03T17:32:03","slug":"actividades-culturales-2019","status":"publish","type":"page","link":"https:\/\/muniteodoro.cl\/portal\/actividades-culturales-2019\/","title":{"rendered":"Actividades Culturales 2019"},"content":{"rendered":"\n<h3 class=\"wp-block-heading\"><strong>ABRIL <\/strong><\/h3>\n\n\n\n<h4 class=\"wp-block-heading\"><strong>VIERNES 12 DE ABRIL &#8211;  PATINAJE ART\u00cdSTICO<\/strong><\/h4>\n\n\n\n<p><strong>LUGAR: GIMNASIO HUALPIN &#8211;<\/strong>  <strong>HORA: 19:30 HRS.<\/strong><\/p>\n\n\n\n<hr class=\"wp-block-separator\"\/>\n\n\n\n<h3 class=\"wp-block-heading\"><strong>MAYO<\/strong><\/h3>\n\n\n\n<h4 class=\"wp-block-heading\"><strong>JUEVES 23 DE MAYO &#8211; Teatro TAM  <\/strong><\/h4>\n\n\n\n<p><strong>LUGAR: GIMNASIO TEODORO SCHMIDT &#8211;  HORA: 19:30 HRS.<\/strong><\/p>\n\n\n\n<hr class=\"wp-block-separator\"\/>\n\n\n\n<h3 class=\"wp-block-heading\"><strong>JUNIO <\/strong><\/h3>\n\n\n\n<h4 class=\"wp-block-heading\"><strong>JUEVES 20 DE JUNIO &#8211;  ENCUENTRO DE M\u00daSICA MAPUCHE <\/strong><\/h4>\n\n\n\n<p><strong>LUGAR: GIMNASIO HUALPIN &#8211; 12:00 HRS, <\/strong><\/p>\n\n\n\n<hr class=\"wp-block-separator\"\/>\n\n\n\n<h3 class=\"wp-block-heading\"><strong>JULIO<\/strong><\/h3>\n\n\n\n<h4 class=\"wp-block-heading\"><strong>JUEVES 28 DE JULIO \u2013 ENCUENTRO ORQUESTA M\u00daSICA DOCTA<\/strong><\/h4>\n\n\n\n<p><strong>LUGAR: SAL\u00d3N AUDITORIO MUNICIPAL \u2013 HORA: 19:30 HRS. (P\u00daBLICO EN GENERAL) <\/strong><\/p>\n\n\n\n<hr class=\"wp-block-separator\"\/>\n\n\n\n<h3 class=\"wp-block-heading\"><strong>AGOSTO<\/strong><\/h3>\n\n\n\n<h4 class=\"wp-block-heading\"><strong>S\u00c1BADO 24 DE AGOSTO &#8211;  CAMPEONES REGIONALES Y NACIONALES DE CUECA<\/strong> <\/h4>\n\n\n\n<p><strong>LUGAR: GIMNASIO BARROS ARANA &#8211; HORA: 19:00 HRS.<\/strong><\/p>\n\n\n\n<hr class=\"wp-block-separator\"\/>\n\n\n\n<h3 class=\"wp-block-heading\"><strong>SEPTIEMBRE<\/strong><\/h3>\n\n\n\n<h4 class=\"wp-block-heading\"><strong>MARTES 3 DE SEPTIEMBRE &#8211; ESQUINAZO FOLCL\u00d3RICO, ENCUENTRO INTERNACIONAL DE FOLKLORE<\/strong><\/h4>\n\n\n\n<p><strong>LUGAR: FRONTIS MUNICIPALIDAD &#8211; HORA: 12:00 HRS.<\/strong> <\/p>\n\n\n\n<h4 class=\"wp-block-heading\"><strong>MI\u00c9RCOLES 4 DE SEPTIEMBRE &#8211; ENCUENTRO INTERNACIONAL DE FOLKLORE<\/strong><\/h4>\n\n\n\n<p><strong>LUGAR: GIMNASIO BARROS ARANA &#8211; HORA: 19:00 HRS. <\/strong><\/p>\n\n\n\n<h4 class=\"wp-block-heading\"><strong>JUEVES 5 DE SEPTIEMBRE &#8211;  ENCUENTRO INTERNACIONAL DE FOLKLORE<\/strong><\/h4>\n\n\n\n<p><strong>LUGAR: GIMNASIO HUALPIN &#8211; HORA: 19:00 HRS. <\/strong><\/p>\n\n\n\n<h4 class=\"wp-block-heading\"><strong>VIERNES 6 DE SEPTIEMBRE &#8211; ENCUENTRO INTERNACIONAL DE FOLKLORE<\/strong><\/h4>\n\n\n\n<p><strong>LUGAR: GIMNASIO TEODORO SCHMIDT &#8211; HORA: 19:00 HRS. <\/strong><\/p>\n\n\n\n<hr class=\"wp-block-separator\"\/>\n\n\n\n<h3 class=\"wp-block-heading\"><strong>OCTUBRE<\/strong><\/h3>\n\n\n\n<h4 class=\"wp-block-heading\"><strong>S\u00c1BADO 5 DE OCTUBRE &#8211; ENCUENTRO REGIONAL DE FOLKLORE <\/strong><\/h4>\n\n\n\n<p><strong>LUGAR: GIMNASIO TEODORO SCHMIDT &#8211; HORA: 19:30 HRS. <\/strong><\/p>\n\n\n\n<h4 class=\"wp-block-heading\"><strong>MI\u00c9RCOLES 30 DE OCTUBRE &#8211; ENCUENTRO BANDAS DE GUERRA<\/strong><\/h4>\n\n\n\n<p><strong>LUGAR: FRONTIS MUNICIPALIDAD &#8211; HORA: 14:00 HRS, <\/strong><\/p>\n\n\n\n<hr class=\"wp-block-separator\"\/>\n\n\n\n<h3 class=\"wp-block-heading\"><strong>NOVIEMBRE<\/strong><\/h3>\n\n\n\n<h4 class=\"wp-block-heading\"><strong>VIERNES 22 DE NOVIEMBRE \u2013 CORO UNIVERSIDAD DE LA FRONTERA<\/strong><\/h4>\n\n\n\n<p><strong>LUGAR: AUDITORIO MUNICIPAL \u2013 HORA: 19:30 HRS. <\/strong><\/p>\n\n\n\n<hr class=\"wp-block-separator\"\/>\n\n\n\n<h3 class=\"wp-block-heading\"><strong>DICIEMBRE<\/strong><\/h3>\n\n\n\n<h4 class=\"wp-block-heading\"><strong>S\u00c1BADO 21 DE DICIEMBRE &#8211; ENCUENTRO DE VILLANCICOS Y REPRESENTACI\u00d3N NAVIDE\u00d1A <\/strong><\/h4>\n\n\n\n<p><strong>LUGAR: GIMNASIO TEODORO SCHMIDT &#8211; HORA: 19:30 HRS. <\/strong><\/p>\n","protected":false},"excerpt":{"rendered":"<p>ABRIL VIERNES 12 DE ABRIL &#8211; PATINAJE ART\u00cdSTICO LUGAR: GIMNASIO HUALPIN &#8211; HORA: 19:30 HRS. MAYO JUEVES 23 DE MAYO &#8211; Teatro TAM LUGAR: GIMNASIO TEODORO SCHMIDT &#8211; HORA: 19:30 HRS. JUNIO JUEVES 20 DE JUNIO &#8211; ENCUENTRO DE M\u00daSICA MAPUCHE LUGAR: GIMNASIO HUALPIN &#8211; 12:00 HRS, JULIO JUEVES 28 DE JULIO \u2013 ENCUENTRO ORQUESTA [&hellip;]<\/p>\n","protected":false},"author":1,"featured_media":3085,"parent":0,"menu_order":0,"comment_status":"closed","ping_status":"closed","template":"","meta":{"xn-wppe-expiration":[],"xn-wppe-expiration-action":[],"xn-wppe-expiration-prefix":[],"footnotes":""},"class_list":["post-3076","page","type-page","status-publish","has-post-thumbnail","hentry"],"publishpress_future_action":{"enabled":false,"date":"2026-04-12 18:40:02","action":"change-status","newStatus":"draft","terms":[],"taxonomy":"","extraData":[]},"publishpress_future_workflow_manual_trigger":{"enabledWorkflows":[]},"_links":{"self":[{"href":"https:\/\/muniteodoro.cl\/portal\/wp-json\/wp\/v2\/pages\/3076","targetHints":{"allow":["GET"]}}],"collection":[{"href":"https:\/\/muniteodoro.cl\/portal\/wp-json\/wp\/v2\/pages"}],"about":[{"href":"https:\/\/muniteodoro.cl\/portal\/wp-json\/wp\/v2\/types\/page"}],"author":[{"embeddable":true,"href":"https:\/\/muniteodoro.cl\/portal\/wp-json\/wp\/v2\/users\/1"}],"replies":[{"embeddable":true,"href":"https:\/\/muniteodoro.cl\/portal\/wp-json\/wp\/v2\/comments?post=3076"}],"version-history":[{"count":22,"href":"https:\/\/muniteodoro.cl\/portal\/wp-json\/wp\/v2\/pages\/3076\/revisions"}],"predecessor-version":[{"id":3335,"href":"https:\/\/muniteodoro.cl\/portal\/wp-json\/wp\/v2\/pages\/3076\/revisions\/3335"}],"wp:featuredmedia":[{"embeddable":true,"href":"https:\/\/muniteodoro.cl\/portal\/wp-json\/wp\/v2\/media\/3085"}],"wp:attachment":[{"href":"https:\/\/muniteodoro.cl\/portal\/wp-json\/wp\/v2\/media?parent=3076"}],"curies":[{"name":"wp","href":"https:\/\/api.w.org\/{rel}","templated":true}]}}