{"id":390,"date":"2017-02-11T20:09:03","date_gmt":"2017-02-11T20:09:03","guid":{"rendered":"http:\/\/muniteodoro.cl\/portal\/?page_id=390"},"modified":"2025-08-01T15:33:02","modified_gmt":"2025-08-01T19:33:02","slug":"administracion-municipal","status":"publish","type":"page","link":"https:\/\/muniteodoro.cl\/portal\/administracion-municipal\/","title":{"rendered":"ADMINISTRACI\u00d3N MUNICIPAL"},"content":{"rendered":"<h3><img fetchpriority=\"high\" decoding=\"async\" class=\"aligncenter\" src=\"https:\/\/media.istockphoto.com\/id\/1451587807\/es\/vector\/vector-de-icono-de-perfil-de-usuario-avatar-o-icono-de-persona-foto-de-perfil-s%C3%ADmbolo-de.jpg?s=612x612&amp;w=0&amp;k=20&amp;c=JZU0xsfmOHOx4UoiAITFEIwhe16aweLW3Ev4w5PgL2Y=\" alt=\"393.900+ Avatar Fotograf\u00edas de stock, fotos e im\u00e1genes ...\" width=\"438\" height=\"438\" \/><\/h3>\r\n<h4><strong>Patricio Aguilera V\u00e1squez<br \/><\/strong><em><span lang=\"es-ES\">Administrador Municipal<\/span><\/em><\/h4>\r\n<h4>\ud83d\udcde +56 45 2922712<br \/><span lang=\"es-ES\">\ud83d\udce7 <\/span><strong><span lang=\"es-ES\">administrador@muniteodoro.cl<\/span><\/strong><\/h4>\r\n<hr \/>\r\n<p>El <strong>Administrador Municipal<\/strong> depende y es colaborador directo del \u00a0alcalde en las tareas de coordinaci\u00f3n y gesti\u00f3n permanente del municipio, y en la elaboraci\u00f3n y seguimiento del plan de acci\u00f3n municipal y ejercer\u00e1 las atribuciones que se\u00f1ale el presente reglamento y las que le delegue el alcalde vinculadas al cargo de administrador municipal.<\/p>\r\n<h4 class=\"western\" lang=\"es-ES\" align=\"JUSTIFY\"><strong>El Administrador Municipal tendr\u00e1 las siguientes funciones:<\/strong><\/h4>\r\n<p>\u2022 Presidir y coordinar el funcionamiento del Comit\u00e9 Asesor;<\/p>\r\n<p>\u2022 Adoptar las providencias necesarias par el adecuado cumplimiento de las pol\u00edticas, planes, programas y proyectos municipales, que se relacionen con la gesti\u00f3n interna del municipio;<\/p>\r\n<p>\u2022 Colaborar con las unidades correspondientes en la preparaci\u00f3n y elaboraci\u00f3n de los instrumentos de gesti\u00f3n municipal y formulaci\u00f3n de pol\u00edticas de gesti\u00f3n interna;<\/p>\r\n<p>\u2022 Realizar labores de articulaci\u00f3n de equipos de trabajo y participar en la elaboraci\u00f3n de los Planes de Capacitaci\u00f3n del Personal;<\/p>\r\n<p>\u2022 Analizar las instrucciones, reglamentos, manuales de organizaci\u00f3n, procedimientos y descripci\u00f3n de cargos escritos, a fin de comprobar su utilidad y actualizaci\u00f3n, de acuerdo a la normativa vigente. En caso de no contar con estos instrumentos, deber\u00e1 dirigir y supervisar su elaboraci\u00f3n por las unidades respectivas;<\/p>\r\n<p>\u2022 Coordina las acciones para el cumplimiento de las funciones de la estructura organizacional y los futuros cambios y ajustes que esta requiera;<\/p>\r\n<p>\u2022 Elaborar, proponer y programar en coordinaci\u00f3n con otras unidades municipales, los gastos de inversi\u00f3n en la Municipalidad necesarios para la adecuada Gesti\u00f3n Municipal y los gastos operacionales;<\/p>\r\n<p>\u2022 Establecer y mantener una estructura de comunicaciones y coordinaci\u00f3n interna que vele por el buen funcionamiento institucional.<\/p>\r\n<p>\u2022 Colaborar en la planificaci\u00f3n y coordinaci\u00f3n con otras unidades municipales, medidas tendientes a prevenir riesgos y solucionar problemas derivados de una situaci\u00f3n de emergencia;<\/p>\r\n<p>\u2022 Coordinar y controlar los planes y programas de fiscalizaci\u00f3n en materia de transito, obras y patentes comerciales, industriales, profesionales y alcoholes;<\/p>\r\n<p>\u2022 Coordinar los programas y proyectos que fomente la igualdad de oportunidades entre hombres y mujeres, que ejecuten las distintas unidades municipales.<\/p>\r\n<p>\u2022 Programar las actividades administrativas y coordinar las actividades protocolares del Alcalde.<\/p>\r\n\r\n<p>&nbsp;<\/p>\r\n","protected":false},"excerpt":{"rendered":"<p>Patricio Aguilera V\u00e1squezAdministrador Municipal \ud83d\udcde +56 45 2922712\ud83d\udce7 administrador@muniteodoro.cl El Administrador Municipal depende y es colaborador directo del \u00a0alcalde en las tareas de coordinaci\u00f3n y gesti\u00f3n permanente del municipio, y en la elaboraci\u00f3n y seguimiento del plan de acci\u00f3n municipal y ejercer\u00e1 las atribuciones que se\u00f1ale el presente reglamento y las que le delegue el [&hellip;]<\/p>\n","protected":false},"author":1,"featured_media":18827,"parent":0,"menu_order":0,"comment_status":"closed","ping_status":"closed","template":"","meta":{"xn-wppe-expiration":[],"xn-wppe-expiration-action":[],"xn-wppe-expiration-prefix":[],"footnotes":""},"class_list":["post-390","page","type-page","status-publish","has-post-thumbnail","hentry"],"publishpress_future_action":{"enabled":false,"date":"2026-04-21 21:21:40","action":"change-status","newStatus":"draft","terms":[],"taxonomy":"","extraData":[]},"publishpress_future_workflow_manual_trigger":{"enabledWorkflows":[]},"_links":{"self":[{"href":"https:\/\/muniteodoro.cl\/portal\/wp-json\/wp\/v2\/pages\/390","targetHints":{"allow":["GET"]}}],"collection":[{"href":"https:\/\/muniteodoro.cl\/portal\/wp-json\/wp\/v2\/pages"}],"about":[{"href":"https:\/\/muniteodoro.cl\/portal\/wp-json\/wp\/v2\/types\/page"}],"author":[{"embeddable":true,"href":"https:\/\/muniteodoro.cl\/portal\/wp-json\/wp\/v2\/users\/1"}],"replies":[{"embeddable":true,"href":"https:\/\/muniteodoro.cl\/portal\/wp-json\/wp\/v2\/comments?post=390"}],"version-history":[{"count":34,"href":"https:\/\/muniteodoro.cl\/portal\/wp-json\/wp\/v2\/pages\/390\/revisions"}],"predecessor-version":[{"id":19457,"href":"https:\/\/muniteodoro.cl\/portal\/wp-json\/wp\/v2\/pages\/390\/revisions\/19457"}],"wp:featuredmedia":[{"embeddable":true,"href":"https:\/\/muniteodoro.cl\/portal\/wp-json\/wp\/v2\/media\/18827"}],"wp:attachment":[{"href":"https:\/\/muniteodoro.cl\/portal\/wp-json\/wp\/v2\/media?parent=390"}],"curies":[{"name":"wp","href":"https:\/\/api.w.org\/{rel}","templated":true}]}}