{"id":450,"date":"2017-02-13T16:05:10","date_gmt":"2017-02-13T16:05:10","guid":{"rendered":"http:\/\/muniteodoro.cl\/portal\/?page_id=450"},"modified":"2025-02-07T11:23:23","modified_gmt":"2025-02-07T14:23:23","slug":"secretaria-municipal","status":"publish","type":"page","link":"https:\/\/muniteodoro.cl\/portal\/secretaria-municipal\/","title":{"rendered":"SECRETAR\u00cdA MUNICIPAL"},"content":{"rendered":"<h3><img fetchpriority=\"high\" decoding=\"async\" class=\"aligncenter size-large wp-image-10913\" src=\"https:\/\/muniteodoro.cl\/portal\/wp-content\/uploads\/2022\/07\/FOTOS-DIRECTORES-WEB-08-1024x576.png\" alt=\"\" width=\"1024\" height=\"576\" srcset=\"https:\/\/muniteodoro.cl\/portal\/wp-content\/uploads\/2022\/07\/FOTOS-DIRECTORES-WEB-08-1024x576.png 1024w, https:\/\/muniteodoro.cl\/portal\/wp-content\/uploads\/2022\/07\/FOTOS-DIRECTORES-WEB-08-300x169.png 300w, https:\/\/muniteodoro.cl\/portal\/wp-content\/uploads\/2022\/07\/FOTOS-DIRECTORES-WEB-08-768x432.png 768w, https:\/\/muniteodoro.cl\/portal\/wp-content\/uploads\/2022\/07\/FOTOS-DIRECTORES-WEB-08-1536x864.png 1536w, https:\/\/muniteodoro.cl\/portal\/wp-content\/uploads\/2022\/07\/FOTOS-DIRECTORES-WEB-08-2048x1152.png 2048w, https:\/\/muniteodoro.cl\/portal\/wp-content\/uploads\/2022\/07\/FOTOS-DIRECTORES-WEB-08-660x371.png 660w\" sizes=\"(max-width: 1024px) 100vw, 1024px\" \/><\/h3>\n<h4><strong>Ernestina Alvarado Mella<br \/>\n<\/strong><em><span lang=\"es-ES\">Secretar\u00eda Municipal<\/span><\/em><\/h4>\n<h4>\ud83d\udcde +569 9649 20 57<br \/>\n<span lang=\"es-ES\">\ud83d\udce7 <\/span><strong><span lang=\"es-ES\">secmu@muniteodoro.cl<\/span><\/strong><\/h4>\n<hr \/>\n<h4 style=\"text-align: left;\"><strong>La Secretaria Municipal estar\u00e1 a cargo de un secretario municipal, el que deber\u00e1 cumplir las\u00a0siguientes funciones:<\/strong><\/h4>\n<p style=\"padding-left: 40px;\"><strong>1.<\/strong> Dirigir\u00a0 las actividades de secretaria administrativa del Alcalde y del Concejo Municipal;<\/p>\n<p style=\"padding-left: 40px;\"><strong>2.<\/strong> Desempe\u00f1arse como Ministro de Fe en todas las actuaciones muni\u00adcipales;<\/p>\n<p style=\"padding-left: 40px;\"><strong>3.<\/strong> Desempe\u00f1arse como actuario del juzgado de Polic\u00eda Local.<\/p>\n<p style=\"padding-left: 40px;\"><strong>4.<\/strong> Desarrollar las actividades que le asigna la Ley N\u00ba 19.418, sobre Juntas de Vecinos y Organizaciones Comunitarias, registro y certificaci\u00f3n Personalidad jur\u00eddica indicadas en la Ley N? 19.253, constituci\u00f3n comunidades ind\u00edgenas, y aquellas que le asigna la Ley Org\u00e1nica de Municipalidades, en relaci\u00f3n a constituci\u00f3n del Concejo Municipal.<\/p>\n<h4 style=\"text-align: left;\"><strong>Le corresponder\u00e1 cumplir al secretario municipal, las siguientes\u00a0actividades especificas:<\/strong><\/h4>\n<p style=\"padding-left: 40px;\"><strong>1.<\/strong> Transcribir las resoluciones del Alcalde, acuerdos del Concejo.<\/p>\n<p style=\"padding-left: 40px;\"><strong>2.<\/strong> Redactar los oficios, decretos, circulares y comunicaciones que se le encomienden.<\/p>\n<p style=\"padding-left: 40px;\"><strong>3.<\/strong> Levantar acta de cada Reuni\u00f3n del Concejo Municipal.<\/p>\n<p style=\"padding-left: 40px;\"><strong>4.<\/strong> Mantener archivo de la correspondencia reservada, a la cual solo tendr\u00e1 acceso el Alcalde.<\/p>\n<p style=\"padding-left: 40px;\"><strong>5.<\/strong> Tramitar el ingreso y distribuci\u00f3n de la correspondencia recibida en el municipio.<\/p>\n<p style=\"padding-left: 40px;\"><strong>6.<\/strong> Responsable directo de la elaboraci\u00f3n y despacho oportuno de infor\u00admes de su competencia.<\/p>\n<p style=\"padding-left: 40px;\"><strong>7.<\/strong> Supervisar y controlar las funciones de la Oficina de Partes del municipio.<\/p>\n","protected":false},"excerpt":{"rendered":"<p>Ernestina Alvarado Mella Secretar\u00eda Municipal \ud83d\udcde +569 9649 20 57 \ud83d\udce7 secmu@muniteodoro.cl La Secretaria Municipal estar\u00e1 a cargo de un secretario municipal, el que deber\u00e1 cumplir las\u00a0siguientes funciones: 1. Dirigir\u00a0 las actividades de secretaria administrativa del Alcalde y del Concejo Municipal; 2. Desempe\u00f1arse como Ministro de Fe en todas las actuaciones muni\u00adcipales; 3. Desempe\u00f1arse como [&hellip;]<\/p>\n","protected":false},"author":1,"featured_media":18840,"parent":0,"menu_order":0,"comment_status":"closed","ping_status":"closed","template":"","meta":{"xn-wppe-expiration":[],"xn-wppe-expiration-action":[],"xn-wppe-expiration-prefix":[],"footnotes":""},"class_list":["post-450","page","type-page","status-publish","has-post-thumbnail","hentry"],"publishpress_future_action":{"enabled":false,"date":"2026-04-19 06:43:33","action":"change-status","newStatus":"draft","terms":[],"taxonomy":"","extraData":[]},"publishpress_future_workflow_manual_trigger":{"enabledWorkflows":[]},"_links":{"self":[{"href":"https:\/\/muniteodoro.cl\/portal\/wp-json\/wp\/v2\/pages\/450","targetHints":{"allow":["GET"]}}],"collection":[{"href":"https:\/\/muniteodoro.cl\/portal\/wp-json\/wp\/v2\/pages"}],"about":[{"href":"https:\/\/muniteodoro.cl\/portal\/wp-json\/wp\/v2\/types\/page"}],"author":[{"embeddable":true,"href":"https:\/\/muniteodoro.cl\/portal\/wp-json\/wp\/v2\/users\/1"}],"replies":[{"embeddable":true,"href":"https:\/\/muniteodoro.cl\/portal\/wp-json\/wp\/v2\/comments?post=450"}],"version-history":[{"count":23,"href":"https:\/\/muniteodoro.cl\/portal\/wp-json\/wp\/v2\/pages\/450\/revisions"}],"predecessor-version":[{"id":17971,"href":"https:\/\/muniteodoro.cl\/portal\/wp-json\/wp\/v2\/pages\/450\/revisions\/17971"}],"wp:featuredmedia":[{"embeddable":true,"href":"https:\/\/muniteodoro.cl\/portal\/wp-json\/wp\/v2\/media\/18840"}],"wp:attachment":[{"href":"https:\/\/muniteodoro.cl\/portal\/wp-json\/wp\/v2\/media?parent=450"}],"curies":[{"name":"wp","href":"https:\/\/api.w.org\/{rel}","templated":true}]}}