{"id":455,"date":"2017-02-13T16:36:43","date_gmt":"2017-02-13T16:36:43","guid":{"rendered":"http:\/\/muniteodoro.cl\/portal\/?page_id=455"},"modified":"2025-08-05T13:30:15","modified_gmt":"2025-08-05T17:30:15","slug":"control-municipal","status":"publish","type":"page","link":"https:\/\/muniteodoro.cl\/portal\/control-municipal\/","title":{"rendered":"CONTROL MUNICIPAL"},"content":{"rendered":"<h3><img fetchpriority=\"high\" decoding=\"async\" class=\"aligncenter size-large wp-image-10908\" src=\"https:\/\/muniteodoro.cl\/portal\/wp-content\/uploads\/2022\/07\/FOTOS-DIRECTORES-WEB-06-1024x576.png\" alt=\"\" width=\"1024\" height=\"576\" srcset=\"https:\/\/muniteodoro.cl\/portal\/wp-content\/uploads\/2022\/07\/FOTOS-DIRECTORES-WEB-06-1024x576.png 1024w, https:\/\/muniteodoro.cl\/portal\/wp-content\/uploads\/2022\/07\/FOTOS-DIRECTORES-WEB-06-300x169.png 300w, https:\/\/muniteodoro.cl\/portal\/wp-content\/uploads\/2022\/07\/FOTOS-DIRECTORES-WEB-06-768x432.png 768w, https:\/\/muniteodoro.cl\/portal\/wp-content\/uploads\/2022\/07\/FOTOS-DIRECTORES-WEB-06-1536x864.png 1536w, https:\/\/muniteodoro.cl\/portal\/wp-content\/uploads\/2022\/07\/FOTOS-DIRECTORES-WEB-06-2048x1152.png 2048w, https:\/\/muniteodoro.cl\/portal\/wp-content\/uploads\/2022\/07\/FOTOS-DIRECTORES-WEB-06-660x371.png 660w\" sizes=\"(max-width: 1024px) 100vw, 1024px\" \/><\/h3>\n<h4><strong>Maritza Fonseca Aravena<br \/>\n<\/strong><em><span lang=\"es-ES\">Director Control Municipal<\/span><\/em><\/h4>\n<h4>\ud83d\udcde +45 2 922 715<br \/>\n<span lang=\"es-ES\">\ud83d\udce7 <\/span><strong><span lang=\"es-ES\">direcciondecontrol@muniteodoro.cl<\/span><\/strong><\/h4>\n<hr \/>\n<p class=\"western\" lang=\"es-ES\" align=\"JUSTIFY\">La <strong>Direcci\u00f3n de Control<\/strong>, depender\u00e1 directamente del Alcalde, tiene un car\u00e1cter asesor tanto para el Alcalde como para las unidades municipales, teniendo como objetivo apoyar la gesti\u00f3n del municipio y procurar la m\u00e1xima eficiencia administrativa interna de la municipalidad en el marco de la normas legales vigentes.<\/p>\n<h4 class=\"western\" lang=\"es-ES\" align=\"JUSTIFY\"><strong>La Direcci\u00f3n de Control, tendr\u00e1 las siguientes funciones generales:<\/strong><\/h4>\n<p class=\"western\" lang=\"es-ES\" align=\"JUSTIFY\">\u2022 Realizar la auditoria operativa interna de la municipalidad con el objeto de fiscalizar la legalidad de su actuaci\u00f3n;<\/p>\n<p class=\"western\" lang=\"es-ES\" align=\"JUSTIFY\">\u2022 Controlar la ejecuci\u00f3n financiera y presupuestaria municipal;<\/p>\n<p class=\"western\" lang=\"es-ES\" align=\"JUSTIFY\">\u2022 Representar al Alcalde los actos municipales que estime ilegales, informando de ello al concejo, para cuyo objeto tendr\u00e1 acceso a toda la informaci\u00f3n disponible.<\/p>\n<p class=\"western\" lang=\"es-ES\" align=\"JUSTIFY\">\u2022 Colaborar directamente con el Concejo para el ejercicio de sus funciones fiscalizadoras. Para estos efectos emitir\u00e1 un informe trimestral acerca del estado de avance del ejercicio program\u00e1tico presupuestario. En todo caso, deber\u00e1 dar respuesta por escrito a las consultas o peticiones de informes que le formule un concejal.<\/p>\n<p class=\"western\" lang=\"es-ES\" align=\"JUSTIFY\">\u2022 Asesorar al Concejo en la definici\u00f3n y evaluaci\u00f3n de la auditoria externa que aquel puede requerir en virtud de la Ley Org\u00e1nica Municipal.<\/p>\n<h4><strong>Sin perjuicio de las funciones generales indicadas en el articulo anterior, le corresponde a la Direcci\u00f3n de Control las siguientes funciones especificas :<\/strong><\/h4>\n<p class=\"western\" lang=\"es-ES\" align=\"JUSTIFY\">\u2022 Analizar las instrucciones, reglamentos, manuales de organizaci\u00f3n, procedimiento, a fin de comprobar su utilidad y actualizaci\u00f3n.<\/p>\n<p class=\"western\" lang=\"es-ES\" align=\"JUSTIFY\">\u2022 Asesorar a las distintas Direcciones en las materias de su competencia.<\/p>\n<p class=\"western\" lang=\"es-ES\" align=\"JUSTIFY\">\u2022 Supervisar y controlar el cumplimiento de las normas organizativas, sistemas y procedimientos de trabajo y evaluar el resultado de los cambios que se produzcan.<\/p>\n<p class=\"western\" lang=\"es-ES\" align=\"JUSTIFY\">\u2022 Cautelar el cumplimiento y recomendar la actualizaci\u00f3n de los convenios y contratos que comprometan los bienes y la responsabilidad municipal.<\/p>\n<p class=\"western\" lang=\"es-ES\" align=\"JUSTIFY\">\u2022 Auditar los informes y estados financieros de la municipalidad y servicios traspasados.<\/p>\n<p class=\"western\" lang=\"es-ES\" align=\"JUSTIFY\">\u2022 Velar por la aplicaci\u00f3n de los criterios generalmente aceptados en la contabilizaci\u00f3n de las operaciones.<\/p>\n<p class=\"western\" lang=\"es-ES\" align=\"JUSTIFY\">\u2022 Revisar el criterio t\u00e9cnico seguido en las regularizaciones efectuadas en la contabilidad.<\/p>\n<p class=\"western\" lang=\"es-ES\" align=\"JUSTIFY\">\u2022 Efectuar la fiscalizaci\u00f3n contable y presupuestaria de los ingre\u00adsos y egresos que efect\u00faa la municipalidad, y la contabilizaci\u00f3n de las rendiciones de cuentas por concepto de gastos de administraci\u00f3n y de comisiones de servicio de los funcionarios.<\/p>\n<p class=\"western\" lang=\"es-ES\" align=\"JUSTIFY\">\u2022 Revisar las conciliaciones bancarias e impartir instrucciones y procedimientos para su confecci\u00f3n.<\/p>\n<p class=\"western\" lang=\"es-ES\" align=\"JUSTIFY\">\u2022 Realizar la auditoria en la Direcci\u00f3n de Finanzas y en toda otra dependencia que lleve contabilidad o registros independientes del departamento respectivo.<\/p>\n<p class=\"western\" lang=\"es-ES\" align=\"JUSTIFY\">\u2022 Visar los Decretos de Pago, antes de la emisi\u00f3n del egreso correspondiente.<\/p>\n<p class=\"western\" lang=\"es-ES\" align=\"JUSTIFY\">\u2022 Efectuar las dem\u00e1s auditorias que el Alcalde ordene.<\/p>\n<p class=\"western\" lang=\"es-ES\" align=\"JUSTIFY\">\u2022 Recibir y mantener copia de las circulares, instructivos y otras materias relacionadas, para mejor control y funcionamiento de las Direcciones, Departamentos y oficinas.<\/p>\n","protected":false},"excerpt":{"rendered":"<p>Maritza Fonseca Aravena Director Control Municipal \ud83d\udcde +45 2 922 715 \ud83d\udce7 direcciondecontrol@muniteodoro.cl La Direcci\u00f3n de Control, depender\u00e1 directamente del Alcalde, tiene un car\u00e1cter asesor tanto para el Alcalde como para las unidades municipales, teniendo como objetivo apoyar la gesti\u00f3n del municipio y procurar la m\u00e1xima eficiencia administrativa interna de la municipalidad en el marco [&hellip;]<\/p>\n","protected":false},"author":1,"featured_media":18829,"parent":0,"menu_order":0,"comment_status":"closed","ping_status":"closed","template":"","meta":{"xn-wppe-expiration":[],"xn-wppe-expiration-action":[],"xn-wppe-expiration-prefix":[],"footnotes":""},"class_list":["post-455","page","type-page","status-publish","has-post-thumbnail","hentry"],"publishpress_future_action":{"enabled":false,"date":"2026-04-23 18:43:50","action":"change-status","newStatus":"draft","terms":[],"taxonomy":"","extraData":[]},"publishpress_future_workflow_manual_trigger":{"enabledWorkflows":[]},"_links":{"self":[{"href":"https:\/\/muniteodoro.cl\/portal\/wp-json\/wp\/v2\/pages\/455","targetHints":{"allow":["GET"]}}],"collection":[{"href":"https:\/\/muniteodoro.cl\/portal\/wp-json\/wp\/v2\/pages"}],"about":[{"href":"https:\/\/muniteodoro.cl\/portal\/wp-json\/wp\/v2\/types\/page"}],"author":[{"embeddable":true,"href":"https:\/\/muniteodoro.cl\/portal\/wp-json\/wp\/v2\/users\/1"}],"replies":[{"embeddable":true,"href":"https:\/\/muniteodoro.cl\/portal\/wp-json\/wp\/v2\/comments?post=455"}],"version-history":[{"count":8,"href":"https:\/\/muniteodoro.cl\/portal\/wp-json\/wp\/v2\/pages\/455\/revisions"}],"predecessor-version":[{"id":19464,"href":"https:\/\/muniteodoro.cl\/portal\/wp-json\/wp\/v2\/pages\/455\/revisions\/19464"}],"wp:featuredmedia":[{"embeddable":true,"href":"https:\/\/muniteodoro.cl\/portal\/wp-json\/wp\/v2\/media\/18829"}],"wp:attachment":[{"href":"https:\/\/muniteodoro.cl\/portal\/wp-json\/wp\/v2\/media?parent=455"}],"curies":[{"name":"wp","href":"https:\/\/api.w.org\/{rel}","templated":true}]}}