{"id":458,"date":"2017-02-13T16:41:24","date_gmt":"2017-02-13T16:41:24","guid":{"rendered":"http:\/\/muniteodoro.cl\/portal\/?page_id=458"},"modified":"2025-02-07T11:06:46","modified_gmt":"2025-02-07T14:06:46","slug":"administracion-y-finanzas","status":"publish","type":"page","link":"https:\/\/muniteodoro.cl\/portal\/administracion-y-finanzas\/","title":{"rendered":"ADMINISTRACI\u00d3N Y FINANZAS"},"content":{"rendered":"<h3><img fetchpriority=\"high\" decoding=\"async\" class=\"aligncenter size-large wp-image-10836\" src=\"https:\/\/muniteodoro.cl\/portal\/wp-content\/uploads\/2022\/07\/FOTOS-DIRECTORES-WEB-03-1024x576.png\" alt=\"\" width=\"1024\" height=\"576\" srcset=\"https:\/\/muniteodoro.cl\/portal\/wp-content\/uploads\/2022\/07\/FOTOS-DIRECTORES-WEB-03-1024x576.png 1024w, https:\/\/muniteodoro.cl\/portal\/wp-content\/uploads\/2022\/07\/FOTOS-DIRECTORES-WEB-03-300x169.png 300w, https:\/\/muniteodoro.cl\/portal\/wp-content\/uploads\/2022\/07\/FOTOS-DIRECTORES-WEB-03-768x432.png 768w, https:\/\/muniteodoro.cl\/portal\/wp-content\/uploads\/2022\/07\/FOTOS-DIRECTORES-WEB-03-1536x864.png 1536w, https:\/\/muniteodoro.cl\/portal\/wp-content\/uploads\/2022\/07\/FOTOS-DIRECTORES-WEB-03-2048x1152.png 2048w, https:\/\/muniteodoro.cl\/portal\/wp-content\/uploads\/2022\/07\/FOTOS-DIRECTORES-WEB-03-660x371.png 660w\" sizes=\"(max-width: 1024px) 100vw, 1024px\" \/><\/h3>\n<h4><strong>Cristian Atala D\u00edaz<br \/>\n<\/strong><em><span lang=\"es-ES\">Director de Administraci\u00f3n y Finanzas<\/span><\/em><\/h4>\n<h4>\u260e\ufe0f +56 (45) <span lang=\"es-ES\">2 9227 17<br \/>\n<\/span>\ud83d\udcde +569 95819 49 18<br \/>\n<span lang=\"es-ES\">\ud83d\udce7 <\/span><strong><span lang=\"es-ES\">direcciondefinanzas@muniteodoro.cl<\/span><\/strong><\/h4>\n<hr \/>\n<p class=\"western\" lang=\"es-ES\" align=\"JUSTIFY\">La <strong>Direcci\u00f3n de Administraci\u00f3n y Finanzas<\/strong>, tendr\u00e1 como objetivo procurar la optima provisi\u00f3n, asignaci\u00f3n y utilizaci\u00f3n de los recursos humanos, econ\u00f3micos y materiales necesarios para el funcionamiento municipal.<\/p>\n<h4 class=\"western\" lang=\"es-ES\" align=\"JUSTIFY\"><strong>La Direcci\u00f3n de Administraci\u00f3n y Finanzas le corresponder\u00e1n las siguientes funciones :<\/strong><\/h4>\n<p class=\"western\" lang=\"es-ES\" align=\"JUSTIFY\">\u2022 Asesorar al Alcalde en la administraci\u00f3n del personal de la municipalidad;<\/p>\n<p class=\"western\" lang=\"es-ES\" align=\"JUSTIFY\">\u2022 Asesorar al Alcalde en la administraci\u00f3n financiera de los bienes municipales, para lo cual le corresponder\u00e1 :<\/p>\n<p style=\"padding-left: 40px;\"><strong>1.<\/strong> Estudiar, calcular, proponer y regular la percepci\u00f3n de cualquier tipo de ingresos municipales.<\/p>\n<p class=\"western\" lang=\"es-ES\" style=\"padding-left: 40px;\" align=\"JUSTIFY\"><strong>2.<\/strong> Colaborar con la secretaria comunal de planificaci\u00f3n en la elaboraci\u00f3n del presupuesto municipal.<\/p>\n<p class=\"western\" lang=\"es-ES\" style=\"padding-left: 40px;\" align=\"JUSTIFY\"><strong>3.<\/strong> Visar los decretos de pago.<\/p>\n<p class=\"western\" lang=\"es-ES\" style=\"padding-left: 40px;\" align=\"JUSTIFY\"><strong>4.<\/strong> Llevar la Contabilidad municipal en conformidad con las nor\u00admas de la contabilidad nacional y con las instrucciones que la Contralor\u00eda General de la Rep\u00fablica imparta al respecto.<\/p>\n<p class=\"western\" lang=\"es-ES\" style=\"padding-left: 40px;\" align=\"JUSTIFY\"><strong>5.<\/strong> Controlar la gesti\u00f3n financiera de las empresas municipales.<\/p>\n<p class=\"western\" lang=\"es-ES\" style=\"padding-left: 40px;\" align=\"JUSTIFY\"><strong>6.<\/strong> Efectuar los pagos municipales, manejar la cuenta bancaria respectiva y rendir cuentas a la Contralor\u00eda General de la Rep\u00fablica.<\/p>\n<p class=\"western\" lang=\"es-ES\" style=\"padding-left: 40px;\" align=\"JUSTIFY\"><strong>7.<\/strong> Recaudar y percibir los ingresos municipales y fiscales que correspondan.<\/p>\n<h4 class=\"western\" lang=\"es-ES\" align=\"JUSTIFY\"><strong>Le corresponde a la Direcci\u00f3n de Administraci\u00f3n y Finanzas las siguientes funciones especificas:<\/strong><\/h4>\n<p class=\"western\" lang=\"es-ES\" align=\"JUSTIFY\">\u2022 Colaborar con SECPLAC en la elaboraci\u00f3n del presupuesto anual de la Municipalidad de acuerdo con las instrucciones impartidas por el Ministerio de Hacienda, en coordinaci\u00f3n con las Direcciones Municipales.<\/p>\n<p class=\"western\" lang=\"es-ES\" align=\"JUSTIFY\">\u2022 Confeccionar mensualmente los estados de caja.<\/p>\n<p class=\"western\" lang=\"es-ES\" align=\"JUSTIFY\">\u2022 Controlar y solicitar las modificaciones del movimiento de los fondos municipales.<\/p>\n<p class=\"western\" lang=\"es-ES\" align=\"JUSTIFY\">\u2022 Efectuar los tramites para la obtenci\u00f3n de los recursos financieros que se asignen a la municipalidad.<\/p>\n<p class=\"western\" lang=\"es-ES\" align=\"JUSTIFY\">\u2022 Control presupuestario de los gastos de personal.<\/p>\n<p class=\"western\" lang=\"es-ES\" align=\"JUSTIFY\">\u2022 Revisar el comportamiento real de los ingresos y egresos en relaci\u00f3n al Presupuesto de Caja e informar a las unidades que corresponda;<\/p>\n<p class=\"western\" lang=\"es-ES\" align=\"JUSTIFY\">\u2022 Realizar las inversiones de los saldos estacionales de caja en el caso que proceda;<\/p>\n<p class=\"western\" lang=\"es-ES\" align=\"JUSTIFY\">\u2022 Confeccionar el balance anual del municipio, con las debidas notas explicativas sobre el comportamiento del ejercicio presupuestario contable;<\/p>\n<p class=\"western\" lang=\"es-ES\" align=\"JUSTIFY\">\u2022 Estudiar, calcular, fiscalizar y regular la percepci\u00f3n de cualquier tipo de derecho, impuesto u permiso municipal.<\/p>\n<p class=\"western\" lang=\"es-ES\" align=\"JUSTIFY\">\u2022 Proponer al Alcalde las modificaciones y ajustes presupuestarios, que se requieran para la ejecuci\u00f3n del presupuesto.<\/p>\n","protected":false},"excerpt":{"rendered":"<p>Cristian Atala D\u00edaz Director de Administraci\u00f3n y Finanzas \u260e\ufe0f +56 (45) 2 9227 17 \ud83d\udcde +569 95819 49 18 \ud83d\udce7 direcciondefinanzas@muniteodoro.cl La Direcci\u00f3n de Administraci\u00f3n y Finanzas, tendr\u00e1 como objetivo procurar la optima provisi\u00f3n, asignaci\u00f3n y utilizaci\u00f3n de los recursos humanos, econ\u00f3micos y materiales necesarios para el funcionamiento municipal. La Direcci\u00f3n de Administraci\u00f3n y Finanzas [&hellip;]<\/p>\n","protected":false},"author":1,"featured_media":18830,"parent":0,"menu_order":0,"comment_status":"closed","ping_status":"closed","template":"","meta":{"xn-wppe-expiration":[],"xn-wppe-expiration-action":[],"xn-wppe-expiration-prefix":[],"footnotes":""},"class_list":["post-458","page","type-page","status-publish","has-post-thumbnail","hentry"],"publishpress_future_action":{"enabled":false,"date":"2026-04-12 12:25:34","action":"change-status","newStatus":"draft","terms":[],"taxonomy":"","extraData":[]},"publishpress_future_workflow_manual_trigger":{"enabledWorkflows":[]},"_links":{"self":[{"href":"https:\/\/muniteodoro.cl\/portal\/wp-json\/wp\/v2\/pages\/458","targetHints":{"allow":["GET"]}}],"collection":[{"href":"https:\/\/muniteodoro.cl\/portal\/wp-json\/wp\/v2\/pages"}],"about":[{"href":"https:\/\/muniteodoro.cl\/portal\/wp-json\/wp\/v2\/types\/page"}],"author":[{"embeddable":true,"href":"https:\/\/muniteodoro.cl\/portal\/wp-json\/wp\/v2\/users\/1"}],"replies":[{"embeddable":true,"href":"https:\/\/muniteodoro.cl\/portal\/wp-json\/wp\/v2\/comments?post=458"}],"version-history":[{"count":11,"href":"https:\/\/muniteodoro.cl\/portal\/wp-json\/wp\/v2\/pages\/458\/revisions"}],"predecessor-version":[{"id":17977,"href":"https:\/\/muniteodoro.cl\/portal\/wp-json\/wp\/v2\/pages\/458\/revisions\/17977"}],"wp:featuredmedia":[{"embeddable":true,"href":"https:\/\/muniteodoro.cl\/portal\/wp-json\/wp\/v2\/media\/18830"}],"wp:attachment":[{"href":"https:\/\/muniteodoro.cl\/portal\/wp-json\/wp\/v2\/media?parent=458"}],"curies":[{"name":"wp","href":"https:\/\/api.w.org\/{rel}","templated":true}]}}