{"id":523,"date":"2017-02-15T15:33:07","date_gmt":"2017-02-15T15:33:07","guid":{"rendered":"http:\/\/muniteodoro.cl\/portal\/?page_id=523"},"modified":"2024-05-29T12:05:55","modified_gmt":"2024-05-29T16:05:55","slug":"asesor-juridico","status":"publish","type":"page","link":"https:\/\/muniteodoro.cl\/portal\/asesor-juridico\/","title":{"rendered":"ASESOR JUR\u00cdDICO"},"content":{"rendered":"<div id=\"main_content\">\n<div class=\"inner\">\n<div id=\"content\" class=\"full_width\">\n<div class=\"theiaStickySidebar\">\n<div class=\"single_post\">\n<div class=\"single_text\">\n<div class=\"vc_row wpb_row vc_row-fluid\">\n<div class=\"wpb_column vc_column_container vc_col-sm-12\">\n<div class=\"wpb_wrapper\">\n<div class=\"vc_tta-container\" data-vc-action=\"collapse\">\n<div class=\"vc_general vc_tta vc_tta-tabs vc_tta-color-white vc_tta-style-flat vc_tta-shape-square vc_tta-spacing-5 asesoria vc_tta-tabs-position-top vc_tta-controls-align-center\">\n<div class=\"vc_tta-panels-container\">\n<div class=\"vc_tta-panels\">\n<div id=\"1442974178856-b631d67d-89d5\" class=\"vc_tta-panel vc_active\" data-vc-content=\".vc_tta-panel-body\">\n<div class=\"vc_tta-panel-body\">\n<div class=\"vc_row wpb_row vc_inner vc_row-fluid\">\n<div class=\"wpb_column vc_column_container vc_col-sm-6 vc_custom_1445487856487\">\n<div class=\"wpb_wrapper\">\n<div class=\"wpb_text_column wpb_content_element \">\n<div class=\"wpb_wrapper\">\n<div class=\"wpb_column vc_column_container vc_col-sm-6 vc_custom_1445487856487\">\n<div class=\"wpb_wrapper\">\n<div id=\"1442974178856-b631d67d-89d5\" class=\"vc_tta-panel vc_active\" data-vc-content=\".vc_tta-panel-body\">\n<div class=\"vc_tta-panel-body\">\n<div class=\"vc_row wpb_row vc_inner vc_row-fluid\">\n<div class=\"wpb_column vc_column_container vc_col-sm-6 vc_custom_1445487856487\">\n<div class=\"wpb_wrapper\">\n<div class=\"wpb_text_column wpb_content_element \">\n<div class=\"wpb_wrapper\">\n<h4><img fetchpriority=\"high\" decoding=\"async\" class=\"aligncenter size-large wp-image-10910\" src=\"https:\/\/muniteodoro.cl\/portal\/wp-content\/uploads\/2022\/07\/FOTOS-DIRECTORES-WEB-07-1024x576.png\" alt=\"\" width=\"1024\" height=\"576\" srcset=\"https:\/\/muniteodoro.cl\/portal\/wp-content\/uploads\/2022\/07\/FOTOS-DIRECTORES-WEB-07-1024x576.png 1024w, https:\/\/muniteodoro.cl\/portal\/wp-content\/uploads\/2022\/07\/FOTOS-DIRECTORES-WEB-07-300x169.png 300w, https:\/\/muniteodoro.cl\/portal\/wp-content\/uploads\/2022\/07\/FOTOS-DIRECTORES-WEB-07-768x432.png 768w, https:\/\/muniteodoro.cl\/portal\/wp-content\/uploads\/2022\/07\/FOTOS-DIRECTORES-WEB-07-1536x864.png 1536w, https:\/\/muniteodoro.cl\/portal\/wp-content\/uploads\/2022\/07\/FOTOS-DIRECTORES-WEB-07-2048x1152.png 2048w, https:\/\/muniteodoro.cl\/portal\/wp-content\/uploads\/2022\/07\/FOTOS-DIRECTORES-WEB-07-660x371.png 660w\" sizes=\"(max-width: 1024px) 100vw, 1024px\" \/><\/h4>\n<h4><strong>Felipe Gallardo Guevara<br \/>\n<\/strong><em><span lang=\"es-ES\">Abogado<\/span><\/em><\/h4>\n<h4><span lang=\"es-ES\">\ud83d\udce7 <\/span><strong><span lang=\"es-ES\">direccionjuridica<\/span><\/strong><strong><span lang=\"es-ES\">@muniteodoro.cl<\/span><\/strong><\/h4>\n<hr \/>\n<\/div>\n<\/div>\n<\/div>\n<\/div>\n<\/div>\n<\/div>\n<\/div>\n<h4><strong>Funciones:<\/strong><\/h4>\n<div class=\"wpb_text_column wpb_content_element \">\n<div class=\"wpb_wrapper\">\n<p>\u2022 Asesorar legalmente a las distintas Unidades y Departamentos Municipales que requieran de la intervenci\u00f3n jur\u00eddica en materias propias de la funci\u00f3n p\u00fablica Municipal.<\/p>\n<p>\u2022 Asumir la defensa judicial en todos aquellos juicios en que la Municipalidad sea parte y en aquellos recursos de protecci\u00f3n interpuestos en la Corte de Apelaciones de Temuco.<\/p>\n<p>\u2022 Revisar la legalidad de los actos administrativos efectuados por las distintas Unidades y Departamentos Municipales.<\/p>\n<p>\u2022 Elaboraci\u00f3n de informes jur\u00eddicos, pronunciamientos, decretos, oficios y convenios de Colaboraci\u00f3n solicitados por las distintas unidades Municipales y\/o organismos e instituciones externas al Municipio.<\/p>\n<\/div>\n<\/div>\n<\/div>\n<\/div>\n<div class=\"wpb_column vc_column_container vc_col-sm-6\"><\/div>\n<\/div>\n<\/div>\n<\/div>\n<\/div>\n<\/div>\n<\/div>\n<\/div>\n<div id=\"1445485628902-888c0297-8c73\" class=\"vc_tta-panel\" data-vc-content=\".vc_tta-panel-body\"><\/div>\n<\/div>\n<\/div>\n<\/div>\n<\/div>\n<div class=\"vc_grid-container-wrapper vc_clearfix\"><\/div>\n<\/div>\n<\/div>\n<\/div>\n<\/div>\n<div class=\"clear\"><\/div>\n<\/div>\n<\/div>\n<\/div>\n<\/div>\n<div class=\"clear\"><\/div>\n<\/div>\n<div class=\"clear\"><\/div>\n<div id=\"footer_box\"><\/div>\n","protected":false},"excerpt":{"rendered":"<p>Felipe Gallardo Guevara Abogado \ud83d\udce7 direccionjuridica@muniteodoro.cl Funciones: \u2022 Asesorar legalmente a las distintas Unidades y Departamentos Municipales que requieran de la intervenci\u00f3n jur\u00eddica en materias propias de la funci\u00f3n p\u00fablica Municipal. \u2022 Asumir la defensa judicial en todos aquellos juicios en que la Municipalidad sea parte y en aquellos recursos de protecci\u00f3n interpuestos en la [&hellip;]<\/p>\n","protected":false},"author":1,"featured_media":658,"parent":0,"menu_order":0,"comment_status":"closed","ping_status":"closed","template":"","meta":{"xn-wppe-expiration":[],"xn-wppe-expiration-action":[],"xn-wppe-expiration-prefix":[],"footnotes":""},"class_list":["post-523","page","type-page","status-publish","has-post-thumbnail","hentry"],"publishpress_future_action":{"enabled":false,"date":"2026-04-23 04:22:55","action":"change-status","newStatus":"draft","terms":[],"taxonomy":"","extraData":[]},"publishpress_future_workflow_manual_trigger":{"enabledWorkflows":[]},"_links":{"self":[{"href":"https:\/\/muniteodoro.cl\/portal\/wp-json\/wp\/v2\/pages\/523","targetHints":{"allow":["GET"]}}],"collection":[{"href":"https:\/\/muniteodoro.cl\/portal\/wp-json\/wp\/v2\/pages"}],"about":[{"href":"https:\/\/muniteodoro.cl\/portal\/wp-json\/wp\/v2\/types\/page"}],"author":[{"embeddable":true,"href":"https:\/\/muniteodoro.cl\/portal\/wp-json\/wp\/v2\/users\/1"}],"replies":[{"embeddable":true,"href":"https:\/\/muniteodoro.cl\/portal\/wp-json\/wp\/v2\/comments?post=523"}],"version-history":[{"count":16,"href":"https:\/\/muniteodoro.cl\/portal\/wp-json\/wp\/v2\/pages\/523\/revisions"}],"predecessor-version":[{"id":17987,"href":"https:\/\/muniteodoro.cl\/portal\/wp-json\/wp\/v2\/pages\/523\/revisions\/17987"}],"wp:featuredmedia":[{"embeddable":true,"href":"https:\/\/muniteodoro.cl\/portal\/wp-json\/wp\/v2\/media\/658"}],"wp:attachment":[{"href":"https:\/\/muniteodoro.cl\/portal\/wp-json\/wp\/v2\/media?parent=523"}],"curies":[{"name":"wp","href":"https:\/\/api.w.org\/{rel}","templated":true}]}}