{"id":604,"date":"2017-02-23T18:51:57","date_gmt":"2017-02-23T18:51:57","guid":{"rendered":"http:\/\/muniteodoro.cl\/portal\/?page_id=604"},"modified":"2025-02-07T11:13:37","modified_gmt":"2025-02-07T14:13:37","slug":"direccion-de-seguridad-publica","status":"publish","type":"page","link":"https:\/\/muniteodoro.cl\/portal\/direccion-de-seguridad-publica\/","title":{"rendered":"DIRECCION DE SEGURIDAD P\u00daBLICA"},"content":{"rendered":"<h3><img fetchpriority=\"high\" decoding=\"async\" class=\"aligncenter size-large wp-image-10890\" src=\"http:\/\/muniteodoro.cl\/portal\/wp-content\/uploads\/2017\/02\/Jaime-Garcia-Sanchez-Director-de-Control-1.jpg\" alt=\"\" width=\"1024\" height=\"576\" \/><\/h3>\n<h4><strong>Jaime Garcia Sanchez<br \/>\n<\/strong><em><span lang=\"es-ES\">Director de Seguridad Publica<\/span><\/em><\/h4>\n<h4>\ud83d\udcde +56452922715<br \/>\n<span lang=\"es-ES\">\ud83d\udce7\u00a0<\/span><strong><span lang=\"es-ES\">seguridadpublica@muniteodoro.cl<\/span><\/strong><\/h4>\n<hr \/>\n<p>La Direcci\u00f3n de Seguridad Publica tendr\u00e1 como objetivo, el apoyo y fomento de medidas de prevenci\u00f3n ciudadana y colaborar en su implementaci\u00f3n, sin perjuicio de lo dispuesto en el inciso segundo del articulo 101 de la Constituci\u00f3n Pol\u00edtica.<\/p>\n<p>La Direcci\u00f3n de Seguridad Publica, tendr\u00e1 las siguientes funciones:<\/p>\n<p>&nbsp;<\/p>\n<p>a) Asesorar al Alcalde y al Concejo, en materias de Seguridad Publica.<\/p>\n<p style=\"text-align: justify;\">b) Desarrollar, implementar y promover directamente y\/o en coordinaci\u00f3n con otros organismos p\u00fablicos o privados, la ejecuci\u00f3n de planes, programas y acciones en materias de prevenci\u00f3n social y situacional del delito u otras situaciones que alteren la seguridad de las personas.<\/p>\n<p>c) Dise\u00f1ar una Estrategia Comunal participativa en seguridad publica a trav\u00e9s de la incorporaci\u00f3n de la comunidad organizada, organismos p\u00fablicos competentes y los organismos policiales<\/p>\n<p>d) Ejecutar programas de prevenci\u00f3n, asistencia y orientaci\u00f3n a v\u00edctimas de delitos, as\u00ed como tambi\u00e9n, acciones que eviten la reincidencia delictual; coordinando su accionar con\u00a0 diversas instituciones y organizaciones.<\/p>\n<p>e)\u00a0 Asistir y orientar en la formulaci\u00f3n y ejecuci\u00f3n de proyectos del Programa de seguridad publica y\/o ciudadana.<\/p>\n<p style=\"text-align: justify;\">f)\u00a0\u00a0 Apoyar a las organizaciones sociales en la coordinaci\u00f3n e implementaci\u00f3n de Planes de seguridad<\/p>\n<p style=\"text-align: justify;\">g)\u00a0 Dise\u00f1ar, Organizar, Desarrollar, Dirigir\u00a0 actividades y acciones preventivas relacionadas con la seguridad publica en el territorio de la comuna.<\/p>\n<p style=\"text-align: justify;\">h)\u00a0 Apoyar a las distintas unidades municipales cuando se produzcan situaciones de emergencia en la comuna.<\/p>\n<p style=\"text-align: justify;\">i)\u00a0\u00a0\u00a0\u00a0\u00a0 Programar, organizar, dirigir y ejecutar actividades relacionadas con la supervision y control de los planes de prevenci\u00f3n, emergencias \u00a0y rehabilitaci\u00f3n comunal.<\/p>\n<p style=\"text-align: justify;\">j)\u00a0\u00a0 Otras funciones que la ley se\u00f1ale o que la autoridad superior asigne, pertinente a la funci\u00f3n de seguridad publica.<\/p>\n","protected":false},"excerpt":{"rendered":"<p>Jaime Garcia Sanchez Director de Seguridad Publica \ud83d\udcde +56452922715 \ud83d\udce7\u00a0seguridadpublica@muniteodoro.cl La Direcci\u00f3n de Seguridad Publica tendr\u00e1 como objetivo, el apoyo y fomento de medidas de prevenci\u00f3n ciudadana y colaborar en su implementaci\u00f3n, sin perjuicio de lo dispuesto en el inciso segundo del articulo 101 de la Constituci\u00f3n Pol\u00edtica. La Direcci\u00f3n de Seguridad Publica, tendr\u00e1 las [&hellip;]<\/p>\n","protected":false},"author":1,"featured_media":18834,"parent":0,"menu_order":0,"comment_status":"closed","ping_status":"closed","template":"","meta":{"xn-wppe-expiration":[],"xn-wppe-expiration-action":[],"xn-wppe-expiration-prefix":[],"footnotes":""},"class_list":["post-604","page","type-page","status-publish","has-post-thumbnail","hentry"],"publishpress_future_action":{"enabled":false,"date":"2026-04-17 01:21:24","action":"change-status","newStatus":"draft","terms":[],"taxonomy":"","extraData":[]},"publishpress_future_workflow_manual_trigger":{"enabledWorkflows":[]},"_links":{"self":[{"href":"https:\/\/muniteodoro.cl\/portal\/wp-json\/wp\/v2\/pages\/604","targetHints":{"allow":["GET"]}}],"collection":[{"href":"https:\/\/muniteodoro.cl\/portal\/wp-json\/wp\/v2\/pages"}],"about":[{"href":"https:\/\/muniteodoro.cl\/portal\/wp-json\/wp\/v2\/types\/page"}],"author":[{"embeddable":true,"href":"https:\/\/muniteodoro.cl\/portal\/wp-json\/wp\/v2\/users\/1"}],"replies":[{"embeddable":true,"href":"https:\/\/muniteodoro.cl\/portal\/wp-json\/wp\/v2\/comments?post=604"}],"version-history":[{"count":10,"href":"https:\/\/muniteodoro.cl\/portal\/wp-json\/wp\/v2\/pages\/604\/revisions"}],"predecessor-version":[{"id":17996,"href":"https:\/\/muniteodoro.cl\/portal\/wp-json\/wp\/v2\/pages\/604\/revisions\/17996"}],"wp:featuredmedia":[{"embeddable":true,"href":"https:\/\/muniteodoro.cl\/portal\/wp-json\/wp\/v2\/media\/18834"}],"wp:attachment":[{"href":"https:\/\/muniteodoro.cl\/portal\/wp-json\/wp\/v2\/media?parent=604"}],"curies":[{"name":"wp","href":"https:\/\/api.w.org\/{rel}","templated":true}]}}