{"id":612,"date":"2017-02-27T12:20:07","date_gmt":"2017-02-27T12:20:07","guid":{"rendered":"http:\/\/muniteodoro.cl\/portal\/?page_id=612"},"modified":"2025-02-07T11:16:25","modified_gmt":"2025-02-07T14:16:25","slug":"departamento-de-salud-municipal","status":"publish","type":"page","link":"https:\/\/muniteodoro.cl\/portal\/departamento-de-salud-municipal\/","title":{"rendered":"DEPARTAMENTO DE SALUD MUNICIPAL"},"content":{"rendered":"<h3><img fetchpriority=\"high\" decoding=\"async\" class=\"aligncenter size-large wp-image-10890\" src=\"https:\/\/muniteodoro.cl\/portal\/wp-content\/uploads\/2022\/07\/FOTOS-DIRECTORES-WEB-04-1024x576.png\" alt=\"\" width=\"1024\" height=\"576\" srcset=\"https:\/\/muniteodoro.cl\/portal\/wp-content\/uploads\/2022\/07\/FOTOS-DIRECTORES-WEB-04-1024x576.png 1024w, https:\/\/muniteodoro.cl\/portal\/wp-content\/uploads\/2022\/07\/FOTOS-DIRECTORES-WEB-04-300x169.png 300w, https:\/\/muniteodoro.cl\/portal\/wp-content\/uploads\/2022\/07\/FOTOS-DIRECTORES-WEB-04-768x432.png 768w, https:\/\/muniteodoro.cl\/portal\/wp-content\/uploads\/2022\/07\/FOTOS-DIRECTORES-WEB-04-1536x864.png 1536w, https:\/\/muniteodoro.cl\/portal\/wp-content\/uploads\/2022\/07\/FOTOS-DIRECTORES-WEB-04-2048x1152.png 2048w, https:\/\/muniteodoro.cl\/portal\/wp-content\/uploads\/2022\/07\/FOTOS-DIRECTORES-WEB-04-660x371.png 660w\" sizes=\"(max-width: 1024px) 100vw, 1024px\" \/><\/h3>\n<h4><strong>Hern\u00e1n Torres Fuentealba<br \/>\n<\/strong><em><span lang=\"es-ES\">Director de Salud Municipal<\/span><\/em><\/h4>\n<h4>\ud83d\udcde +569 5819 49 40<br \/>\n<span lang=\"es-ES\">\ud83d\udce7\u00a0<\/span><strong><span lang=\"es-ES\">direccion.dsm@muniteodoro.cl<\/span><\/strong><\/h4>\n<hr \/>\n<p class=\"western\" lang=\"es-ES\" style=\"text-align: left;\" align=\"JUSTIFY\">El <strong>Departamento de Salud Municipal<\/strong> tendr\u00e1 como objetivo, asegurar la optima entrega de las atenciones que otorgan los servicios de salud municipalizados, como tambi\u00e9n velar por el saneamiento ambiental de la comuna.<\/p>\n<h4 style=\"text-align: left;\"><strong>El Departamento de Salud Municipal tendr\u00e1 las siguientes funciones generales :<\/strong><br \/>\n<strong><br \/>\n<\/strong><\/h4>\n<p class=\"western\" lang=\"es-ES\" style=\"text-align: left;\" align=\"JUSTIFY\">\u2022 Administrar los establecimientos de salud municipal en conformidad con las disposiciones legales vigentes.<strong><br \/>\n<\/strong><\/p>\n<p class=\"western\" lang=\"es-ES\" style=\"text-align: left;\" align=\"JUSTIFY\">\u2022 Proveer los recursos necesarios para el normal funcionamiento de los servicios asistenciales y\/o entrega de las prestaciones que correspondan.<\/p>\n<p class=\"western\" lang=\"es-ES\" align=\"JUSTIFY\">\u2022 Velar por el cumplimiento de las normas, planes y programas que haya impartido o imparta el Ministerio de Salud.<\/p>\n<p class=\"western\" lang=\"es-ES\" align=\"JUSTIFY\">\u2022 Elaborar y desarrollar programas de higiene ambiental, como asimismo otros programas que tienden a la prevenci\u00f3n, detecci\u00f3n y tratamiento de enfermedades de los beneficiarios del sistema de salud primaria, en coordinaci\u00f3n con entidades privadas y con los organismos del Ministerio de Salud que corresponda.<\/p>\n<p class=\"western\" lang=\"es-ES\" align=\"JUSTIFY\">\u2022 Coordinar con otras entidades municipales cuando corresponda, las acciones extra program\u00e1ticas que tengan relaci\u00f3n con la salud de la poblaci\u00f3n atendida, dentro de las normas vigentes.<\/p>\n<p><strong style=\"font-size: 12.16px; line-height: 15.808px;\">\u00a0<\/strong><\/p>\n","protected":false},"excerpt":{"rendered":"<p>Hern\u00e1n Torres Fuentealba Director de Salud Municipal \ud83d\udcde +569 5819 49 40 \ud83d\udce7\u00a0direccion.dsm@muniteodoro.cl El Departamento de Salud Municipal tendr\u00e1 como objetivo, asegurar la optima entrega de las atenciones que otorgan los servicios de salud municipalizados, como tambi\u00e9n velar por el saneamiento ambiental de la comuna. El Departamento de Salud Municipal tendr\u00e1 las siguientes funciones generales [&hellip;]<\/p>\n","protected":false},"author":1,"featured_media":18836,"parent":0,"menu_order":0,"comment_status":"closed","ping_status":"closed","template":"","meta":{"xn-wppe-expiration":[],"xn-wppe-expiration-action":[],"xn-wppe-expiration-prefix":[],"footnotes":""},"class_list":["post-612","page","type-page","status-publish","has-post-thumbnail","hentry"],"publishpress_future_action":{"enabled":false,"date":"2026-04-20 05:58:01","action":"change-status","newStatus":"draft","terms":[],"taxonomy":"","extraData":[]},"publishpress_future_workflow_manual_trigger":{"enabledWorkflows":[]},"_links":{"self":[{"href":"https:\/\/muniteodoro.cl\/portal\/wp-json\/wp\/v2\/pages\/612","targetHints":{"allow":["GET"]}}],"collection":[{"href":"https:\/\/muniteodoro.cl\/portal\/wp-json\/wp\/v2\/pages"}],"about":[{"href":"https:\/\/muniteodoro.cl\/portal\/wp-json\/wp\/v2\/types\/page"}],"author":[{"embeddable":true,"href":"https:\/\/muniteodoro.cl\/portal\/wp-json\/wp\/v2\/users\/1"}],"replies":[{"embeddable":true,"href":"https:\/\/muniteodoro.cl\/portal\/wp-json\/wp\/v2\/comments?post=612"}],"version-history":[{"count":11,"href":"https:\/\/muniteodoro.cl\/portal\/wp-json\/wp\/v2\/pages\/612\/revisions"}],"predecessor-version":[{"id":17985,"href":"https:\/\/muniteodoro.cl\/portal\/wp-json\/wp\/v2\/pages\/612\/revisions\/17985"}],"wp:featuredmedia":[{"embeddable":true,"href":"https:\/\/muniteodoro.cl\/portal\/wp-json\/wp\/v2\/media\/18836"}],"wp:attachment":[{"href":"https:\/\/muniteodoro.cl\/portal\/wp-json\/wp\/v2\/media?parent=612"}],"curies":[{"name":"wp","href":"https:\/\/api.w.org\/{rel}","templated":true}]}}