{"id":629,"date":"2017-02-27T15:50:24","date_gmt":"2017-02-27T15:50:24","guid":{"rendered":"http:\/\/muniteodoro.cl\/portal\/?page_id=629"},"modified":"2025-02-07T11:20:52","modified_gmt":"2025-02-07T14:20:52","slug":"sectretaria-de-planificacion-comunal","status":"publish","type":"page","link":"https:\/\/muniteodoro.cl\/portal\/sectretaria-de-planificacion-comunal\/","title":{"rendered":"SECRETAR\u00cdA DE PLANIFICACI\u00d3N COMUNAL"},"content":{"rendered":"<h4><strong><em><img fetchpriority=\"high\" decoding=\"async\" class=\"aligncenter size-large wp-image-18542\" src=\"https:\/\/muniteodoro.cl\/portal\/wp-content\/uploads\/2024\/12\/IMG_9795-1024x576.jpg\" alt=\"\" width=\"1024\" height=\"576\" srcset=\"https:\/\/muniteodoro.cl\/portal\/wp-content\/uploads\/2024\/12\/IMG_9795-1024x576.jpg 1024w, https:\/\/muniteodoro.cl\/portal\/wp-content\/uploads\/2024\/12\/IMG_9795-300x169.jpg 300w, https:\/\/muniteodoro.cl\/portal\/wp-content\/uploads\/2024\/12\/IMG_9795-768x432.jpg 768w, https:\/\/muniteodoro.cl\/portal\/wp-content\/uploads\/2024\/12\/IMG_9795-1536x864.jpg 1536w, https:\/\/muniteodoro.cl\/portal\/wp-content\/uploads\/2024\/12\/IMG_9795-2048x1152.jpg 2048w, https:\/\/muniteodoro.cl\/portal\/wp-content\/uploads\/2024\/12\/IMG_9795-660x371.jpg 660w\" sizes=\"(max-width: 1024px) 100vw, 1024px\" \/><\/em><\/strong><\/h4>\n<h4><strong>Mario Gallegos Iba\u00f1ez<br \/>\n<\/strong><strong><em>Director Secretar\u00eda de Planificaci\u00f3n Comunal<\/em><\/strong><\/h4>\n<p>\u260e\ufe0f <strong>+56 (45) <span lang=\"es-ES\">2 9227 29<br \/>\n<\/span>\ud83d\udcf1 +56 9 581 949 30\u00a0<\/strong><br \/>\n<span lang=\"es-ES\">\ud83d\udce7 <\/span><strong><span lang=\"es-ES\">direccionsecplac@muniteodoro.cl<\/span><\/strong><\/p>\n<hr \/>\n<p>La Secretaria Comunal de Planificaci\u00f3n ser\u00e1 la unidad asesora del Alcalde y del Concejo en la elaboraci\u00f3n de la estrategia municipal, como asimismo en la definici\u00f3n de las pol\u00edticas y en la elaboraci\u00f3n, coordinaci\u00f3n y evaluaci\u00f3n de los planes, programas y proyectos de desarrollo Comunal.<\/p>\n<h4><strong>La Secretaria Comunal de Planificaci\u00f3n deber\u00e1 cumplir con las siguientes funciones principales:<\/strong><\/h4>\n<p>\u2022 Servir de secretaria t\u00e9cnica permanente del Alcalde y del Concejo en la formulaci\u00f3n de la estrategia municipal, como asimismo de las pol\u00edticas, planes, programas y proyectos de desarrollo de la Comuna.<\/p>\n<p>\u2022 Asesorar al Alcalde en la elaboraci\u00f3n de los proyectos de plan comunal de desarrollo y de presupuesto municipal, e informar sobre estas materias al Concejo, a lo menos semestralmente.<\/p>\n<p>\u2022 Evaluar el cumplimiento de los planes, programas, proyectos, inversiones y el presupuesto municipal e informar sobre estas materias al Alcalde y al Concejo.<\/p>\n<p>\u2022 Efectuar an\u00e1lisis\u00a0 y evaluaciones permanentes de la situaci\u00f3n de desarrollo de la comuna, con \u00e9nfasis en los aspectos sociales y territoriales.<\/p>\n<p>\u2022 Elaborar las bases generales y especificas, seg\u00fan corresponda, para los llamados a licitaci\u00f3n, previo informe de la unidad competente, de conformidad con los criterios e instrucciones establecidos en el reglamento municipal respectivo.<\/p>\n<p>\u2022 Fomentar vinculaciones de car\u00e1cter t\u00e9cnico con los servicios p\u00fablicos y con el sector privado de la comuna.<\/p>\n<p>\u2022 Recopilar y mantener la informaci\u00f3n comunal y regional atingente a sus funciones.<\/p>\n<p>\u2022 Orientar el desarrollo territorial y social de la Comuna, a trav\u00e9s de planes, programas y proyectos.<\/p>\n<h4><strong>Le corresponder\u00e1 cumplir a la Secretaria Comunal de Planificaci\u00f3n las siguientes funciones especificas:<\/strong><\/h4>\n<p>\u2022 Tomar conocimiento y mantener registros de todas las acciones y proyectos que preparen o est\u00e9n aplicando en la comuna los servicios del estado y sector privado, con fines de coordinaci\u00f3n y planificaci\u00f3n.<\/p>\n<p>\u2022 Tomar conocimiento y mantener registro de las distintas fuentes de financiamiento, donde el municipio pueda acceder para obtener recursos, tanto a nivel Nacional, regional, publico o privado.<\/p>\n<p>\u2022 Estudiar y proponer las medidas tendientes a prevenir el deterioro ambiental y la contaminaci\u00f3n.<\/p>\n<p>\u2022 Proponer programas y proyectos espec\u00edficos en el \u00e1rea territorial y social comunal.<\/p>\n<p>\u2022 Mantener contacto permanente con la Secretaria Regional de Planificaci\u00f3n y Coordinaci\u00f3n <strong>(SECPLAC)<\/strong>, a fin de conocer el estado de avance de los proyectos postulados, as\u00ed como de los programas de inversi\u00f3n Regional.<\/p>\n<p>\u2022 Responsable de la Correcta postulaci\u00f3n de los Proyectos de Inversi\u00f3n Municipal y de su seguimiento.<\/p>\n<p>\u2022 Elaborar las Bases Administrativas Especiales, llamar a propuestas y tramite administrativo de los proyectos municipales y de Servicios Traspasado y\/o de terceros.<\/p>\n<p>\u2022 Estudiar y proponer medidas y normas destinadas al adecuado uso del suelo comunal, en conformidad a las pol\u00edticas nacionales de desarro\u00adllo territorial.<\/p>\n<p>\u2022 Evaluar el cumplimiento del plan de desarrollo comunal en su aspecto financiero, presupuestario, social y territorial, etc.<\/p>\n<p>\u2022 Elaborar, proponer y programar\u00a0 en coordinaci\u00f3n con otros departa\u00admentos municipales, la inversi\u00f3n municipal en el \u00e1rea administrativa interna.<\/p>\n<p>\u2022 Preparar en coordinaci\u00f3n con la Direcci\u00f3n de Administraci\u00f3n y Finan\u00adzas el plan Financiero &#8211; Presupuestario Municipal con\u00adforme al Plan de Desarrollo Comunal.<\/p>\n<p>\u2022 Solicitar el requerimiento presupuestario de las obras y programas en ejecuci\u00f3n, en los que se encuentra comprometida la inversi\u00f3n municipal, y controlar su ejecuci\u00f3n.<\/p>\n<p>\u2022 Dise\u00f1ar, implementar y mantener al d\u00eda un registro de contratistas, consultores y profesionales.<\/p>\n<p>\u2022 Asesorar t\u00e9cnicamente y proporcionar la informaci\u00f3n que corresponda a las unidades municipales, a los servicios p\u00fablicos de la comuna y a las organizaciones intermedias que as\u00ed lo requieran, en las mate\u00adrias propias de su competencia.<\/p>\n<p>\u2022 Efectuar saneamiento legal de bienes inmuebles municipales que se encuentren en situaci\u00f3n irregular.<\/p>\n<p>\u2022 Preparar y consolidar la Cuenta Publica que el Alcalde debe entregar anualmente al Concejo Municipal, para lo cual solicitara, a cada Director de Unidad, en el mes de Enero de cada ano, una memoria de su gesti\u00f3n realizada.<\/p>\n<p>\u2022 Administrar los activos municipales como estadios, gimnasio, terminales, o bienes nacionales de uso publico, en cuanto a su utilizaci\u00f3n como concesiones, ventas, remates y otros.<\/p>\n","protected":false},"excerpt":{"rendered":"<p>Mario Gallegos Iba\u00f1ez Director Secretar\u00eda de Planificaci\u00f3n Comunal \u260e\ufe0f +56 (45) 2 9227 29 \ud83d\udcf1 +56 9 581 949 30\u00a0 \ud83d\udce7 direccionsecplac@muniteodoro.cl La Secretaria Comunal de Planificaci\u00f3n ser\u00e1 la unidad asesora del Alcalde y del Concejo en la elaboraci\u00f3n de la estrategia municipal, como asimismo en la definici\u00f3n de las pol\u00edticas y en la elaboraci\u00f3n, [&hellip;]<\/p>\n","protected":false},"author":1,"featured_media":18838,"parent":0,"menu_order":0,"comment_status":"closed","ping_status":"closed","template":"","meta":{"xn-wppe-expiration":[],"xn-wppe-expiration-action":[],"xn-wppe-expiration-prefix":[],"footnotes":""},"class_list":["post-629","page","type-page","status-publish","has-post-thumbnail","hentry"],"publishpress_future_action":{"enabled":false,"date":"2026-04-19 06:49:46","action":"change-status","newStatus":"draft","terms":[],"taxonomy":"","extraData":[]},"publishpress_future_workflow_manual_trigger":{"enabledWorkflows":[]},"_links":{"self":[{"href":"https:\/\/muniteodoro.cl\/portal\/wp-json\/wp\/v2\/pages\/629","targetHints":{"allow":["GET"]}}],"collection":[{"href":"https:\/\/muniteodoro.cl\/portal\/wp-json\/wp\/v2\/pages"}],"about":[{"href":"https:\/\/muniteodoro.cl\/portal\/wp-json\/wp\/v2\/types\/page"}],"author":[{"embeddable":true,"href":"https:\/\/muniteodoro.cl\/portal\/wp-json\/wp\/v2\/users\/1"}],"replies":[{"embeddable":true,"href":"https:\/\/muniteodoro.cl\/portal\/wp-json\/wp\/v2\/comments?post=629"}],"version-history":[{"count":15,"href":"https:\/\/muniteodoro.cl\/portal\/wp-json\/wp\/v2\/pages\/629\/revisions"}],"predecessor-version":[{"id":18543,"href":"https:\/\/muniteodoro.cl\/portal\/wp-json\/wp\/v2\/pages\/629\/revisions\/18543"}],"wp:featuredmedia":[{"embeddable":true,"href":"https:\/\/muniteodoro.cl\/portal\/wp-json\/wp\/v2\/media\/18838"}],"wp:attachment":[{"href":"https:\/\/muniteodoro.cl\/portal\/wp-json\/wp\/v2\/media?parent=629"}],"curies":[{"name":"wp","href":"https:\/\/api.w.org\/{rel}","templated":true}]}}