{"id":638,"date":"2017-02-27T16:12:07","date_gmt":"2017-02-27T16:12:07","guid":{"rendered":"http:\/\/muniteodoro.cl\/portal\/?page_id=638"},"modified":"2026-03-09T12:45:51","modified_gmt":"2026-03-09T15:45:51","slug":"juzgado-de-policia-local","status":"publish","type":"page","link":"https:\/\/muniteodoro.cl\/portal\/juzgado-de-policia-local\/","title":{"rendered":"JUZGADO DE POLICIA LOCAL"},"content":{"rendered":"<h3><span style=\"color: #000000;\">Director: <span lang=\"es-ES\">NELSON CASTRO ESPINOZA<\/span><\/span><\/h3>\n<p><span lang=\"es-ES\" style=\"color: #000000;\"><img fetchpriority=\"high\" decoding=\"async\" class=\"size-medium wp-image-640 alignright\" src=\"http:\/\/muniteodoro.cl\/portal\/wp-content\/uploads\/2017\/02\/Nelson-Castro-Espinoza-247x300.jpg\" alt=\"\" width=\"247\" height=\"300\" srcset=\"https:\/\/muniteodoro.cl\/portal\/wp-content\/uploads\/2017\/02\/Nelson-Castro-Espinoza-247x300.jpg 247w, https:\/\/muniteodoro.cl\/portal\/wp-content\/uploads\/2017\/02\/Nelson-Castro-Espinoza-768x933.jpg 768w, https:\/\/muniteodoro.cl\/portal\/wp-content\/uploads\/2017\/02\/Nelson-Castro-Espinoza-842x1024.jpg 842w, https:\/\/muniteodoro.cl\/portal\/wp-content\/uploads\/2017\/02\/Nelson-Castro-Espinoza-660x802.jpg 660w\" sizes=\"(max-width: 247px) 100vw, 247px\" \/><\/span><\/p>\n<h4><span style=\"color: #000000;\">Fono: +45 292 27 66\u00a0<\/span><\/h4>\n<p>&nbsp;<\/p>\n<h4><span lang=\"es-ES\" style=\"color: #000000;\">Email:<\/span><\/h4>\n<h4><span lang=\"es-ES\" style=\"color: #000000;\"><a href=\"mailto:eleccionesteodoro@gmail.com\">eleccionesteodoro@gmail.com<\/a> | Descargo de Elecciones por no sufragio<br \/>\n<a href=\"mailto:munijuzgado@gmail.com\">munijuzgado@gmail.com<\/a> | Dudas y consultas generales<\/span><\/h4>\n<p><span style=\"color: #000000;\"><strong>Funciones del Juzgado de Polic\u00eda Local<\/strong><\/span><\/p>\n<p><span style=\"color: #000000;\">Sus funciones son la de administrar y velar por una justicia igualitaria dentro de la comuna en todas las \u00e1reas en que la ley le ha facultado.<\/span><\/p>\n<ul>\n<li><span style=\"color: #000000;\">Infracciones de Tr\u00e1nsito y Transporte (partes empadronado, licencias vencidas, etc)<\/span><\/li>\n<li><span style=\"color: #000000;\">Infracciones de Ordenanzas, Reglamentos y Decretos Alcaldicios.<\/span><\/li>\n<li><span style=\"color: #000000;\">Infracciones tales como Rentas municipales, Ley General de Urbanismo y Construcciones, Ley de Calificaci\u00f3n Cinematogr\u00e1fica, Pavimentaci\u00f3n, Alcohol, Pesca y Caza, vigilantes Privados.<\/span><\/li>\n<\/ul>\n<p>&nbsp;<\/p>\n<p>\u00bfNecesita formularios para presentar antecedentes? Aqu\u00ed podr\u00e1 descargarlos, completarlos y firmarlos, adjuntando, en caso de ser necesario, los medios de prueba que estime pertinentes.<br \/>\n<strong>\u00a1Descarga aqu\u00ed los siguientes formularios!<\/strong><\/p>\n<p>\u2022 <a href=\"https:\/\/muniteodoro.cl\/portal\/wp-content\/uploads\/2026\/03\/FORMULARIO-EBRIEDAD-plataforma.docx\">FORMULARIO EBRIEDAD\u00a0<\/a><\/p>\n<p>\u2022 <a href=\"https:\/\/muniteodoro.cl\/portal\/wp-content\/uploads\/2026\/03\/FORMULARIO-MIEMBRO-COLEGIO-servel-plataforma.docx\">FORMULARIO MIEMBRO COLEGIO servel<\/a><\/p>\n<p>\u2022 <a href=\"https:\/\/muniteodoro.cl\/portal\/wp-content\/uploads\/2026\/03\/FORMULARIO-RECONSIDERACION-plataforma.docx\">FORMULARIO RECONSIDERACION<\/a><\/p>\n<p>\u2022 <a href=\"https:\/\/muniteodoro.cl\/portal\/wp-content\/uploads\/2026\/03\/FORMULARIO-SUGRAGAR-servel-plataforma.docx\">FORMULARIO SUGRAGAR servel<\/a><\/p>\n<p>\u2022 <a href=\"https:\/\/muniteodoro.cl\/portal\/wp-content\/uploads\/2026\/03\/FORMULARIO-TRANSITO-plataforma.docx\">FORMULARIO TRANSITO<\/a><\/p>\n<p>\u2022<a href=\"https:\/\/muniteodoro.cl\/portal\/wp-content\/uploads\/2026\/03\/FORMULARIO-VOCAL-de-mesa-servel-plataforma.docx\"> FORMULARIO VOCAL de mesa servel<\/a><\/p>\n<p>&nbsp;<\/p>\n<p><span style=\"font-size: 12.0pt; font-family: 'Arial',sans-serif;\">Respecto de los <span style=\"font-family: 'Arial',sans-serif;\">formularios de tr\u00e1nsito, reconsideraci\u00f3n e infracciones por ingerir licor en la v\u00eda p\u00fablica o transitar en evidente estado de ebriedad<\/span>, su finalidad es <span style=\"font-family: 'Arial',sans-serif;\">agilizar la atenci\u00f3n<\/span>, permitiendo que los usuarios traigan su escrito ya preparado y as\u00ed evitar demoras en el mes\u00f3n de atenci\u00f3n. No obstante, <span style=\"font-family: 'Arial',sans-serif;\">deben presentarse personalmente en el Juzgado con su citaci\u00f3n<\/span>, ya que en ese acto se dictar\u00e1 sentencia y, si corresponde, se har\u00e1 entrega de la documentaci\u00f3n retenida. Por lo tanto, <span style=\"font-family: 'Arial',sans-serif;\">no deben enviarse al correo del Juzgado<\/span>.<\/span><\/p>\n<p><span style=\"font-size: 12.0pt; font-family: 'Arial',sans-serif;\">En cambio, las <span style=\"font-family: 'Arial',sans-serif;\">excusas por no concurrir a sufragar, vocal de mesa o miembro de colegio escrutador<\/span> s\u00ed pueden enviarse al correo <span style=\"font-family: 'Arial',sans-serif;\"><a href=\"mailto:eleccionesteodoro@gmail.com\">eleccionesteodoro@gmail.com<\/a><\/span>, y ser\u00e1n respondidas en un <span style=\"font-family: 'Arial',sans-serif;\">plazo m\u00e1ximo de 5 d\u00edas<\/span>.<\/span><\/p>\n<p>&nbsp;<\/p>\n","protected":false},"excerpt":{"rendered":"<p>Director: NELSON CASTRO ESPINOZA Fono: +45 292 27 66\u00a0 &nbsp; Email: eleccionesteodoro@gmail.com | Descargo de Elecciones por no sufragio munijuzgado@gmail.com | Dudas y consultas generales Funciones del Juzgado de Polic\u00eda Local Sus funciones son la de administrar y velar por una justicia igualitaria dentro de la comuna en todas las \u00e1reas en que la ley [&hellip;]<\/p>\n","protected":false},"author":1,"featured_media":18841,"parent":0,"menu_order":0,"comment_status":"closed","ping_status":"closed","template":"","meta":{"xn-wppe-expiration":[],"xn-wppe-expiration-action":[],"xn-wppe-expiration-prefix":[],"footnotes":""},"class_list":["post-638","page","type-page","status-publish","has-post-thumbnail","hentry"],"publishpress_future_action":{"enabled":false,"date":"2026-04-20 05:58:01","action":"change-status","newStatus":"draft","terms":[],"taxonomy":"","extraData":[]},"publishpress_future_workflow_manual_trigger":{"enabledWorkflows":[]},"_links":{"self":[{"href":"https:\/\/muniteodoro.cl\/portal\/wp-json\/wp\/v2\/pages\/638","targetHints":{"allow":["GET"]}}],"collection":[{"href":"https:\/\/muniteodoro.cl\/portal\/wp-json\/wp\/v2\/pages"}],"about":[{"href":"https:\/\/muniteodoro.cl\/portal\/wp-json\/wp\/v2\/types\/page"}],"author":[{"embeddable":true,"href":"https:\/\/muniteodoro.cl\/portal\/wp-json\/wp\/v2\/users\/1"}],"replies":[{"embeddable":true,"href":"https:\/\/muniteodoro.cl\/portal\/wp-json\/wp\/v2\/comments?post=638"}],"version-history":[{"count":15,"href":"https:\/\/muniteodoro.cl\/portal\/wp-json\/wp\/v2\/pages\/638\/revisions"}],"predecessor-version":[{"id":19980,"href":"https:\/\/muniteodoro.cl\/portal\/wp-json\/wp\/v2\/pages\/638\/revisions\/19980"}],"wp:featuredmedia":[{"embeddable":true,"href":"https:\/\/muniteodoro.cl\/portal\/wp-json\/wp\/v2\/media\/18841"}],"wp:attachment":[{"href":"https:\/\/muniteodoro.cl\/portal\/wp-json\/wp\/v2\/media?parent=638"}],"curies":[{"name":"wp","href":"https:\/\/api.w.org\/{rel}","templated":true}]}}